{"id":83801,"date":"2019-05-13T11:04:51","date_gmt":"2019-05-13T09:04:51","guid":{"rendered":"https:\/\/territorialchallenges.com\/?page_id=83801"},"modified":"2025-09-15T09:03:17","modified_gmt":"2025-09-15T07:03:17","slug":"a-propos","status":"publish","type":"page","link":"https:\/\/territorialchallenges.com\/pt\/a-propos\/","title":{"rendered":"Sobre o site"},"content":{"rendered":"<p><span class=\"font-181343\"><strong>Desafios territoriais<\/strong> \u00e9 uma publica\u00e7\u00e3o digital em formato de monitoramento estrat\u00e9gico global que visa detectar as ideias, pensamentos e projetos de stakeholders, especialistas, pol\u00edticos e industriais na transforma\u00e7\u00e3o digital dos territ\u00f3rios.<\/span><\/p>\n<p><span class=\"font-181343\">Criado em 2011 com o nome de<strong>Ecoinova\u00e7\u00e3o<\/strong>, por <strong>Nidam ABDI<\/strong>, ex-jornalista da imprensa escrita nacional (Lib\u00e9ration, Le Point) e diretor de desenvolvimento do grupo de imprensa CPMedia, no setor de equipamentos el\u00e9tricos, <strong>Desafios territoriais<\/strong> oferece uma vis\u00e3o global da filosofia desenvolvida em todos os continentes, em cada pa\u00eds e munic\u00edpio, produzindo boas pr\u00e1ticas gra\u00e7as \u00e0 inova\u00e7\u00e3o digital. Desde 26 de dezembro de 2011, este monitoramento, que permitiu <strong>Nidam ABDI<\/strong> ser selecionado entre os 25 influenciadores da rede social LinkedIn, \u00e9 baseado em 4 temas:<\/span><\/p>\n<p><span class=\"font-181343\">Apoiando a cria\u00e7\u00e3o de cidades inteligentes =&gt; <strong>Territ\u00f3rios Inteligentes<\/strong><\/span><\/p>\n<p>Encontre solu\u00e7\u00f5es energ\u00e9ticas eficientes =&gt; <strong>Transi\u00e7\u00e3o Energ\u00e9tica<br \/>\n<\/strong><br \/>\nInovar nas ind\u00fastrias do futuro =&gt; <strong>Ind\u00fastria 5.0<br \/>\n<\/strong><br \/>\nSaiba como usar objetos conectados de forma eficaz nos territ\u00f3rios =&gt; <strong>Dados\/Objetos conectados<\/strong><\/p>","protected":false},"excerpt":{"rendered":"<p>Territorial Challenges est une publication num\u00e9rique en forme de veille strat\u00e9gique au niveau mondial qui s&rsquo;attache \u00e0 d\u00e9tecter les id\u00e9es, les r\u00e9flexions et projets des acteurs, experts, politiques et industriels de la transformation num\u00e9rique des territoires. Cr\u00e9e en 2011 sous le nom d\u2019Ecoinovatio, par Nidam ABDI, ex-journaliste de la presse \u00e9crite nationale (Lib\u00e9ration, Le Point) [&hellip;]<\/p>","protected":false},"author":11,"featured_media":0,"parent":0,"menu_order":0,"comment_status":"closed","ping_status":"closed","template":"","meta":{"pmpro_default_level":0,"footnotes":""},"blocksy_meta":"","yoast_head":"<!-- This site is optimized with the Yoast SEO plugin v21.5 - https:\/\/yoast.com\/wordpress\/plugins\/seo\/ -->\n<title>A propos du site - Territorial Challenges<\/title>\n<meta name=\"robots\" content=\"index, follow, max-snippet:-1, max-image-preview:large, max-video-preview:-1\" \/>\n<link rel=\"canonical\" href=\"https:\/\/territorialchallenges.com\/pt\/a-propos\/\" \/>\n<meta property=\"og:locale\" content=\"pt_PT\" \/>\n<meta property=\"og:type\" content=\"article\" \/>\n<meta property=\"og:title\" content=\"A propos du site - Territorial Challenges\" \/>\n<meta property=\"og:description\" content=\"Territorial Challenges est une publication num\u00e9rique en forme de veille strat\u00e9gique au niveau mondial qui s&rsquo;attache \u00e0 d\u00e9tecter les id\u00e9es, les r\u00e9flexions et projets des acteurs, experts, politiques et industriels de la transformation num\u00e9rique des territoires. Cr\u00e9e en 2011 sous le nom d\u2019Ecoinovatio, par Nidam ABDI, ex-journaliste de la presse \u00e9crite nationale (Lib\u00e9ration, Le Point) [&hellip;]\" \/>\n<meta property=\"og:url\" content=\"https:\/\/territorialchallenges.com\/pt\/a-propos\/\" \/>\n<meta property=\"og:site_name\" content=\"Territorial Challenges\" \/>\n<meta property=\"article:modified_time\" content=\"2025-09-15T07:03:17+00:00\" \/>\n<meta name=\"twitter:card\" content=\"summary_large_image\" \/>\n<meta name=\"twitter:label1\" content=\"Tempo estimado de leitura\" \/>\n\t<meta name=\"twitter:data1\" content=\"1 minuto\" \/>\n<script type=\"application\/ld+json\" class=\"yoast-schema-graph\">{\"@context\":\"https:\/\/schema.org\",\"@graph\":[{\"@type\":\"WebPage\",\"@id\":\"https:\/\/territorialchallenges.com\/a-propos\/\",\"url\":\"https:\/\/territorialchallenges.com\/a-propos\/\",\"name\":\"A propos du site - Territorial Challenges\",\"isPartOf\":{\"@id\":\"https:\/\/territorialchallenges.com\/#website\"},\"datePublished\":\"2019-05-13T09:04:51+00:00\",\"dateModified\":\"2025-09-15T07:03:17+00:00\",\"breadcrumb\":{\"@id\":\"https:\/\/territorialchallenges.com\/a-propos\/#breadcrumb\"},\"inLanguage\":\"pt-PT\",\"potentialAction\":[{\"@type\":\"ReadAction\",\"target\":[\"https:\/\/territorialchallenges.com\/a-propos\/\"]}]},{\"@type\":\"BreadcrumbList\",\"@id\":\"https:\/\/territorialchallenges.com\/a-propos\/#breadcrumb\",\"itemListElement\":[{\"@type\":\"ListItem\",\"position\":1,\"name\":\"Home\",\"item\":\"https:\/\/territorialchallenges.com\/\"},{\"@type\":\"ListItem\",\"position\":2,\"name\":\"A propos du site\"}]},{\"@type\":\"WebSite\",\"@id\":\"https:\/\/territorialchallenges.com\/#website\",\"url\":\"https:\/\/territorialchallenges.com\/\",\"name\":\"Territorial Challenges\",\"description\":\"Veille Internationale - Strat\u00e9gie Intelligentes - Bonnes pratiques\",\"publisher\":{\"@id\":\"https:\/\/territorialchallenges.com\/#organization\"},\"potentialAction\":[{\"@type\":\"SearchAction\",\"target\":{\"@type\":\"EntryPoint\",\"urlTemplate\":\"https:\/\/territorialchallenges.com\/?s={search_term_string}\"},\"query-input\":\"required name=search_term_string\"}],\"inLanguage\":\"pt-PT\"},{\"@type\":\"Organization\",\"@id\":\"https:\/\/territorialchallenges.com\/#organization\",\"name\":\"Territorial Challenges\",\"url\":\"https:\/\/territorialchallenges.com\/\",\"logo\":{\"@type\":\"ImageObject\",\"inLanguage\":\"pt-PT\",\"@id\":\"https:\/\/territorialchallenges.com\/#\/schema\/logo\/image\/\",\"url\":\"https:\/\/territorialchallenges.com\/wp-content\/uploads\/2023\/10\/logo-1.png\",\"contentUrl\":\"https:\/\/territorialchallenges.com\/wp-content\/uploads\/2023\/10\/logo-1.png\",\"width\":1832,\"height\":576,\"caption\":\"Territorial Challenges\"},\"image\":{\"@id\":\"https:\/\/territorialchallenges.com\/#\/schema\/logo\/image\/\"}}]}<\/script>\n<!-- \/ Yoast SEO plugin. -->","yoast_head_json":{"title":"A propos du site - Territorial Challenges","robots":{"index":"index","follow":"follow","max-snippet":"max-snippet:-1","max-image-preview":"max-image-preview:large","max-video-preview":"max-video-preview:-1"},"canonical":"https:\/\/territorialchallenges.com\/pt\/a-propos\/","og_locale":"pt_PT","og_type":"article","og_title":"A propos du site - Territorial Challenges","og_description":"Territorial Challenges est une publication num\u00e9rique en forme de veille strat\u00e9gique au niveau mondial qui s&rsquo;attache \u00e0 d\u00e9tecter les id\u00e9es, les r\u00e9flexions et projets des acteurs, experts, politiques et industriels de la transformation num\u00e9rique des territoires. Cr\u00e9e en 2011 sous le nom d\u2019Ecoinovatio, par Nidam ABDI, ex-journaliste de la presse \u00e9crite nationale (Lib\u00e9ration, Le Point) [&hellip;]","og_url":"https:\/\/territorialchallenges.com\/pt\/a-propos\/","og_site_name":"Territorial Challenges","article_modified_time":"2025-09-15T07:03:17+00:00","twitter_card":"summary_large_image","twitter_misc":{"Tempo estimado de leitura":"1 minuto"},"schema":{"@context":"https:\/\/schema.org","@graph":[{"@type":"WebPage","@id":"https:\/\/territorialchallenges.com\/a-propos\/","url":"https:\/\/territorialchallenges.com\/a-propos\/","name":"A propos du site - Territorial Challenges","isPartOf":{"@id":"https:\/\/territorialchallenges.com\/#website"},"datePublished":"2019-05-13T09:04:51+00:00","dateModified":"2025-09-15T07:03:17+00:00","breadcrumb":{"@id":"https:\/\/territorialchallenges.com\/a-propos\/#breadcrumb"},"inLanguage":"pt-PT","potentialAction":[{"@type":"ReadAction","target":["https:\/\/territorialchallenges.com\/a-propos\/"]}]},{"@type":"BreadcrumbList","@id":"https:\/\/territorialchallenges.com\/a-propos\/#breadcrumb","itemListElement":[{"@type":"ListItem","position":1,"name":"Home","item":"https:\/\/territorialchallenges.com\/"},{"@type":"ListItem","position":2,"name":"A propos du site"}]},{"@type":"WebSite","@id":"https:\/\/territorialchallenges.com\/#website","url":"https:\/\/territorialchallenges.com\/","name":"Desafios territoriais","description":"Monitoramento Internacional - Estrat\u00e9gias Inteligentes - Melhores Pr\u00e1ticas","publisher":{"@id":"https:\/\/territorialchallenges.com\/#organization"},"potentialAction":[{"@type":"SearchAction","target":{"@type":"EntryPoint","urlTemplate":"https:\/\/territorialchallenges.com\/?s={search_term_string}"},"query-input":"required name=search_term_string"}],"inLanguage":"pt-PT"},{"@type":"Organization","@id":"https:\/\/territorialchallenges.com\/#organization","name":"Desafios territoriais","url":"https:\/\/territorialchallenges.com\/","logo":{"@type":"ImageObject","inLanguage":"pt-PT","@id":"https:\/\/territorialchallenges.com\/#\/schema\/logo\/image\/","url":"https:\/\/territorialchallenges.com\/wp-content\/uploads\/2023\/10\/logo-1.png","contentUrl":"https:\/\/territorialchallenges.com\/wp-content\/uploads\/2023\/10\/logo-1.png","width":1832,"height":576,"caption":"Territorial Challenges"},"image":{"@id":"https:\/\/territorialchallenges.com\/#\/schema\/logo\/image\/"}}]}},"_links":{"self":[{"href":"https:\/\/territorialchallenges.com\/pt\/wp-json\/wp\/v2\/pages\/83801"}],"collection":[{"href":"https:\/\/territorialchallenges.com\/pt\/wp-json\/wp\/v2\/pages"}],"about":[{"href":"https:\/\/territorialchallenges.com\/pt\/wp-json\/wp\/v2\/types\/page"}],"author":[{"embeddable":true,"href":"https:\/\/territorialchallenges.com\/pt\/wp-json\/wp\/v2\/users\/11"}],"replies":[{"embeddable":true,"href":"https:\/\/territorialchallenges.com\/pt\/wp-json\/wp\/v2\/comments?post=83801"}],"version-history":[{"count":12,"href":"https:\/\/territorialchallenges.com\/pt\/wp-json\/wp\/v2\/pages\/83801\/revisions"}],"predecessor-version":[{"id":124906,"href":"https:\/\/territorialchallenges.com\/pt\/wp-json\/wp\/v2\/pages\/83801\/revisions\/124906"}],"wp:attachment":[{"href":"https:\/\/territorialchallenges.com\/pt\/wp-json\/wp\/v2\/media?parent=83801"}],"curies":[{"name":"wp","href":"https:\/\/api.w.org\/{rel}","templated":true}]}}