{"id":83847,"date":"2019-05-13T17:54:32","date_gmt":"2019-05-13T15:54:32","guid":{"rendered":"https:\/\/territorialchallenges.com\/?page_id=83847"},"modified":"2023-10-10T18:22:45","modified_gmt":"2023-10-10T16:22:45","slug":"cguv","status":"publish","type":"page","link":"https:\/\/territorialchallenges.com\/nl\/cguv\/","title":{"rendered":"Algemene verkoop- en gebruiksvoorwaarden"},"content":{"rendered":"<h2><span class=\"font-555555\"><strong>1. Intellectueel eigendom<\/strong><\/span><\/h2>\n<p><span class=\"font-555555\">De publicatie <strong>TERRITORIALE UITDAGINGEN<\/strong> is het exclusieve eigendom van de uitgeverij <strong>EIRL MONSIEUR NIDAM ABDI<\/strong>De gehele inhoud wordt beschermd door de Franse en internationale wetten op het gebied van auteursrecht en intellectueel eigendom.<\/span><\/p>\n<p><span class=\"font-555555\">Abonnementen op een individueel abonnement (hierna de Abonnementen) brengen op geen enkele wijze enige overdracht van eigendomsrechten met zich mee ten gunste van de Klant (onder de term Klant wordt verstaan iedere begunstigde of beheerder van een Abonnement).<\/span><\/p>\n<h2><strong><span class=\"font-555555\">2. Verspreidingsmethoden<\/span><\/strong><\/h2>\n<p><span class=\"font-555555\">De inhoud van de publicatie Territoriale Uitdagingen kunt u raadplegen in de volgende pakketten: <\/span><span class=\"font-555555\">:<\/span><\/p>\n<h3><strong><span class=\"font-555555\">a. Individuele abonnementen <\/span><\/strong><\/h3>\n<p><span class=\"font-555555\">Individuele abonnementen zijn strikt persoonlijk. Om publicaties te bekijken en toegang te krijgen tot online diensten, dienen abonnees een persoonlijk e-mailadres op te geven. De inhoud, geheel of gedeeltelijk, mag op geen enkele wijze worden gedeeld, zowel binnen als buiten een organisatie. Individuele nummers en artikelen mogen niet per e-mail, op een intranet of extranet worden verspreid, of worden gereproduceerd op een blog of sociale media.<\/span><span class=\"font-555555\">.<\/span><\/p>\n<h3><strong><span class=\"font-555555\">b. Licenties voor meerdere lezers <\/span><\/strong><\/h3>\n<p><span class=\"font-555555\">Met licenties voor meerdere lezers kunt u via \u00e9\u00e9n factuur collectieve abonnementen beheren binnen dezelfde juridische structuur (exclusief dochterondernemingen, tenzij overeengekomen met de uitgever MONSIEUR NIDAM ABDI). Deze formules zijn geschikt voor professionals die werkzaam zijn in de dienstverlening en waar het collectieve gebruik van onze artikelen essentieel is voor de goede werking van hun activiteit. Ze profiteren van voordelige degressieve tarieven, maar vereisen dat Klanten dezelfde intellectuele-eigendomsrechten respecteren als individuele abonnementen.<\/span><\/p>\n<p><span class=\"font-555555\">Er zijn drie soorten licenties:<\/span><\/p>\n<p><span class=\"font-555555\">\u2022 Nominatieve licenties zijn uitsluitend bestemd voor gebruik door de abonnees op wiens naam ze zijn geabonneerd en aan wie ze zijn geadresseerd. Om publicaties te raadplegen en toegang te krijgen tot onlinediensten, dienen abonnees een nominatief e-mailadres op te geven (bijv. jean.martin@entreprise.fr).<\/span><\/p>\n<p><span class=\"font-555555\">\u2022 Collectieve licenties zijn bedoeld voor een groep lezers die tot dezelfde juridische structuur behoren, maar die niet individueel ge\u00efdentificeerd zijn. Om publicaties te raadplegen en toegang te krijgen tot online diensten, hebben abonnees een gezamenlijk e-mailadres. Deze identificatieoptie is beschikbaar voor collectieve licenties met 10 of meer lezers.<\/span><\/p>\n<p><span class=\"font-555555\">\u2022 IP-licenties zijn bedoeld voor een groep lezers die IP-adresreeksen van dezelfde juridische structuur gebruiken om verbinding te maken met onze publicaties. Lezers worden niet individueel ge\u00efdentificeerd. Om samenvattingen en meldingen per e-mail te ontvangen, kunnen lezers een account aanmaken met een persoonlijk e-mailadres.<\/span><\/p>\n<h2><strong><span class=\"font-555555\">3. Extractie- en indexeringsbeperkingen <\/span><\/strong><\/h2>\n<p><span class=\"font-555555\">De archieven van de publicatie Territoriale Uitdagingen zijn georganiseerd in databanken die toegankelijk zijn voor Abonnees in het kader van hun Licentie. Overeenkomstig artikel L342-1 van Wet nr. 98-536 van 1 juli 1998 van de Franse wet op de intellectuele eigendom (omzetting van Richtlijn 96\/9\/EG van 11 maart 1996) verbiedt de uitgever, MONSIEUR NIDAM ABDI, echter &quot;de extractie, door permanente of tijdelijke overdracht, van de gehele inhoud van een databank of een kwalitatief of kwantitatief substantieel deel daarvan naar een andere drager, op welke wijze en in welke vorm dan ook.&quot;<\/span><\/p>\n<p><span class=\"font-555555\">Concreet is het gebruik van robots om een substantieel deel van de databases van Territoriale Uitdagingen te extraheren verboden, tenzij met schriftelijke toestemming.<\/span><\/p>\n<h2><span class=\"font-555555\">4. Verantwoordelijkheden van geautoriseerde lezers<\/span><\/h2>\n<p><span class=\"font-555555\">Welke formule men ook hanteert, <strong>alleen een priv\u00e9-kopie<\/strong> is voor elke gebruiker geautoriseerd. <\/span><\/p>\n<p><span class=\"font-555555\">De lezer die daartoe gemachtigd is middels een Abonnement of een Licentie mag een artikel of een uitgave afdrukken en downloaden voor eigen gebruik, maar mag deze onder geen beding verspreiden onder derden, ook niet binnen zijn bedrijf (via e-mail, papieren exemplaar of intranet).<\/span><\/p>\n<p><span class=\"font-555555\">Het is ten strengste verboden om artikelen die op Territorial Challenges zijn gepubliceerd, via sociale netwerken te verspreiden, behalve als het gaat om een citaat of een kort fragment.<\/span><\/p>\n<p><span class=\"font-555555\"> De bevoegde lezer verbindt zich ertoe zijn wachtwoord geheim te houden en het in geen enkele vorm aan derden bekend te maken.<\/span><\/p>\n<h2><strong><span class=\"font-555555\">5. Specifieke verantwoordelijkheden van de licentiebeheerder<\/span><\/strong><\/h2>\n<p><span class=\"font-555555\">De beheerder die verantwoordelijk is voor het beheer van een licentie garandeert dat alle lezers die onder deze licentie zijn geautoriseerd, deze algemene verkoop- en gebruiksvoorwaarden (AVV) accepteren en naleven.<\/span><\/p>\n<h2><span class=\"font-555555\">6. Abonnement en beheer van abonnementen en licenties <\/span><\/h2>\n<h3><strong><span class=\"font-555555\">Abonnement op online ondersteuning<\/span><\/strong><\/h3>\n<p><span class=\"font-555555\"> Registratieprocedures \u2013 een online account aanmaken <\/span><\/p>\n<p><span class=\"font-555555\">Toegang tot en raadpleging van de Publicatie en\/of een Abonnementsdienst in elektronische vorm vereist het aanmaken door de Abonnee van een account op de Site, een uniek en persoonlijk account voor de Abonnee. De Abonnee verbindt zich ertoe waarheidsgetrouwe, nauwkeurige en<\/span><\/p>\n<p><span class=\"font-555555\">actuele en volledige informatie over zijn identiteit, zijn functie, de identiteit van zijn bedrijf en alle in het Bestelformulier gevraagde informatie. Hij verbindt zich ertoe zijn gegevens op zijn account zo snel mogelijk bij te werken. Indien de Abonnee valse, onjuiste, verouderde of onvolledige registratiegegevens verstrekt, heeft de Uitgever het recht om zijn Abonnementsaccount zonder voorafgaande kennisgeving op te schorten of te be\u00ebindigen en hem onmiddellijk en in de toekomst de toegang tot de gehele of een deel van de Publicatie en\/of de Dienst te weigeren, zonder de betaalde bedragen te hoeven terugbetalen. De Abonnee is als enige verantwoordelijk voor het gebruik dat van zijn account kan worden gemaakt en is de enige garant voor de vertrouwelijkheid van zijn toegangsgegevens. Hij verbindt zich ertoe de Uitgever onmiddellijk op de hoogte te stellen van elk ongeoorloofd gebruik van zijn account en\/of elke schending van de vertrouwelijkheid en veiligheid van zijn identificatiemiddelen. De Uitgever is in geen geval aansprakelijk voor verlies of schade als gevolg van het niet nakomen van de in dit artikel uiteengezette verplichtingen. De Abonnee is persoonlijk verantwoordelijk voor het instellen van de IT- en telecommunicatiemiddelen die toegang tot de Site mogelijk maken. De Abonnee is verantwoordelijk voor de telecommunicatiekosten bij het verkrijgen van toegang tot internet en het gebruiken van de Site en de Diensten waarop hij\/zij is geabonneerd.<\/span><\/p>\n<h3><strong><span class=\"font-555555\">Abonnement- en licentiebeheer<\/span><\/strong><\/h3>\n<p><span class=\"font-555555\"> Elke bestelling voor een Abonnement of een Licentie impliceert de<\/span><span style=\"font-family: 'PT Sans';\">volledige en onvoorwaardelijke aanvaarding <\/span><span style=\"font-family: 'PT Sans';\">onderworpen aan deze Algemene Verkoop- en Gebruiksvoorwaarden.<\/span><\/p>\n<p><span style=\"font-family: 'PT Sans';\"><strong>Startdatum<\/strong> \u2013 Het Abonnement of de Licentie gaat in op het moment van ontvangst van de bestelling <\/span><span style=\"font-family: 'PT Sans';\">wanneer het een nieuw Abonnement betreft. Bij verlenging wordt het nieuwe Abonnement of <\/span><span style=\"font-family: 'PT Sans';\">De nieuwe Licentie treedt in werking na het vorige Abonnement of de vorige Licentie. <\/span><span style=\"font-family: 'PT Sans';\">Voor <\/span><span style=\"font-family: 'PT Sans';\">elke andere bepaling (retroactieve inschrijving, uitvoering op een specifieke datum, enz.), is <\/span><span style=\"font-family: 'PT Sans';\">Het is noodzakelijk dit bij de bestelling aan te geven.<\/span><\/p>\n<p><span style=\"font-family: 'PT Sans';\"><strong>Annulering<\/strong> \u2013 Bestellingen voor abonnementen en licenties worden als definitief beschouwd en <\/span><span style=\"font-family: 'PT Sans';\">definitief vanaf hun ontvangst door de uitgever MONSIEUR NIDAM ABDI. Volgens de <\/span><span style=\"font-family: 'PT Sans';\">wettelijke bepalingen kan de Klant gedurende 14 dagen een herroepingsrecht uitoefenen <\/span><span style=\"font-family: 'PT Sans';\">na de bestelling. De Klant is echter aansprakelijk voor een bedrag dat pro rata wordt berekend <\/span><span style=\"font-family: 'PT Sans';\">duur van het Abonnement of de Licentie die wordt gebruikt tussen de registratie van de bestelling en de <\/span><span style=\"font-family: 'PT Sans';\">annulering.<\/span><\/p>\n<p><span style=\"font-family: 'PT Sans';\"><strong>Niet-overdraagbaarheid<\/strong> \u2013 De Abonnee mag de rechten en verplichtingen die voortvloeien uit de Overeenkomst niet geheel of gedeeltelijk overdragen. <\/span><span style=\"font-family: PT Sans;\">aan derden ter beschikking stellen, zonder uitdrukkelijke voorafgaande toestemming van de Uitgever.<\/span><\/p>\n<p><span style=\"font-family: 'PT Sans';\">Geschillen \u2013 Elke claim moet schriftelijk worden ingediend, op straffe van verval. <\/span><span style=\"font-family: 'PT Sans';\">aanbevolen met ontvangstbevestiging. Elk geschil, ongeacht de aard ervan, zal worden voorgelegd aan <\/span><span style=\"font-family: 'PT Sans';\">de jurisdictie van de rechtbanken van Nanterre die het Franse recht toepassen.<\/span><\/p>\n<p><span style=\"font-family: 'PT Sans';\"><strong>Automatische herinschrijving<\/strong> \u2013 Door te kiezen voor automatische herinschrijving, gaat de Abonnee akkoord met het volgende: <\/span><span style=\"font-family: 'PT Sans';\">profiteert jaarlijks van 10% korting op het basistarief. Zes weken van tevoren <\/span><span style=\"font-family: 'PT Sans';\">bij het verstrijken van zijn abonnement ontvangt hij een factuur die overeenkomt met zijn verlenging voor <\/span><span style=\"font-family: 'PT Sans';\">een jaar. Als hij zich niet opnieuw wil abonneren, hoeft hij alleen deze factuur terug te sturen met de <\/span><span style=\"font-family: 'PT Sans';\">binnen zes weken na factuurdatum gemarkeerd met &quot;Geannuleerd&quot;. Na deze periode,<\/span><span style=\"font-family: 'PT Sans';\">Annulering wordt niet geaccepteerd. Het Abonnement of de Licentie wordt beschouwd als <\/span><span style=\"font-family: 'PT Sans';\">wordt verlengd en is het overeenkomstige bedrag volledig verschuldigd.<\/span><\/p>\n<h3><strong><span style=\"font-family: 'PT Sans';\">Koekjes<\/span><\/strong><\/h3>\n<p><span class=\"font-555555\">Een &quot;cookie&quot; maakt identificatie van de gebruiker mogelijk, personalisering van de raadpleging van de website www.territorialchallenges.com en versnelling van de weergave van de website door een gegevensbestand op te slaan op de computer van de gebruiker. De cookies die wij uitgeven, worden gebruikt om statistieken op te stellen over het aantal bezoekers van onze website om zo de interesse en de gebruiksvriendelijkheid van onze diensten te verbeteren.<\/span><\/p>\n<p><span class=\"font-555555\">De Gebruiker erkent op de hoogte te zijn van deze praktijk en geeft EIRL Nidam ABDI toestemming om hiermee door te gaan. <\/span><\/p>\n<p><span class=\"font-555555\">EIRL Nidam ABDI verbindt zich er in ieder geval toe de inhoud van &quot;Cookies&quot; nooit aan derden te verstrekken, behalve in geval van een wettelijk verzoek. De Gebruiker kan de registratie van &quot;Cookies&quot; weigeren of zijn browser zo instellen dat hij gewaarschuwd wordt voordat hij &quot;Cookies&quot; accepteert. Hiervoor configureert de Gebruiker zijn browser via het menu &quot;Extra&quot; van Microsoft Internet Explorer. Wat betreft Google-cookies, die standaard zijn toegestaan, kunt u deze instelling wijzigen in het dialoogvenster &quot;Opties&quot;.<\/span><\/p>\n<h2><strong><span class=\"font-555555\">8. Betalingsvoorwaarden <\/span><\/strong><\/h2>\n<p><span class=\"font-555555\">Een factuur voor de abonnements- en licentiekosten wordt uitgereikt bij de installatie van de dienst. Deze kan ook door de uitgever MONSIEUR NIDAM ABDI naar de klant worden gestuurd (of naar de contactpersoon voor facturering die de klant bij het afsluiten van het abonnement heeft opgegeven). Verzoeken om een factuur kunnen worden gericht aan contact@territorialchallenges.com. <\/span><\/p>\n<p><span class=\"font-555555\"><strong>Betalingstermijnen<\/strong> \u2013 De betaling voor het Abonnement of de Licentie dient te geschieden bij ontvangst van de factuur en dient te geschieden <strong>binnen een maximale termijn van 30 dagen<\/strong> vanaf deze ontvangst. Bij te late betaling wordt het Abonnement of de Licentie opgeschort totdat de betaling van het volledige factuurbedrag is ontvangen. Indien de Klant meerdere lopende abonnementen heeft, impliceert het niet betalen binnen deze termijn van \u00e9\u00e9n daarvan de opschorting van alle abonnementen totdat de ontbrekende betaling is ontvangen.<\/span><\/p>\n<p><span class=\"font-555555\"><strong>Betaalmethoden<\/strong> \u2013 De uitgever MONSIEUR NIDAM ABDI accepteert betalingen in euro (EUR), Amerikaanse dollars (USD) of Britse ponden (GBP), gedaan via de onderstaande middelen:<\/span><\/p>\n<p><span class=\"font-555555\">-Creditcard:<\/span><\/p>\n<ul>\n<li><span class=\"font-555555\">Visa, Mastercard<\/span><\/li>\n<li><span class=\"font-555555\">American Express (alleen in EUR of USD)<\/span><\/li>\n<\/ul>\n<p><span class=\"font-555555\">\u2013 Bankcheque betaalbaar aan MONSIEUR NIDAM ABDI<\/span><\/p>\n<p><span class=\"font-555555\">\u2013 Bankoverschrijving. De kosten voor het uitvoeren van de overschrijving door de bank van de klant zijn voor rekening van de klant.<\/span><\/p>\n<p><span class=\"font-555555\">\u2013 PayPal Voor elke andere betaalmethode kunt u contact opnemen met de klantenservice: contact@territorialchallenges.com)<\/span><\/p>\n<h2><strong><span class=\"font-555555\">9. Persoonsgegevens en respect voor de privacy<\/span><\/strong><\/h2>\n<p><span class=\"font-555555\">MONSIEUR NIDAM ABDI houdt zich strikt aan de huidige wetgeving inzake de bescherming van de persoonlijke levenssfeer en de individuele vrijheden, en in het bijzonder aan de Algemene Verordening Gegevensbescherming (AVG) die in mei 2018 in de Europese Unie van kracht werd. Alleen de commerci\u00eble dienstverlener van MONSIEUR NIDAM ABDI, die onderworpen is aan strikte vertrouwelijkheidsregels, heeft toegang tot de informatie van klanten en potenti\u00eble klanten. Er wordt geen computerverwerking uitbesteed aan een derde partij. MONSIEUR NIDAM ABDI verbindt zich ertoe de informatie die de Klant (Beheerder of Lezer) haar verstrekt, nooit aan derden bekend te maken. Overeenkomstig de Franse wet op gegevensbescherming van 6 januari 1978 heeft de Klant recht op toegang, rectificatie en verzet tegen de hem betreffende persoonsgegevens. Hij kan weigeren om promotionele berichten te ontvangen door zijn of haar persoonsgegevens online te wijzigen of door een verzoek te sturen naar de klantenservice (contact@territorialchallenges.com).<\/span><\/p>\n<h2><strong><span class=\"font-555555\">10. Wijzigingen en naleving van deze voorwaarden <\/span><\/strong><\/h2>\n<p><span class=\"font-555555\">De heer NIDAM ABDI behoudt zich het recht voor om deze algemene verkoop- en gebruiksvoorwaarden op elk moment te wijzigen.<\/span><\/p>\n<p><span class=\"font-555555\">De heer NIDAM ABDI behoudt zich het recht voor om elk abonnement of elke licentie die in strijd is met de hierboven uiteengezette algemene verkoop- en gebruiksvoorwaarden, te onderbreken of te be\u00ebindigen.<\/span><\/p>","protected":false},"excerpt":{"rendered":"<p>1. Intellectuele eigendom De publicatie TERRITORIAL CHALLENGES is het exclusieve eigendom van uitgeverij EIRL MONSIEUR NIDAM ABDI. Alle inhoud is beschermd door de Franse en internationale wetgeving inzake auteursrecht en intellectuele eigendom. Abonnementen op een individueel abonnement (hierna te noemen de Abonnementen) brengen geen overdracht van eigendomsrechten met zich mee [\u2026]<\/p>","protected":false},"author":11,"featured_media":0,"parent":0,"menu_order":0,"comment_status":"closed","ping_status":"closed","template":"","meta":{"pmpro_default_level":0,"footnotes":""},"blocksy_meta":"","yoast_head":"<!-- This site is optimized with the Yoast SEO plugin v21.5 - https:\/\/yoast.com\/wordpress\/plugins\/seo\/ -->\n<title>Conditions g\u00e9n\u00e9rales de vente et d\u2019utilisation - Territorial Challenges<\/title>\n<meta name=\"robots\" content=\"index, follow, max-snippet:-1, max-image-preview:large, max-video-preview:-1\" \/>\n<link rel=\"canonical\" href=\"https:\/\/territorialchallenges.com\/nl\/cguv\/\" \/>\n<meta property=\"og:locale\" content=\"nl_NL\" \/>\n<meta property=\"og:type\" content=\"article\" \/>\n<meta property=\"og:title\" content=\"Conditions g\u00e9n\u00e9rales de vente et d\u2019utilisation - Territorial Challenges\" \/>\n<meta property=\"og:description\" content=\"1. Propri\u00e9t\u00e9 intellectuelle La publication TERRITORIAL CHALLENGES est la propri\u00e9t\u00e9 exclusive de la soci\u00e9t\u00e9 d\u2019\u00e9dition EIRL MONSIEUR NIDAM ABDI. Tous ses contenus sont prot\u00e9g\u00e9s par les lois fran\u00e7aises et internationales relatives au droit d&rsquo;auteur et \u00e0 la propri\u00e9t\u00e9 intellectuelle. Les souscriptions \u00e0 un abonnement individuel (ci-apr\u00e8s les Abonnements) n\u2019entra\u00eenent aucun transfert de droit de propri\u00e9t\u00e9 [&hellip;]\" \/>\n<meta property=\"og:url\" content=\"https:\/\/territorialchallenges.com\/nl\/cguv\/\" \/>\n<meta property=\"og:site_name\" content=\"Territorial Challenges\" \/>\n<meta property=\"article:modified_time\" content=\"2023-10-10T16:22:45+00:00\" \/>\n<meta name=\"twitter:card\" content=\"summary_large_image\" \/>\n<meta name=\"twitter:label1\" content=\"Geschatte leestijd\" \/>\n\t<meta name=\"twitter:data1\" content=\"10 minuten\" \/>\n<script type=\"application\/ld+json\" class=\"yoast-schema-graph\">{\"@context\":\"https:\/\/schema.org\",\"@graph\":[{\"@type\":\"WebPage\",\"@id\":\"https:\/\/territorialchallenges.com\/cguv\/\",\"url\":\"https:\/\/territorialchallenges.com\/cguv\/\",\"name\":\"Conditions g\u00e9n\u00e9rales de vente et d\u2019utilisation - Territorial Challenges\",\"isPartOf\":{\"@id\":\"https:\/\/territorialchallenges.com\/#website\"},\"datePublished\":\"2019-05-13T15:54:32+00:00\",\"dateModified\":\"2023-10-10T16:22:45+00:00\",\"breadcrumb\":{\"@id\":\"https:\/\/territorialchallenges.com\/cguv\/#breadcrumb\"},\"inLanguage\":\"nl-NL\",\"potentialAction\":[{\"@type\":\"ReadAction\",\"target\":[\"https:\/\/territorialchallenges.com\/cguv\/\"]}]},{\"@type\":\"BreadcrumbList\",\"@id\":\"https:\/\/territorialchallenges.com\/cguv\/#breadcrumb\",\"itemListElement\":[{\"@type\":\"ListItem\",\"position\":1,\"name\":\"Home\",\"item\":\"https:\/\/territorialchallenges.com\/\"},{\"@type\":\"ListItem\",\"position\":2,\"name\":\"Conditions g\u00e9n\u00e9rales de vente et d\u2019utilisation\"}]},{\"@type\":\"WebSite\",\"@id\":\"https:\/\/territorialchallenges.com\/#website\",\"url\":\"https:\/\/territorialchallenges.com\/\",\"name\":\"Territorial Challenges\",\"description\":\"Veille Internationale - Strat\u00e9gie Intelligentes - Bonnes pratiques\",\"publisher\":{\"@id\":\"https:\/\/territorialchallenges.com\/#organization\"},\"potentialAction\":[{\"@type\":\"SearchAction\",\"target\":{\"@type\":\"EntryPoint\",\"urlTemplate\":\"https:\/\/territorialchallenges.com\/?s={search_term_string}\"},\"query-input\":\"required name=search_term_string\"}],\"inLanguage\":\"nl-NL\"},{\"@type\":\"Organization\",\"@id\":\"https:\/\/territorialchallenges.com\/#organization\",\"name\":\"Territorial Challenges\",\"url\":\"https:\/\/territorialchallenges.com\/\",\"logo\":{\"@type\":\"ImageObject\",\"inLanguage\":\"nl-NL\",\"@id\":\"https:\/\/territorialchallenges.com\/#\/schema\/logo\/image\/\",\"url\":\"https:\/\/territorialchallenges.com\/wp-content\/uploads\/2023\/10\/logo-1.png\",\"contentUrl\":\"https:\/\/territorialchallenges.com\/wp-content\/uploads\/2023\/10\/logo-1.png\",\"width\":1832,\"height\":576,\"caption\":\"Territorial Challenges\"},\"image\":{\"@id\":\"https:\/\/territorialchallenges.com\/#\/schema\/logo\/image\/\"}}]}<\/script>\n<!-- \/ Yoast SEO plugin. -->","yoast_head_json":{"title":"Algemene verkoop- en gebruiksvoorwaarden - Territoriale uitdagingen","robots":{"index":"index","follow":"follow","max-snippet":"max-snippet:-1","max-image-preview":"max-image-preview:large","max-video-preview":"max-video-preview:-1"},"canonical":"https:\/\/territorialchallenges.com\/nl\/cguv\/","og_locale":"nl_NL","og_type":"article","og_title":"Conditions g\u00e9n\u00e9rales de vente et d\u2019utilisation - Territorial Challenges","og_description":"1. Propri\u00e9t\u00e9 intellectuelle La publication TERRITORIAL CHALLENGES est la propri\u00e9t\u00e9 exclusive de la soci\u00e9t\u00e9 d\u2019\u00e9dition EIRL MONSIEUR NIDAM ABDI. Tous ses contenus sont prot\u00e9g\u00e9s par les lois fran\u00e7aises et internationales relatives au droit d&rsquo;auteur et \u00e0 la propri\u00e9t\u00e9 intellectuelle. Les souscriptions \u00e0 un abonnement individuel (ci-apr\u00e8s les Abonnements) n\u2019entra\u00eenent aucun transfert de droit de propri\u00e9t\u00e9 [&hellip;]","og_url":"https:\/\/territorialchallenges.com\/nl\/cguv\/","og_site_name":"Territorial Challenges","article_modified_time":"2023-10-10T16:22:45+00:00","twitter_card":"summary_large_image","twitter_misc":{"Geschatte leestijd":"10 minuten"},"schema":{"@context":"https:\/\/schema.org","@graph":[{"@type":"WebPage","@id":"https:\/\/territorialchallenges.com\/cguv\/","url":"https:\/\/territorialchallenges.com\/cguv\/","name":"Algemene verkoop- en gebruiksvoorwaarden - Territoriale uitdagingen","isPartOf":{"@id":"https:\/\/territorialchallenges.com\/#website"},"datePublished":"2019-05-13T15:54:32+00:00","dateModified":"2023-10-10T16:22:45+00:00","breadcrumb":{"@id":"https:\/\/territorialchallenges.com\/cguv\/#breadcrumb"},"inLanguage":"nl-NL","potentialAction":[{"@type":"ReadAction","target":["https:\/\/territorialchallenges.com\/cguv\/"]}]},{"@type":"BreadcrumbList","@id":"https:\/\/territorialchallenges.com\/cguv\/#breadcrumb","itemListElement":[{"@type":"ListItem","position":1,"name":"Home","item":"https:\/\/territorialchallenges.com\/"},{"@type":"ListItem","position":2,"name":"Conditions g\u00e9n\u00e9rales de vente et d\u2019utilisation"}]},{"@type":"WebSite","@id":"https:\/\/territorialchallenges.com\/#website","url":"https:\/\/territorialchallenges.com\/","name":"Territoriale uitdagingen","description":"Internationale monitoring - Slimme strategie\u00ebn - Beste praktijken","publisher":{"@id":"https:\/\/territorialchallenges.com\/#organization"},"potentialAction":[{"@type":"SearchAction","target":{"@type":"EntryPoint","urlTemplate":"https:\/\/territorialchallenges.com\/?s={search_term_string}"},"query-input":"required name=search_term_string"}],"inLanguage":"nl-NL"},{"@type":"Organization","@id":"https:\/\/territorialchallenges.com\/#organization","name":"Territoriale uitdagingen","url":"https:\/\/territorialchallenges.com\/","logo":{"@type":"ImageObject","inLanguage":"nl-NL","@id":"https:\/\/territorialchallenges.com\/#\/schema\/logo\/image\/","url":"https:\/\/territorialchallenges.com\/wp-content\/uploads\/2023\/10\/logo-1.png","contentUrl":"https:\/\/territorialchallenges.com\/wp-content\/uploads\/2023\/10\/logo-1.png","width":1832,"height":576,"caption":"Territorial Challenges"},"image":{"@id":"https:\/\/territorialchallenges.com\/#\/schema\/logo\/image\/"}}]}},"_links":{"self":[{"href":"https:\/\/territorialchallenges.com\/nl\/wp-json\/wp\/v2\/pages\/83847"}],"collection":[{"href":"https:\/\/territorialchallenges.com\/nl\/wp-json\/wp\/v2\/pages"}],"about":[{"href":"https:\/\/territorialchallenges.com\/nl\/wp-json\/wp\/v2\/types\/page"}],"author":[{"embeddable":true,"href":"https:\/\/territorialchallenges.com\/nl\/wp-json\/wp\/v2\/users\/11"}],"replies":[{"embeddable":true,"href":"https:\/\/territorialchallenges.com\/nl\/wp-json\/wp\/v2\/comments?post=83847"}],"version-history":[{"count":12,"href":"https:\/\/territorialchallenges.com\/nl\/wp-json\/wp\/v2\/pages\/83847\/revisions"}],"predecessor-version":[{"id":121346,"href":"https:\/\/territorialchallenges.com\/nl\/wp-json\/wp\/v2\/pages\/83847\/revisions\/121346"}],"wp:attachment":[{"href":"https:\/\/territorialchallenges.com\/nl\/wp-json\/wp\/v2\/media?parent=83847"}],"curies":[{"name":"wp","href":"https:\/\/api.w.org\/{rel}","templated":true}]}}