{"id":79356,"date":"2019-03-12T12:35:46","date_gmt":"2019-03-12T11:35:46","guid":{"rendered":"https:\/\/territorialchallenges.com\/?page_id=79356"},"modified":"2025-09-26T09:56:00","modified_gmt":"2025-09-26T07:56:00","slug":"glossaire","status":"publish","type":"page","link":"https:\/\/territorialchallenges.com\/nl\/glossaire\/","title":{"rendered":"Definitie"},"content":{"rendered":"<p><strong>Slimme gebieden:<\/strong> Het is een nieuw concept in stedelijke ontwikkeling. Het is gericht op het verbeteren van de levenskwaliteit van inwoners door steden adaptiever en effici\u00ebnter te maken, met behulp van nieuwe technologie\u00ebn die afhankelijk zijn van een ecosysteem van objecten en diensten.<\/p>\n<p><strong>Energietransitie:<\/strong> Het is de digitale transformatie van energieproductie, -transport, -distributie en -consumptie. Dit omvat ook een scala aan hernieuwbare energiebronnen.<\/p>\n<p><strong>Industrie 5.0:<\/strong> Dit betreft de digitalisering van het ecosysteem voor productie en verwerking van kapitaalgoederen. Het verwijst ook naar de robotisering van fabrieken.<\/p>\n<p><strong>IoT:<\/strong> Verbonden objecten zijn intelligente systemen die bestaan uit sensoren of machines die via digitale netwerken gegevens kunnen verzamelen en zelfs functionaliteit tussen apparaten kunnen bieden.<\/p>\n<p><strong>Slimme netwerken:<\/strong> Slimme netwerken maken digitale energiedistributie mogelijk<\/p>\n<p><strong>Slim parkeren: \u00a0<\/strong>Het is een automatische parkeerservice op de parkeerterreinen:<\/p>\n<p>Het systeem is gebaseerd op een set sensoren die parkeerterreinen voorzien van wifi, videosensoren en technologie\u00ebn op basis van kunstmatige intelligentie.<\/p>","protected":false},"excerpt":{"rendered":"<p>Territoires Intelligents : C\u2019est un nouveau concept de d\u00e9veloppement urbain. Il s\u2019agit d\u2019am\u00e9liorer la qualit\u00e9 de vie des habitants en rendant la ville plus adaptative et efficace, \u00e0 l\u2019aide de nouvelles technologies qui s\u2019appuient sur un \u00e9cosyst\u00e8me d\u2019objets et de services. Transition \u00c9nerg\u00e9tique\u00a0: C\u2019est la transformation par le num\u00e9rique de la production, du transport, de [&hellip;]<\/p>","protected":false},"author":11,"featured_media":0,"parent":0,"menu_order":0,"comment_status":"closed","ping_status":"closed","template":"","meta":{"pmpro_default_level":0,"footnotes":""},"blocksy_meta":"","yoast_head":"<!-- This site is optimized with the Yoast SEO plugin v21.5 - https:\/\/yoast.com\/wordpress\/plugins\/seo\/ -->\n<title>D\u00e9finition - Territorial Challenges<\/title>\n<meta name=\"robots\" content=\"index, follow, max-snippet:-1, max-image-preview:large, max-video-preview:-1\" \/>\n<link rel=\"canonical\" href=\"https:\/\/territorialchallenges.com\/nl\/glossaire\/\" \/>\n<meta property=\"og:locale\" content=\"nl_NL\" \/>\n<meta property=\"og:type\" content=\"article\" \/>\n<meta property=\"og:title\" content=\"D\u00e9finition - Territorial Challenges\" \/>\n<meta property=\"og:description\" content=\"Territoires Intelligents : C\u2019est un nouveau concept de d\u00e9veloppement urbain. Il s\u2019agit d\u2019am\u00e9liorer la qualit\u00e9 de vie des habitants en rendant la ville plus adaptative et efficace, \u00e0 l\u2019aide de nouvelles technologies qui s\u2019appuient sur un \u00e9cosyst\u00e8me d\u2019objets et de services. Transition \u00c9nerg\u00e9tique\u00a0: C\u2019est la transformation par le num\u00e9rique de la production, du transport, de [&hellip;]\" \/>\n<meta property=\"og:url\" content=\"https:\/\/territorialchallenges.com\/nl\/glossaire\/\" \/>\n<meta property=\"og:site_name\" content=\"Territorial Challenges\" \/>\n<meta property=\"article:modified_time\" content=\"2025-09-26T07:56:00+00:00\" \/>\n<meta name=\"twitter:card\" content=\"summary_large_image\" \/>\n<meta name=\"twitter:label1\" content=\"Geschatte leestijd\" \/>\n\t<meta name=\"twitter:data1\" content=\"1 minuut\" \/>\n<script type=\"application\/ld+json\" class=\"yoast-schema-graph\">{\"@context\":\"https:\/\/schema.org\",\"@graph\":[{\"@type\":\"WebPage\",\"@id\":\"https:\/\/territorialchallenges.com\/glossaire\/\",\"url\":\"https:\/\/territorialchallenges.com\/glossaire\/\",\"name\":\"D\u00e9finition - Territorial Challenges\",\"isPartOf\":{\"@id\":\"https:\/\/territorialchallenges.com\/#website\"},\"datePublished\":\"2019-03-12T11:35:46+00:00\",\"dateModified\":\"2025-09-26T07:56:00+00:00\",\"breadcrumb\":{\"@id\":\"https:\/\/territorialchallenges.com\/glossaire\/#breadcrumb\"},\"inLanguage\":\"nl-NL\",\"potentialAction\":[{\"@type\":\"ReadAction\",\"target\":[\"https:\/\/territorialchallenges.com\/glossaire\/\"]}]},{\"@type\":\"BreadcrumbList\",\"@id\":\"https:\/\/territorialchallenges.com\/glossaire\/#breadcrumb\",\"itemListElement\":[{\"@type\":\"ListItem\",\"position\":1,\"name\":\"Home\",\"item\":\"https:\/\/territorialchallenges.com\/\"},{\"@type\":\"ListItem\",\"position\":2,\"name\":\"D\u00e9finition\"}]},{\"@type\":\"WebSite\",\"@id\":\"https:\/\/territorialchallenges.com\/#website\",\"url\":\"https:\/\/territorialchallenges.com\/\",\"name\":\"Territorial Challenges\",\"description\":\"Veille Internationale - Strat\u00e9gie Intelligentes - Bonnes pratiques\",\"publisher\":{\"@id\":\"https:\/\/territorialchallenges.com\/#organization\"},\"potentialAction\":[{\"@type\":\"SearchAction\",\"target\":{\"@type\":\"EntryPoint\",\"urlTemplate\":\"https:\/\/territorialchallenges.com\/?s={search_term_string}\"},\"query-input\":\"required name=search_term_string\"}],\"inLanguage\":\"nl-NL\"},{\"@type\":\"Organization\",\"@id\":\"https:\/\/territorialchallenges.com\/#organization\",\"name\":\"Territorial Challenges\",\"url\":\"https:\/\/territorialchallenges.com\/\",\"logo\":{\"@type\":\"ImageObject\",\"inLanguage\":\"nl-NL\",\"@id\":\"https:\/\/territorialchallenges.com\/#\/schema\/logo\/image\/\",\"url\":\"https:\/\/territorialchallenges.com\/wp-content\/uploads\/2023\/10\/logo-1.png\",\"contentUrl\":\"https:\/\/territorialchallenges.com\/wp-content\/uploads\/2023\/10\/logo-1.png\",\"width\":1832,\"height\":576,\"caption\":\"Territorial Challenges\"},\"image\":{\"@id\":\"https:\/\/territorialchallenges.com\/#\/schema\/logo\/image\/\"}}]}<\/script>\n<!-- \/ Yoast SEO plugin. -->","yoast_head_json":{"title":"D\u00e9finition - Territorial Challenges","robots":{"index":"index","follow":"follow","max-snippet":"max-snippet:-1","max-image-preview":"max-image-preview:large","max-video-preview":"max-video-preview:-1"},"canonical":"https:\/\/territorialchallenges.com\/nl\/glossaire\/","og_locale":"nl_NL","og_type":"article","og_title":"D\u00e9finition - Territorial Challenges","og_description":"Territoires Intelligents : C\u2019est un nouveau concept de d\u00e9veloppement urbain. Il s\u2019agit d\u2019am\u00e9liorer la qualit\u00e9 de vie des habitants en rendant la ville plus adaptative et efficace, \u00e0 l\u2019aide de nouvelles technologies qui s\u2019appuient sur un \u00e9cosyst\u00e8me d\u2019objets et de services. Transition \u00c9nerg\u00e9tique\u00a0: C\u2019est la transformation par le num\u00e9rique de la production, du transport, de [&hellip;]","og_url":"https:\/\/territorialchallenges.com\/nl\/glossaire\/","og_site_name":"Territorial Challenges","article_modified_time":"2025-09-26T07:56:00+00:00","twitter_card":"summary_large_image","twitter_misc":{"Geschatte leestijd":"1 minuut"},"schema":{"@context":"https:\/\/schema.org","@graph":[{"@type":"WebPage","@id":"https:\/\/territorialchallenges.com\/glossaire\/","url":"https:\/\/territorialchallenges.com\/glossaire\/","name":"D\u00e9finition - Territorial Challenges","isPartOf":{"@id":"https:\/\/territorialchallenges.com\/#website"},"datePublished":"2019-03-12T11:35:46+00:00","dateModified":"2025-09-26T07:56:00+00:00","breadcrumb":{"@id":"https:\/\/territorialchallenges.com\/glossaire\/#breadcrumb"},"inLanguage":"nl-NL","potentialAction":[{"@type":"ReadAction","target":["https:\/\/territorialchallenges.com\/glossaire\/"]}]},{"@type":"BreadcrumbList","@id":"https:\/\/territorialchallenges.com\/glossaire\/#breadcrumb","itemListElement":[{"@type":"ListItem","position":1,"name":"Home","item":"https:\/\/territorialchallenges.com\/"},{"@type":"ListItem","position":2,"name":"D\u00e9finition"}]},{"@type":"WebSite","@id":"https:\/\/territorialchallenges.com\/#website","url":"https:\/\/territorialchallenges.com\/","name":"Territoriale uitdagingen","description":"Internationale monitoring - Slimme strategie\u00ebn - Beste praktijken","publisher":{"@id":"https:\/\/territorialchallenges.com\/#organization"},"potentialAction":[{"@type":"SearchAction","target":{"@type":"EntryPoint","urlTemplate":"https:\/\/territorialchallenges.com\/?s={search_term_string}"},"query-input":"required name=search_term_string"}],"inLanguage":"nl-NL"},{"@type":"Organization","@id":"https:\/\/territorialchallenges.com\/#organization","name":"Territoriale uitdagingen","url":"https:\/\/territorialchallenges.com\/","logo":{"@type":"ImageObject","inLanguage":"nl-NL","@id":"https:\/\/territorialchallenges.com\/#\/schema\/logo\/image\/","url":"https:\/\/territorialchallenges.com\/wp-content\/uploads\/2023\/10\/logo-1.png","contentUrl":"https:\/\/territorialchallenges.com\/wp-content\/uploads\/2023\/10\/logo-1.png","width":1832,"height":576,"caption":"Territorial Challenges"},"image":{"@id":"https:\/\/territorialchallenges.com\/#\/schema\/logo\/image\/"}}]}},"_links":{"self":[{"href":"https:\/\/territorialchallenges.com\/nl\/wp-json\/wp\/v2\/pages\/79356"}],"collection":[{"href":"https:\/\/territorialchallenges.com\/nl\/wp-json\/wp\/v2\/pages"}],"about":[{"href":"https:\/\/territorialchallenges.com\/nl\/wp-json\/wp\/v2\/types\/page"}],"author":[{"embeddable":true,"href":"https:\/\/territorialchallenges.com\/nl\/wp-json\/wp\/v2\/users\/11"}],"replies":[{"embeddable":true,"href":"https:\/\/territorialchallenges.com\/nl\/wp-json\/wp\/v2\/comments?post=79356"}],"version-history":[{"count":5,"href":"https:\/\/territorialchallenges.com\/nl\/wp-json\/wp\/v2\/pages\/79356\/revisions"}],"predecessor-version":[{"id":124982,"href":"https:\/\/territorialchallenges.com\/nl\/wp-json\/wp\/v2\/pages\/79356\/revisions\/124982"}],"wp:attachment":[{"href":"https:\/\/territorialchallenges.com\/nl\/wp-json\/wp\/v2\/media?parent=79356"}],"curies":[{"name":"wp","href":"https:\/\/api.w.org\/{rel}","templated":true}]}}