{"id":83847,"date":"2019-05-13T17:54:32","date_gmt":"2019-05-13T15:54:32","guid":{"rendered":"https:\/\/territorialchallenges.com\/?page_id=83847"},"modified":"2023-10-10T18:22:45","modified_gmt":"2023-10-10T16:22:45","slug":"cguv","status":"publish","type":"page","link":"https:\/\/territorialchallenges.com\/it\/cguv\/","title":{"rendered":"Condizioni generali di vendita e di utilizzo"},"content":{"rendered":"<h2><span class=\"font-555555\"><strong>1. Propriet\u00e0 intellettuale<\/strong><\/span><\/h2>\n<p><span class=\"font-555555\">La pubblicazione <strong>SFIDE TERRITORIALI<\/strong> \u00e8 di propriet\u00e0 esclusiva della casa editrice <strong>EIRL MONSIEUR NIDAM ABDI<\/strong>Tutti i suoi contenuti sono protetti dalle leggi francesi e internazionali in materia di diritto d&#039;autore e propriet\u00e0 intellettuale.<\/span><\/p>\n<p><span class=\"font-555555\">Le sottoscrizioni di un abbonamento individuale (di seguito Abbonamenti) non comportano alcun trasferimento di diritti di propriet\u00e0 di alcun tipo a beneficio del Cliente (il termine Cliente indica qualsiasi beneficiario o amministratore di un Abbonamento).<\/span><\/p>\n<h2><strong><span class=\"font-555555\">2. Metodi di diffusione<\/span><\/strong><\/h2>\n<p><span class=\"font-555555\">I contenuti della pubblicazione Territorial Challenges sono consultabili nei seguenti pacchetti: <\/span><span class=\"font-555555\">:<\/span><\/p>\n<h3><strong><span class=\"font-555555\">a. Abbonamenti individuali <\/span><\/strong><\/h3>\n<p><span class=\"font-555555\">Gli abbonamenti individuali sono strettamente personali. Per visualizzare le pubblicazioni e accedere ai servizi online, gli abbonati sono tenuti a fornire un indirizzo email personale. Il contenuto, in tutto o in parte, non pu\u00f2 essere condiviso in alcun modo, n\u00e9 all&#039;interno n\u00e9 all&#039;esterno dell&#039;organizzazione. I singoli numeri e articoli non possono essere distribuiti via email, su intranet o extranet, n\u00e9 riprodotti su blog o social media.<\/span><span class=\"font-555555\">.<\/span><\/p>\n<h3><strong><span class=\"font-555555\">b. Licenze multi-lettore <\/span><\/strong><\/h3>\n<p><span class=\"font-555555\">Le licenze multi-lettore consentono, tramite un&#039;unica fattura, di gestire Abbonamenti collettivi all&#039;interno della stessa struttura giuridica (escluse le filiali, salvo accordo con l&#039;editore MONSIEUR NIDAM ABDI). Queste formule sono adatte ai professionisti che operano in settori in cui l&#039;utilizzo collettivo dei nostri articoli \u00e8 essenziale per il buon funzionamento della loro attivit\u00e0. Beneficiano di tariffe decrescenti vantaggiose, ma richiedono ai Clienti il rispetto delle stesse norme sulla propriet\u00e0 intellettuale degli Abbonamenti individuali.<\/span><\/p>\n<p><span class=\"font-555555\">Esistono tre tipi di licenze:<\/span><\/p>\n<p><span class=\"font-555555\">\u2022 Le Licenze Nominative sono destinate all&#039;uso esclusivo degli Abbonati a nome dei quali sono sottoscritte e ai quali sono indirizzate. Per consultare le pubblicazioni e accedere ai servizi online, gli Abbonati sono tenuti a fornire un indirizzo e-mail nominativo (ad esempio: jean.martin@entreprise.fr).<\/span><\/p>\n<p><span class=\"font-555555\">\u2022 Le Licenze Collettive sono destinate a un gruppo di lettori appartenenti alla stessa struttura giuridica, ma non identificati individualmente. Per consultare le pubblicazioni e accedere ai servizi online, gli Abbonati dispongono di un indirizzo email collettivo. Questa opzione di identificazione \u00e8 disponibile per le licenze collettive che includono 10 o pi\u00f9 lettori.<\/span><\/p>\n<p><span class=\"font-555555\">\u2022 Le licenze IP sono destinate a un gruppo di lettori che utilizzano intervalli di indirizzi IP appartenenti alla stessa struttura giuridica per connettersi alle nostre pubblicazioni. I lettori non sono identificati individualmente. Per ricevere riepiloghi e avvisi via e-mail, i lettori possono creare un account con un indirizzo e-mail personale.<\/span><\/p>\n<h2><strong><span class=\"font-555555\">3. Limitazioni di estrazione e indicizzazione <\/span><\/strong><\/h2>\n<p><span class=\"font-555555\">Gli archivi della pubblicazione &quot;Sfide Territoriali&quot; sono organizzati in database accessibili agli Abbonati nell&#039;ambito della loro Licenza. Tuttavia, ai sensi dell&#039;articolo L342-1 della legge n. 98-536 del 1\u00b0 luglio 1998 del Codice della Propriet\u00e0 Intellettuale francese (attuazione della Direttiva 96\/9\/CE dell&#039;11 marzo 1996), l&#039;editore MONSIEUR NIDAM ABDI vieta &quot;l&#039;estrazione, mediante trasferimento permanente o temporaneo, della totalit\u00e0 o di una parte qualitativamente o quantitativamente sostanziale del contenuto di un database su un altro supporto, con qualsiasi mezzo e in qualsiasi forma&quot;.<\/span><\/p>\n<p><span class=\"font-555555\">Concretamente, \u00e8 vietato l&#039;uso di robot per estrarre una parte sostanziale dei database delle Sfide Territoriali, salvo autorizzazione scritta.<\/span><\/p>\n<h2><span class=\"font-555555\">4. Responsabilit\u00e0 dei lettori autorizzati<\/span><\/h2>\n<p><span class=\"font-555555\">Qualunque sia la formula sottoscritta, <strong>solo una copia privata<\/strong> \u00e8 autorizzato per ogni utente. <\/span><\/p>\n<p><span class=\"font-555555\">Il lettore autorizzato da un Abbonamento o da una Licenza pu\u00f2 stampare un articolo o un&#039;edizione e scaricarli per uso personale, ma non pu\u00f2 in nessun caso distribuirli a terzi, nemmeno all&#039;interno della propria azienda (sia tramite e-mail, copia cartacea o intranet).<\/span><\/p>\n<p><span class=\"font-555555\">\u00c8 severamente vietata la diffusione sui social network degli articoli pubblicati su Territorial Challenges, salvo che si tratti di citazioni o di brevi estratti.<\/span><\/p>\n<p><span class=\"font-555555\"> Il lettore autorizzato si impegna a mantenere segreta la propria password e a non divulgarla in alcun modo a terzi.<\/span><\/p>\n<h2><strong><span class=\"font-555555\">5. Responsabilit\u00e0 specifiche dell&#039;amministratore della licenza<\/span><\/strong><\/h2>\n<p><span class=\"font-555555\">L&#039;Amministratore responsabile della gestione di una Licenza garantisce l&#039;accettazione e il rispetto delle presenti Condizioni Generali di Vendita e di Utilizzo (GCSU) per tutti i lettori autorizzati ai sensi della presente Licenza.<\/span><\/p>\n<h2><span class=\"font-555555\">6. Sottoscrizione e gestione degli Abbonamenti e delle Licenze <\/span><\/h2>\n<h3><strong><span class=\"font-555555\">Abbonamento al supporto online<\/span><\/strong><\/h3>\n<p><span class=\"font-555555\"> Procedure di registrazione \u2013 creazione di un account online <\/span><\/p>\n<p><span class=\"font-555555\">L&#039;accesso e la consultazione della Pubblicazione e\/o di un Servizio di Abbonamento in formato elettronico richiedono la creazione da parte dell&#039;Abbonato di un account sul Sito, un account unico e personale per l&#039;Abbonato. L&#039;Abbonato si impegna a fornire informazioni veritiere, accurate e<\/span><\/p>\n<p><span class=\"font-555555\">informazioni aggiornate e complete sulla sua identit\u00e0, sulla sua posizione, sull&#039;identit\u00e0 della sua azienda, nonch\u00e9 su qualsiasi informazione richiesta nel Modulo d&#039;Ordine. Si impegna ad aggiornare le informazioni sul suo account non appena necessario. Nel caso in cui l&#039;Abbonato fornisca dati di registrazione falsi, inesatti, obsoleti o incompleti, l&#039;Editore avr\u00e0 il diritto di sospendere o chiudere il suo account Abbonato senza preavviso e di negargli l&#039;accesso immediato e futuro a tutta o parte della Pubblicazione e\/o del Servizio, senza dover rimborsare le somme versate. L&#039;Abbonato \u00e8 l&#039;unico responsabile dell&#039;uso che pu\u00f2 essere fatto del suo account ed \u00e8 l&#039;unico garante della riservatezza dei suoi dati di accesso. Si impegna a informare immediatamente l&#039;Editore di qualsiasi utilizzo non autorizzato del suo account e\/o di qualsiasi violazione della riservatezza e della sicurezza dei suoi mezzi di identificazione. L&#039;Editore non sar\u00e0 ritenuto responsabile in nessun caso per eventuali perdite o danni derivanti dal mancato rispetto degli obblighi di cui al presente articolo. L&#039;Abbonato \u00e8 personalmente responsabile della predisposizione delle risorse informatiche e di telecomunicazione che consentono l&#039;accesso al Sito. L&#039;Abbonato sar\u00e0 responsabile dei costi di telecomunicazione per l&#039;accesso a Internet e l&#039;utilizzo del Sito e dei Servizi a cui ha sottoscritto l&#039;abbonamento.<\/span><\/p>\n<h3><strong><span class=\"font-555555\">Gestione degli abbonamenti e delle licenze<\/span><\/strong><\/h3>\n<p><span class=\"font-555555\"> Ogni ordine di Abbonamento o di Licenza implica l&#039;<\/span><span style=\"font-family: 'PT Sans';\">accettazione piena e incondizionata <\/span><span style=\"font-family: 'PT Sans';\">soggetto alle presenti Condizioni Generali di Vendita e di Utilizzo.<\/span><\/p>\n<p><span style=\"font-family: 'PT Sans';\"><strong>Data di inizio<\/strong> \u2013 L\u2019Abbonamento o la Licenza hanno effetto al momento della ricezione dell\u2019ordine <\/span><span style=\"font-family: 'PT Sans';\">quando si tratta di un nuovo Abbonamento. Al momento del rinnovo, il nuovo Abbonamento o <\/span><span style=\"font-family: 'PT Sans';\">la nuova Licenza entra in vigore in seguito al precedente Abbonamento o Licenza. <\/span><span style=\"font-family: 'PT Sans';\">Per <\/span><span style=\"font-family: 'PT Sans';\">qualsiasi altra disposizione (sottoscrizione retroattiva, attuazione in una data specifica, ecc.), \u00e8 <\/span><span style=\"font-family: 'PT Sans';\">necessario specificarlo al momento dell&#039;ordine.<\/span><\/p>\n<p><span style=\"font-family: 'PT Sans';\"><strong>Cancellazione<\/strong> \u2013 Gli ordini di Abbonamenti e Licenze sono considerati fermi e <\/span><span style=\"font-family: 'PT Sans';\">definitivi dal momento della loro ricezione da parte dell&#039;editore MONSIEUR NIDAM ABDI. Secondo, il <\/span><span style=\"font-family: 'PT Sans';\">disposizioni di legge, il diritto di recesso pu\u00f2 essere esercitato dal Cliente entro 14 giorni <\/span><span style=\"font-family: 'PT Sans';\">dopo l&#039;ordine. Il Cliente sar\u00e0 comunque tenuto a corrispondere un importo calcolato pro-rata temporis <\/span><span style=\"font-family: 'PT Sans';\">durata dell&#039;Abbonamento o della Licenza prestata tra la registrazione dell&#039;ordine e la sua <\/span><span style=\"font-family: 'PT Sans';\">cancellazione.<\/span><\/p>\n<p><span style=\"font-family: 'PT Sans';\"><strong>Non trasferibilit\u00e0<\/strong> \u2013 L\u2019Abbonato non potr\u00e0 cedere in tutto o in parte i diritti e gli obblighi derivanti dal Contratto. <\/span><span style=\"font-family: PT Sans;\">presentare a terzi, senza l&#039;espressa autorizzazione preventiva dell&#039;Editore.<\/span><\/p>\n<p><span style=\"font-family: 'PT Sans';\">Controversie \u2013 Ogni reclamo dovr\u00e0 essere presentato per lettera, pena la decadenza <\/span><span style=\"font-family: 'PT Sans';\">raccomandata con ricevuta di ritorno. Ogni controversia, di qualunque natura essa sia, sar\u00e0 sottoposta a <\/span><span style=\"font-family: 'PT Sans';\">la giurisdizione dei tribunali di Nanterre che applicheranno la legge francese.<\/span><\/p>\n<p><span style=\"font-family: 'PT Sans';\"><strong>Nuova iscrizione automatica<\/strong> \u2013 Optando per la riiscrizione automatica, l\u2019Abbonato <\/span><span style=\"font-family: 'PT Sans';\">beneficia di uno sconto del 10% sulla tariffa base ogni anno. Sei settimane prima <\/span><span style=\"font-family: 'PT Sans';\">alla scadenza del suo abbonamento, riceve una fattura corrispondente al suo rinnovo per <\/span><span style=\"font-family: 'PT Sans';\">un anno. Se non desidera riabbonarsi, deve semplicemente restituire questa fattura con il <\/span><span style=\"font-family: 'PT Sans';\">contrassegnato come &quot;Annullato&quot; entro sei settimane dalla data della fattura. Dopo questo periodo,<\/span><span style=\"font-family: 'PT Sans';\">non verr\u00e0 accettata alcuna cancellazione. L&#039;Abbonamento o la Licenza saranno considerati come <\/span><span style=\"font-family: 'PT Sans';\">rinnovato e l&#039;importo corrispondente sar\u00e0 dovuto per intero.<\/span><\/p>\n<h3><strong><span style=\"font-family: 'PT Sans';\">Biscotti<\/span><\/strong><\/h3>\n<p><span class=\"font-555555\">Un &quot;Cookie&quot; consente l&#039;identificazione dell&#039;Utente, la personalizzazione della sua consultazione del sito www.territorialchallenges.com e l&#039;accelerazione del layout del sito mediante il salvataggio di un file di dati sul suo computer. I cookie che emettiamo vengono utilizzati per elaborare statistiche sul numero di visitatori del nostro sito al fine di migliorare l&#039;interesse e l&#039;ergonomia dei nostri servizi.<\/span><\/p>\n<p><span class=\"font-555555\">L&#039;Utente riconosce di essere informato di questa pratica e autorizza EIRL Nidam ABDI a procedere con essa. <\/span><\/p>\n<p><span class=\"font-555555\">In ogni caso, EIRL Nidam ABDI si impegna a non comunicare mai il contenuto dei &quot;Cookie&quot; a terzi, salvo in caso di obbligo di legge. L&#039;Utente pu\u00f2 rifiutare la registrazione dei &quot;Cookie&quot; o configurare il proprio browser in modo da essere avvisato prima di accettare i &quot;Cookie&quot;. A tal fine, l&#039;Utente pu\u00f2 configurare il proprio browser dal menu &quot;Strumenti&quot; di Microsoft Internet Explorer. Per quanto riguarda i Cookie di Google, autorizzati di default, \u00e8 possibile modificare questa impostazione nella finestra di dialogo &quot;Opzioni&quot;.<\/span><\/p>\n<h2><strong><span class=\"font-555555\">8. Condizioni di pagamento <\/span><\/strong><\/h2>\n<p><span class=\"font-555555\">Una fattura per i costi di abbonamento e licenza viene emessa al momento dell&#039;attivazione del servizio. Pu\u00f2 anche essere inviata dall&#039;editore MONSIEUR NIDAM ABDI al Cliente (o al contatto di fatturazione indicato dal Cliente al momento dell&#039;abbonamento). Le richieste di fatturazione devono essere inviate a contact@territorialchallenges.com. <\/span><\/p>\n<p><span class=\"font-555555\"><strong>Scadenze di pagamento<\/strong> \u2013 Il pagamento dell\u2019Abbonamento o della Licenza \u00e8 dovuto al ricevimento della fattura e deve essere effettuato <strong>entro un termine massimo di 30 giorni<\/strong> da tale ricezione. In caso di ritardo nel pagamento, l&#039;Abbonamento o la Licenza saranno sospesi fino al ricevimento dell&#039;intero importo della fattura. Qualora il Cliente abbia pi\u00f9 abbonamenti in corso, il mancato pagamento entro tale termine di uno di essi comporta la sospensione di tutti gli abbonamenti fino al ricevimento del pagamento mancante.<\/span><\/p>\n<p><span class=\"font-555555\"><strong>Metodi di pagamento<\/strong> \u2013 L\u2019editore MONSIEUR NIDAM ABDI accetta pagamenti in euro (EUR), dollari statunitensi (USD) o sterline inglesi (GBP), effettuati tramite i seguenti mezzi:<\/span><\/p>\n<p><span class=\"font-555555\">-Carta di credito:<\/span><\/p>\n<ul>\n<li><span class=\"font-555555\">Visa, Mastercard<\/span><\/li>\n<li><span class=\"font-555555\">American Express (solo in EUR o USD)<\/span><\/li>\n<\/ul>\n<p><span class=\"font-555555\">\u2013 Assegno bancario intestato a MONSIEUR NIDAM ABDI<\/span><\/p>\n<p><span class=\"font-555555\">\u2013 Bonifico bancario. Le spese di emissione del bonifico da parte della banca del cliente sono a carico del cliente.<\/span><\/p>\n<p><span class=\"font-555555\">\u2013 PayPal Per qualsiasi altro metodo di pagamento, contattare il servizio clienti: contact@territorialchallenges.com)<\/span><\/p>\n<h2><strong><span class=\"font-555555\">9. Dati personali e rispetto della privacy<\/span><\/strong><\/h2>\n<p><span class=\"font-555555\">MONSIEUR NIDAM ABDI rispetta rigorosamente le leggi vigenti in materia di protezione della privacy e delle libert\u00e0 individuali, e in particolare il Regolamento Generale sulla Protezione dei Dati (GDPR), entrato in vigore nell&#039;Unione Europea nel maggio 2018. Solo il fornitore di servizi commerciali di MONSIEUR NIDAM ABDI, soggetto a rigorose regole di riservatezza, ha accesso alle informazioni dei clienti e dei potenziali clienti. Nessun trattamento informatico viene subappaltato a una societ\u00e0 terza. MONSIEUR NIDAM ABDI si impegna a non divulgare mai a terzi le informazioni che il Cliente (Amministratore o Lettore) le comunica. In conformit\u00e0 con la legge francese sull&#039;informatica e le libert\u00e0 del 6 gennaio 1978, il Cliente ha il diritto di accesso, rettifica e opposizione ai dati personali che lo riguardano. Pu\u00f2 rifiutare di ricevere messaggi promozionali modificando i propri dati personali online o inviando una richiesta al servizio clienti (contact@territorialchallenges.com).<\/span><\/p>\n<h2><strong><span class=\"font-555555\">10. Modifiche e conformit\u00e0 alle presenti condizioni <\/span><\/strong><\/h2>\n<p><span class=\"font-555555\">MONSIEUR NIDAM ABDI si riserva il diritto di modificare in qualsiasi momento le presenti Condizioni Generali di Vendita e di Utilizzo.<\/span><\/p>\n<p><span class=\"font-555555\">MONSIEUR NIDAM ABDI si riserva il diritto di interrompere o terminare qualsiasi Abbonamento o Licenza che contravvenga alle Condizioni Generali di Vendita e di Utilizzo sopra illustrate.<\/span><\/p>","protected":false},"excerpt":{"rendered":"<p>1. Propriet\u00e0 intellettuale La pubblicazione TERRITORIAL CHALLENGES \u00e8 di propriet\u00e0 esclusiva della casa editrice EIRL MONSIEUR NIDAM ABDI. Tutti i suoi contenuti sono protetti dalle leggi francesi e internazionali in materia di diritto d&#039;autore e propriet\u00e0 intellettuale. L&#039;abbonamento a un abbonamento individuale (di seguito gli Abbonamenti) non comporta alcun trasferimento di diritti di propriet\u00e0 [\u2026]<\/p>","protected":false},"author":11,"featured_media":0,"parent":0,"menu_order":0,"comment_status":"closed","ping_status":"closed","template":"","meta":{"pmpro_default_level":0,"footnotes":""},"blocksy_meta":"","yoast_head":"<!-- This site is optimized with the Yoast SEO plugin v21.5 - https:\/\/yoast.com\/wordpress\/plugins\/seo\/ -->\n<title>Conditions g\u00e9n\u00e9rales de vente et d\u2019utilisation - Territorial Challenges<\/title>\n<meta name=\"robots\" content=\"index, follow, max-snippet:-1, max-image-preview:large, max-video-preview:-1\" \/>\n<link rel=\"canonical\" href=\"https:\/\/territorialchallenges.com\/it\/cguv\/\" \/>\n<meta property=\"og:locale\" content=\"it_IT\" \/>\n<meta property=\"og:type\" content=\"article\" \/>\n<meta property=\"og:title\" content=\"Conditions g\u00e9n\u00e9rales de vente et d\u2019utilisation - Territorial Challenges\" \/>\n<meta property=\"og:description\" content=\"1. Propri\u00e9t\u00e9 intellectuelle La publication TERRITORIAL CHALLENGES est la propri\u00e9t\u00e9 exclusive de la soci\u00e9t\u00e9 d\u2019\u00e9dition EIRL MONSIEUR NIDAM ABDI. Tous ses contenus sont prot\u00e9g\u00e9s par les lois fran\u00e7aises et internationales relatives au droit d&rsquo;auteur et \u00e0 la propri\u00e9t\u00e9 intellectuelle. Les souscriptions \u00e0 un abonnement individuel (ci-apr\u00e8s les Abonnements) n\u2019entra\u00eenent aucun transfert de droit de propri\u00e9t\u00e9 [&hellip;]\" \/>\n<meta property=\"og:url\" content=\"https:\/\/territorialchallenges.com\/it\/cguv\/\" \/>\n<meta property=\"og:site_name\" content=\"Territorial Challenges\" \/>\n<meta property=\"article:modified_time\" content=\"2023-10-10T16:22:45+00:00\" \/>\n<meta name=\"twitter:card\" content=\"summary_large_image\" \/>\n<meta name=\"twitter:label1\" content=\"Tempo di lettura stimato\" \/>\n\t<meta name=\"twitter:data1\" content=\"10 minuti\" \/>\n<script type=\"application\/ld+json\" class=\"yoast-schema-graph\">{\"@context\":\"https:\/\/schema.org\",\"@graph\":[{\"@type\":\"WebPage\",\"@id\":\"https:\/\/territorialchallenges.com\/cguv\/\",\"url\":\"https:\/\/territorialchallenges.com\/cguv\/\",\"name\":\"Conditions g\u00e9n\u00e9rales de vente et d\u2019utilisation - Territorial Challenges\",\"isPartOf\":{\"@id\":\"https:\/\/territorialchallenges.com\/#website\"},\"datePublished\":\"2019-05-13T15:54:32+00:00\",\"dateModified\":\"2023-10-10T16:22:45+00:00\",\"breadcrumb\":{\"@id\":\"https:\/\/territorialchallenges.com\/cguv\/#breadcrumb\"},\"inLanguage\":\"it-IT\",\"potentialAction\":[{\"@type\":\"ReadAction\",\"target\":[\"https:\/\/territorialchallenges.com\/cguv\/\"]}]},{\"@type\":\"BreadcrumbList\",\"@id\":\"https:\/\/territorialchallenges.com\/cguv\/#breadcrumb\",\"itemListElement\":[{\"@type\":\"ListItem\",\"position\":1,\"name\":\"Home\",\"item\":\"https:\/\/territorialchallenges.com\/\"},{\"@type\":\"ListItem\",\"position\":2,\"name\":\"Conditions g\u00e9n\u00e9rales de vente et d\u2019utilisation\"}]},{\"@type\":\"WebSite\",\"@id\":\"https:\/\/territorialchallenges.com\/#website\",\"url\":\"https:\/\/territorialchallenges.com\/\",\"name\":\"Territorial Challenges\",\"description\":\"Veille Internationale - Strat\u00e9gie Intelligentes - Bonnes pratiques\",\"publisher\":{\"@id\":\"https:\/\/territorialchallenges.com\/#organization\"},\"potentialAction\":[{\"@type\":\"SearchAction\",\"target\":{\"@type\":\"EntryPoint\",\"urlTemplate\":\"https:\/\/territorialchallenges.com\/?s={search_term_string}\"},\"query-input\":\"required name=search_term_string\"}],\"inLanguage\":\"it-IT\"},{\"@type\":\"Organization\",\"@id\":\"https:\/\/territorialchallenges.com\/#organization\",\"name\":\"Territorial Challenges\",\"url\":\"https:\/\/territorialchallenges.com\/\",\"logo\":{\"@type\":\"ImageObject\",\"inLanguage\":\"it-IT\",\"@id\":\"https:\/\/territorialchallenges.com\/#\/schema\/logo\/image\/\",\"url\":\"https:\/\/territorialchallenges.com\/wp-content\/uploads\/2023\/10\/logo-1.png\",\"contentUrl\":\"https:\/\/territorialchallenges.com\/wp-content\/uploads\/2023\/10\/logo-1.png\",\"width\":1832,\"height\":576,\"caption\":\"Territorial Challenges\"},\"image\":{\"@id\":\"https:\/\/territorialchallenges.com\/#\/schema\/logo\/image\/\"}}]}<\/script>\n<!-- \/ Yoast SEO plugin. -->","yoast_head_json":{"title":"Condizioni generali di vendita e di utilizzo - Sfide territoriali","robots":{"index":"index","follow":"follow","max-snippet":"max-snippet:-1","max-image-preview":"max-image-preview:large","max-video-preview":"max-video-preview:-1"},"canonical":"https:\/\/territorialchallenges.com\/it\/cguv\/","og_locale":"it_IT","og_type":"article","og_title":"Conditions g\u00e9n\u00e9rales de vente et d\u2019utilisation - Territorial Challenges","og_description":"1. Propri\u00e9t\u00e9 intellectuelle La publication TERRITORIAL CHALLENGES est la propri\u00e9t\u00e9 exclusive de la soci\u00e9t\u00e9 d\u2019\u00e9dition EIRL MONSIEUR NIDAM ABDI. Tous ses contenus sont prot\u00e9g\u00e9s par les lois fran\u00e7aises et internationales relatives au droit d&rsquo;auteur et \u00e0 la propri\u00e9t\u00e9 intellectuelle. Les souscriptions \u00e0 un abonnement individuel (ci-apr\u00e8s les Abonnements) n\u2019entra\u00eenent aucun transfert de droit de propri\u00e9t\u00e9 [&hellip;]","og_url":"https:\/\/territorialchallenges.com\/it\/cguv\/","og_site_name":"Territorial Challenges","article_modified_time":"2023-10-10T16:22:45+00:00","twitter_card":"summary_large_image","twitter_misc":{"Tempo di lettura stimato":"10 minuti"},"schema":{"@context":"https:\/\/schema.org","@graph":[{"@type":"WebPage","@id":"https:\/\/territorialchallenges.com\/cguv\/","url":"https:\/\/territorialchallenges.com\/cguv\/","name":"Condizioni generali di vendita e di utilizzo - Sfide territoriali","isPartOf":{"@id":"https:\/\/territorialchallenges.com\/#website"},"datePublished":"2019-05-13T15:54:32+00:00","dateModified":"2023-10-10T16:22:45+00:00","breadcrumb":{"@id":"https:\/\/territorialchallenges.com\/cguv\/#breadcrumb"},"inLanguage":"it-IT","potentialAction":[{"@type":"ReadAction","target":["https:\/\/territorialchallenges.com\/cguv\/"]}]},{"@type":"BreadcrumbList","@id":"https:\/\/territorialchallenges.com\/cguv\/#breadcrumb","itemListElement":[{"@type":"ListItem","position":1,"name":"Home","item":"https:\/\/territorialchallenges.com\/"},{"@type":"ListItem","position":2,"name":"Conditions g\u00e9n\u00e9rales de vente et d\u2019utilisation"}]},{"@type":"WebSite","@id":"https:\/\/territorialchallenges.com\/#website","url":"https:\/\/territorialchallenges.com\/","name":"Sfide territoriali","description":"Monitoraggio internazionale - Strategie intelligenti - Migliori pratiche","publisher":{"@id":"https:\/\/territorialchallenges.com\/#organization"},"potentialAction":[{"@type":"SearchAction","target":{"@type":"EntryPoint","urlTemplate":"https:\/\/territorialchallenges.com\/?s={search_term_string}"},"query-input":"required name=search_term_string"}],"inLanguage":"it-IT"},{"@type":"Organization","@id":"https:\/\/territorialchallenges.com\/#organization","name":"Sfide territoriali","url":"https:\/\/territorialchallenges.com\/","logo":{"@type":"ImageObject","inLanguage":"it-IT","@id":"https:\/\/territorialchallenges.com\/#\/schema\/logo\/image\/","url":"https:\/\/territorialchallenges.com\/wp-content\/uploads\/2023\/10\/logo-1.png","contentUrl":"https:\/\/territorialchallenges.com\/wp-content\/uploads\/2023\/10\/logo-1.png","width":1832,"height":576,"caption":"Territorial Challenges"},"image":{"@id":"https:\/\/territorialchallenges.com\/#\/schema\/logo\/image\/"}}]}},"_links":{"self":[{"href":"https:\/\/territorialchallenges.com\/it\/wp-json\/wp\/v2\/pages\/83847"}],"collection":[{"href":"https:\/\/territorialchallenges.com\/it\/wp-json\/wp\/v2\/pages"}],"about":[{"href":"https:\/\/territorialchallenges.com\/it\/wp-json\/wp\/v2\/types\/page"}],"author":[{"embeddable":true,"href":"https:\/\/territorialchallenges.com\/it\/wp-json\/wp\/v2\/users\/11"}],"replies":[{"embeddable":true,"href":"https:\/\/territorialchallenges.com\/it\/wp-json\/wp\/v2\/comments?post=83847"}],"version-history":[{"count":12,"href":"https:\/\/territorialchallenges.com\/it\/wp-json\/wp\/v2\/pages\/83847\/revisions"}],"predecessor-version":[{"id":121346,"href":"https:\/\/territorialchallenges.com\/it\/wp-json\/wp\/v2\/pages\/83847\/revisions\/121346"}],"wp:attachment":[{"href":"https:\/\/territorialchallenges.com\/it\/wp-json\/wp\/v2\/media?parent=83847"}],"curies":[{"name":"parola chiave","href":"https:\/\/api.w.org\/{rel}","templated":true}]}}