{"id":83801,"date":"2019-05-13T11:04:51","date_gmt":"2019-05-13T09:04:51","guid":{"rendered":"https:\/\/territorialchallenges.com\/?page_id=83801"},"modified":"2025-09-15T09:03:17","modified_gmt":"2025-09-15T07:03:17","slug":"a-propos","status":"publish","type":"page","link":"https:\/\/territorialchallenges.com\/it\/a-propos\/","title":{"rendered":"Informazioni sul sito"},"content":{"rendered":"<p><span class=\"font-181343\"><strong>Sfide territoriali<\/strong> \u00e8 una pubblicazione digitale sotto forma di monitoraggio strategico globale che si propone di rilevare idee, pensieri e progetti di stakeholder, esperti, politici e industriali nella trasformazione digitale dei territori.<\/span><\/p>\n<p><span class=\"font-181343\">Creato nel 2011 con il nome di<strong>Ecoinovatio<\/strong>, di <strong>Nidam ABDI<\/strong>, ex giornalista della stampa scritta nazionale (Lib\u00e9ration, Le Point) e direttore dello sviluppo del gruppo stampa CPMedia, nel settore delle apparecchiature elettriche, <strong>Sfide territoriali<\/strong> offre una visione globale della filosofia sviluppata in tutti i continenti, in ogni Paese e autorit\u00e0 locale che produce buone pratiche grazie all&#039;innovazione digitale. Dal 26 dicembre 2011, questo monitoraggio ha permesso <strong>Nidam ABDI<\/strong> per essere selezionati tra i 25 influencer del social network LinkedIn, si basa su 4 temi:<\/span><\/p>\n<p><span class=\"font-181343\">Supportare la creazione di citt\u00e0 intelligenti =&gt; <strong>Territori intelligenti<\/strong><\/span><\/p>\n<p>Trova soluzioni energetiche efficienti =&gt; <strong>Transizione energetica<br \/>\n<\/strong><br \/>\nInnovare nei settori del futuro =&gt; <strong>Industria 5.0<br \/>\n<\/strong><br \/>\nSapere come utilizzare efficacemente gli oggetti connessi nei territori =&gt; <strong>Dati\/Oggetti connessi<\/strong><\/p>","protected":false},"excerpt":{"rendered":"<p>Territorial Challenges \u00e8 una pubblicazione digitale sotto forma di monitoraggio strategico globale che mira a raccogliere idee, riflessioni e progetti di stakeholder, esperti, politici e industriali coinvolti nella trasformazione digitale dei territori. Creata nel 2011 con il nome di Ecoinovatio, da Nidam ABDI, ex giornalista della stampa nazionale (Lib\u00e9ration, Le Point) [\u2026]<\/p>","protected":false},"author":11,"featured_media":0,"parent":0,"menu_order":0,"comment_status":"closed","ping_status":"closed","template":"","meta":{"pmpro_default_level":0,"footnotes":""},"blocksy_meta":"","yoast_head":"<!-- This site is optimized with the Yoast SEO plugin v21.5 - https:\/\/yoast.com\/wordpress\/plugins\/seo\/ -->\n<title>A propos du site - Territorial Challenges<\/title>\n<meta name=\"robots\" content=\"index, follow, max-snippet:-1, max-image-preview:large, max-video-preview:-1\" \/>\n<link rel=\"canonical\" href=\"https:\/\/territorialchallenges.com\/it\/a-propos\/\" \/>\n<meta property=\"og:locale\" content=\"it_IT\" \/>\n<meta property=\"og:type\" content=\"article\" \/>\n<meta property=\"og:title\" content=\"A propos du site - Territorial Challenges\" \/>\n<meta property=\"og:description\" content=\"Territorial Challenges est une publication num\u00e9rique en forme de veille strat\u00e9gique au niveau mondial qui s&rsquo;attache \u00e0 d\u00e9tecter les id\u00e9es, les r\u00e9flexions et projets des acteurs, experts, politiques et industriels de la transformation num\u00e9rique des territoires. Cr\u00e9e en 2011 sous le nom d\u2019Ecoinovatio, par Nidam ABDI, ex-journaliste de la presse \u00e9crite nationale (Lib\u00e9ration, Le Point) [&hellip;]\" \/>\n<meta property=\"og:url\" content=\"https:\/\/territorialchallenges.com\/it\/a-propos\/\" \/>\n<meta property=\"og:site_name\" content=\"Territorial Challenges\" \/>\n<meta property=\"article:modified_time\" content=\"2025-09-15T07:03:17+00:00\" \/>\n<meta name=\"twitter:card\" content=\"summary_large_image\" \/>\n<meta name=\"twitter:label1\" content=\"Tempo di lettura stimato\" \/>\n\t<meta name=\"twitter:data1\" content=\"1 minuto\" \/>\n<script type=\"application\/ld+json\" class=\"yoast-schema-graph\">{\"@context\":\"https:\/\/schema.org\",\"@graph\":[{\"@type\":\"WebPage\",\"@id\":\"https:\/\/territorialchallenges.com\/a-propos\/\",\"url\":\"https:\/\/territorialchallenges.com\/a-propos\/\",\"name\":\"A propos du site - Territorial Challenges\",\"isPartOf\":{\"@id\":\"https:\/\/territorialchallenges.com\/#website\"},\"datePublished\":\"2019-05-13T09:04:51+00:00\",\"dateModified\":\"2025-09-15T07:03:17+00:00\",\"breadcrumb\":{\"@id\":\"https:\/\/territorialchallenges.com\/a-propos\/#breadcrumb\"},\"inLanguage\":\"it-IT\",\"potentialAction\":[{\"@type\":\"ReadAction\",\"target\":[\"https:\/\/territorialchallenges.com\/a-propos\/\"]}]},{\"@type\":\"BreadcrumbList\",\"@id\":\"https:\/\/territorialchallenges.com\/a-propos\/#breadcrumb\",\"itemListElement\":[{\"@type\":\"ListItem\",\"position\":1,\"name\":\"Home\",\"item\":\"https:\/\/territorialchallenges.com\/\"},{\"@type\":\"ListItem\",\"position\":2,\"name\":\"A propos du site\"}]},{\"@type\":\"WebSite\",\"@id\":\"https:\/\/territorialchallenges.com\/#website\",\"url\":\"https:\/\/territorialchallenges.com\/\",\"name\":\"Territorial Challenges\",\"description\":\"Veille Internationale - Strat\u00e9gie Intelligentes - Bonnes pratiques\",\"publisher\":{\"@id\":\"https:\/\/territorialchallenges.com\/#organization\"},\"potentialAction\":[{\"@type\":\"SearchAction\",\"target\":{\"@type\":\"EntryPoint\",\"urlTemplate\":\"https:\/\/territorialchallenges.com\/?s={search_term_string}\"},\"query-input\":\"required name=search_term_string\"}],\"inLanguage\":\"it-IT\"},{\"@type\":\"Organization\",\"@id\":\"https:\/\/territorialchallenges.com\/#organization\",\"name\":\"Territorial Challenges\",\"url\":\"https:\/\/territorialchallenges.com\/\",\"logo\":{\"@type\":\"ImageObject\",\"inLanguage\":\"it-IT\",\"@id\":\"https:\/\/territorialchallenges.com\/#\/schema\/logo\/image\/\",\"url\":\"https:\/\/territorialchallenges.com\/wp-content\/uploads\/2023\/10\/logo-1.png\",\"contentUrl\":\"https:\/\/territorialchallenges.com\/wp-content\/uploads\/2023\/10\/logo-1.png\",\"width\":1832,\"height\":576,\"caption\":\"Territorial Challenges\"},\"image\":{\"@id\":\"https:\/\/territorialchallenges.com\/#\/schema\/logo\/image\/\"}}]}<\/script>\n<!-- \/ Yoast SEO plugin. -->","yoast_head_json":{"title":"Informazioni sul sito - Sfide territoriali","robots":{"index":"index","follow":"follow","max-snippet":"max-snippet:-1","max-image-preview":"max-image-preview:large","max-video-preview":"max-video-preview:-1"},"canonical":"https:\/\/territorialchallenges.com\/it\/a-propos\/","og_locale":"it_IT","og_type":"article","og_title":"A propos du site - Territorial Challenges","og_description":"Territorial Challenges est une publication num\u00e9rique en forme de veille strat\u00e9gique au niveau mondial qui s&rsquo;attache \u00e0 d\u00e9tecter les id\u00e9es, les r\u00e9flexions et projets des acteurs, experts, politiques et industriels de la transformation num\u00e9rique des territoires. Cr\u00e9e en 2011 sous le nom d\u2019Ecoinovatio, par Nidam ABDI, ex-journaliste de la presse \u00e9crite nationale (Lib\u00e9ration, Le Point) [&hellip;]","og_url":"https:\/\/territorialchallenges.com\/it\/a-propos\/","og_site_name":"Territorial Challenges","article_modified_time":"2025-09-15T07:03:17+00:00","twitter_card":"summary_large_image","twitter_misc":{"Tempo di lettura stimato":"1 minuto"},"schema":{"@context":"https:\/\/schema.org","@graph":[{"@type":"WebPage","@id":"https:\/\/territorialchallenges.com\/a-propos\/","url":"https:\/\/territorialchallenges.com\/a-propos\/","name":"Informazioni sul sito - Sfide territoriali","isPartOf":{"@id":"https:\/\/territorialchallenges.com\/#website"},"datePublished":"2019-05-13T09:04:51+00:00","dateModified":"2025-09-15T07:03:17+00:00","breadcrumb":{"@id":"https:\/\/territorialchallenges.com\/a-propos\/#breadcrumb"},"inLanguage":"it-IT","potentialAction":[{"@type":"ReadAction","target":["https:\/\/territorialchallenges.com\/a-propos\/"]}]},{"@type":"BreadcrumbList","@id":"https:\/\/territorialchallenges.com\/a-propos\/#breadcrumb","itemListElement":[{"@type":"ListItem","position":1,"name":"Home","item":"https:\/\/territorialchallenges.com\/"},{"@type":"ListItem","position":2,"name":"A propos du site"}]},{"@type":"WebSite","@id":"https:\/\/territorialchallenges.com\/#website","url":"https:\/\/territorialchallenges.com\/","name":"Sfide territoriali","description":"Monitoraggio internazionale - Strategie intelligenti - Migliori pratiche","publisher":{"@id":"https:\/\/territorialchallenges.com\/#organization"},"potentialAction":[{"@type":"SearchAction","target":{"@type":"EntryPoint","urlTemplate":"https:\/\/territorialchallenges.com\/?s={search_term_string}"},"query-input":"required name=search_term_string"}],"inLanguage":"it-IT"},{"@type":"Organization","@id":"https:\/\/territorialchallenges.com\/#organization","name":"Sfide territoriali","url":"https:\/\/territorialchallenges.com\/","logo":{"@type":"ImageObject","inLanguage":"it-IT","@id":"https:\/\/territorialchallenges.com\/#\/schema\/logo\/image\/","url":"https:\/\/territorialchallenges.com\/wp-content\/uploads\/2023\/10\/logo-1.png","contentUrl":"https:\/\/territorialchallenges.com\/wp-content\/uploads\/2023\/10\/logo-1.png","width":1832,"height":576,"caption":"Territorial Challenges"},"image":{"@id":"https:\/\/territorialchallenges.com\/#\/schema\/logo\/image\/"}}]}},"_links":{"self":[{"href":"https:\/\/territorialchallenges.com\/it\/wp-json\/wp\/v2\/pages\/83801"}],"collection":[{"href":"https:\/\/territorialchallenges.com\/it\/wp-json\/wp\/v2\/pages"}],"about":[{"href":"https:\/\/territorialchallenges.com\/it\/wp-json\/wp\/v2\/types\/page"}],"author":[{"embeddable":true,"href":"https:\/\/territorialchallenges.com\/it\/wp-json\/wp\/v2\/users\/11"}],"replies":[{"embeddable":true,"href":"https:\/\/territorialchallenges.com\/it\/wp-json\/wp\/v2\/comments?post=83801"}],"version-history":[{"count":12,"href":"https:\/\/territorialchallenges.com\/it\/wp-json\/wp\/v2\/pages\/83801\/revisions"}],"predecessor-version":[{"id":124906,"href":"https:\/\/territorialchallenges.com\/it\/wp-json\/wp\/v2\/pages\/83801\/revisions\/124906"}],"wp:attachment":[{"href":"https:\/\/territorialchallenges.com\/it\/wp-json\/wp\/v2\/media?parent=83801"}],"curies":[{"name":"parola chiave","href":"https:\/\/api.w.org\/{rel}","templated":true}]}}