{"id":79356,"date":"2019-03-12T12:35:46","date_gmt":"2019-03-12T11:35:46","guid":{"rendered":"https:\/\/territorialchallenges.com\/?page_id=79356"},"modified":"2025-09-26T09:56:00","modified_gmt":"2025-09-26T07:56:00","slug":"glossaire","status":"publish","type":"page","link":"https:\/\/territorialchallenges.com\/it\/glossaire\/","title":{"rendered":"Definizione"},"content":{"rendered":"<p><strong>Territori intelligenti:<\/strong> Si tratta di un nuovo concetto di sviluppo urbano. Mira a migliorare la qualit\u00e0 della vita dei residenti rendendo le citt\u00e0 pi\u00f9 adattabili ed efficienti, utilizzando nuove tecnologie che si basano su un ecosistema di oggetti e servizi.<\/p>\n<p><strong>Transizione energetica:<\/strong> Si tratta della trasformazione digitale della produzione, del trasporto, della distribuzione e del consumo di energia, che include anche una gamma di fonti di energia rinnovabile.<\/p>\n<p><strong>Industria 5.0:<\/strong> Ci\u00f2 riguarda la digitalizzazione dell&#039;ecosistema di produzione e lavorazione dei beni strumentali. Si riferisce anche alla robotizzazione delle fabbriche.<\/p>\n<p><strong>IoT:<\/strong> Gli oggetti connessi rappresentano sistemi intelligenti costituiti da sensori o macchine che, attraverso reti digitali, consentono la raccolta di dati o addirittura funzionalit\u00e0 tra dispositivi.<\/p>\n<p><strong>Reti intelligenti:<\/strong> Le reti intelligenti consentono la distribuzione digitale dell&#039;energia<\/p>\n<p><strong>Parcheggio intelligente: \u00a0<\/strong>Si tratta di un servizio di parcheggio automatico nei parcheggi:<\/p>\n<p>Il sistema si basa su un insieme di sensori che dotano i parcheggi di Wi-Fi, sensori video e tecnologie basate sull&#039;intelligenza artificiale.<\/p>","protected":false},"excerpt":{"rendered":"<p>Territori intelligenti: si tratta di un nuovo concetto di sviluppo urbano. Mira a migliorare la qualit\u00e0 della vita dei residenti rendendo la citt\u00e0 pi\u00f9 adattabile ed efficiente, utilizzando nuove tecnologie che si basano su un ecosistema di oggetti e servizi. Transizione energetica: si tratta della trasformazione digitale della produzione, dei trasporti, [\u2026]<\/p>","protected":false},"author":11,"featured_media":0,"parent":0,"menu_order":0,"comment_status":"closed","ping_status":"closed","template":"","meta":{"pmpro_default_level":0,"footnotes":""},"blocksy_meta":"","yoast_head":"<!-- This site is optimized with the Yoast SEO plugin v21.5 - https:\/\/yoast.com\/wordpress\/plugins\/seo\/ -->\n<title>D\u00e9finition - Territorial Challenges<\/title>\n<meta name=\"robots\" content=\"index, follow, max-snippet:-1, max-image-preview:large, max-video-preview:-1\" \/>\n<link rel=\"canonical\" href=\"https:\/\/territorialchallenges.com\/it\/glossaire\/\" \/>\n<meta property=\"og:locale\" content=\"it_IT\" \/>\n<meta property=\"og:type\" content=\"article\" \/>\n<meta property=\"og:title\" content=\"D\u00e9finition - Territorial Challenges\" \/>\n<meta property=\"og:description\" content=\"Territoires Intelligents : C\u2019est un nouveau concept de d\u00e9veloppement urbain. Il s\u2019agit d\u2019am\u00e9liorer la qualit\u00e9 de vie des habitants en rendant la ville plus adaptative et efficace, \u00e0 l\u2019aide de nouvelles technologies qui s\u2019appuient sur un \u00e9cosyst\u00e8me d\u2019objets et de services. Transition \u00c9nerg\u00e9tique\u00a0: C\u2019est la transformation par le num\u00e9rique de la production, du transport, de [&hellip;]\" \/>\n<meta property=\"og:url\" content=\"https:\/\/territorialchallenges.com\/it\/glossaire\/\" \/>\n<meta property=\"og:site_name\" content=\"Territorial Challenges\" \/>\n<meta property=\"article:modified_time\" content=\"2025-09-26T07:56:00+00:00\" \/>\n<meta name=\"twitter:card\" content=\"summary_large_image\" \/>\n<meta name=\"twitter:label1\" content=\"Tempo di lettura stimato\" \/>\n\t<meta name=\"twitter:data1\" content=\"1 minuto\" \/>\n<script type=\"application\/ld+json\" class=\"yoast-schema-graph\">{\"@context\":\"https:\/\/schema.org\",\"@graph\":[{\"@type\":\"WebPage\",\"@id\":\"https:\/\/territorialchallenges.com\/glossaire\/\",\"url\":\"https:\/\/territorialchallenges.com\/glossaire\/\",\"name\":\"D\u00e9finition - Territorial Challenges\",\"isPartOf\":{\"@id\":\"https:\/\/territorialchallenges.com\/#website\"},\"datePublished\":\"2019-03-12T11:35:46+00:00\",\"dateModified\":\"2025-09-26T07:56:00+00:00\",\"breadcrumb\":{\"@id\":\"https:\/\/territorialchallenges.com\/glossaire\/#breadcrumb\"},\"inLanguage\":\"it-IT\",\"potentialAction\":[{\"@type\":\"ReadAction\",\"target\":[\"https:\/\/territorialchallenges.com\/glossaire\/\"]}]},{\"@type\":\"BreadcrumbList\",\"@id\":\"https:\/\/territorialchallenges.com\/glossaire\/#breadcrumb\",\"itemListElement\":[{\"@type\":\"ListItem\",\"position\":1,\"name\":\"Home\",\"item\":\"https:\/\/territorialchallenges.com\/\"},{\"@type\":\"ListItem\",\"position\":2,\"name\":\"D\u00e9finition\"}]},{\"@type\":\"WebSite\",\"@id\":\"https:\/\/territorialchallenges.com\/#website\",\"url\":\"https:\/\/territorialchallenges.com\/\",\"name\":\"Territorial Challenges\",\"description\":\"Veille Internationale - Strat\u00e9gie Intelligentes - Bonnes pratiques\",\"publisher\":{\"@id\":\"https:\/\/territorialchallenges.com\/#organization\"},\"potentialAction\":[{\"@type\":\"SearchAction\",\"target\":{\"@type\":\"EntryPoint\",\"urlTemplate\":\"https:\/\/territorialchallenges.com\/?s={search_term_string}\"},\"query-input\":\"required name=search_term_string\"}],\"inLanguage\":\"it-IT\"},{\"@type\":\"Organization\",\"@id\":\"https:\/\/territorialchallenges.com\/#organization\",\"name\":\"Territorial Challenges\",\"url\":\"https:\/\/territorialchallenges.com\/\",\"logo\":{\"@type\":\"ImageObject\",\"inLanguage\":\"it-IT\",\"@id\":\"https:\/\/territorialchallenges.com\/#\/schema\/logo\/image\/\",\"url\":\"https:\/\/territorialchallenges.com\/wp-content\/uploads\/2023\/10\/logo-1.png\",\"contentUrl\":\"https:\/\/territorialchallenges.com\/wp-content\/uploads\/2023\/10\/logo-1.png\",\"width\":1832,\"height\":576,\"caption\":\"Territorial Challenges\"},\"image\":{\"@id\":\"https:\/\/territorialchallenges.com\/#\/schema\/logo\/image\/\"}}]}<\/script>\n<!-- \/ Yoast SEO plugin. -->","yoast_head_json":{"title":"Definizione - Sfide territoriali","robots":{"index":"index","follow":"follow","max-snippet":"max-snippet:-1","max-image-preview":"max-image-preview:large","max-video-preview":"max-video-preview:-1"},"canonical":"https:\/\/territorialchallenges.com\/it\/glossaire\/","og_locale":"it_IT","og_type":"article","og_title":"D\u00e9finition - Territorial Challenges","og_description":"Territoires Intelligents : C\u2019est un nouveau concept de d\u00e9veloppement urbain. Il s\u2019agit d\u2019am\u00e9liorer la qualit\u00e9 de vie des habitants en rendant la ville plus adaptative et efficace, \u00e0 l\u2019aide de nouvelles technologies qui s\u2019appuient sur un \u00e9cosyst\u00e8me d\u2019objets et de services. Transition \u00c9nerg\u00e9tique\u00a0: C\u2019est la transformation par le num\u00e9rique de la production, du transport, de [&hellip;]","og_url":"https:\/\/territorialchallenges.com\/it\/glossaire\/","og_site_name":"Territorial Challenges","article_modified_time":"2025-09-26T07:56:00+00:00","twitter_card":"summary_large_image","twitter_misc":{"Tempo di lettura stimato":"1 minuto"},"schema":{"@context":"https:\/\/schema.org","@graph":[{"@type":"WebPage","@id":"https:\/\/territorialchallenges.com\/glossaire\/","url":"https:\/\/territorialchallenges.com\/glossaire\/","name":"Definizione - Sfide territoriali","isPartOf":{"@id":"https:\/\/territorialchallenges.com\/#website"},"datePublished":"2019-03-12T11:35:46+00:00","dateModified":"2025-09-26T07:56:00+00:00","breadcrumb":{"@id":"https:\/\/territorialchallenges.com\/glossaire\/#breadcrumb"},"inLanguage":"it-IT","potentialAction":[{"@type":"ReadAction","target":["https:\/\/territorialchallenges.com\/glossaire\/"]}]},{"@type":"BreadcrumbList","@id":"https:\/\/territorialchallenges.com\/glossaire\/#breadcrumb","itemListElement":[{"@type":"ListItem","position":1,"name":"Home","item":"https:\/\/territorialchallenges.com\/"},{"@type":"ListItem","position":2,"name":"D\u00e9finition"}]},{"@type":"WebSite","@id":"https:\/\/territorialchallenges.com\/#website","url":"https:\/\/territorialchallenges.com\/","name":"Sfide territoriali","description":"Monitoraggio internazionale - Strategie intelligenti - Migliori pratiche","publisher":{"@id":"https:\/\/territorialchallenges.com\/#organization"},"potentialAction":[{"@type":"SearchAction","target":{"@type":"EntryPoint","urlTemplate":"https:\/\/territorialchallenges.com\/?s={search_term_string}"},"query-input":"required name=search_term_string"}],"inLanguage":"it-IT"},{"@type":"Organization","@id":"https:\/\/territorialchallenges.com\/#organization","name":"Sfide territoriali","url":"https:\/\/territorialchallenges.com\/","logo":{"@type":"ImageObject","inLanguage":"it-IT","@id":"https:\/\/territorialchallenges.com\/#\/schema\/logo\/image\/","url":"https:\/\/territorialchallenges.com\/wp-content\/uploads\/2023\/10\/logo-1.png","contentUrl":"https:\/\/territorialchallenges.com\/wp-content\/uploads\/2023\/10\/logo-1.png","width":1832,"height":576,"caption":"Territorial Challenges"},"image":{"@id":"https:\/\/territorialchallenges.com\/#\/schema\/logo\/image\/"}}]}},"_links":{"self":[{"href":"https:\/\/territorialchallenges.com\/it\/wp-json\/wp\/v2\/pages\/79356"}],"collection":[{"href":"https:\/\/territorialchallenges.com\/it\/wp-json\/wp\/v2\/pages"}],"about":[{"href":"https:\/\/territorialchallenges.com\/it\/wp-json\/wp\/v2\/types\/page"}],"author":[{"embeddable":true,"href":"https:\/\/territorialchallenges.com\/it\/wp-json\/wp\/v2\/users\/11"}],"replies":[{"embeddable":true,"href":"https:\/\/territorialchallenges.com\/it\/wp-json\/wp\/v2\/comments?post=79356"}],"version-history":[{"count":5,"href":"https:\/\/territorialchallenges.com\/it\/wp-json\/wp\/v2\/pages\/79356\/revisions"}],"predecessor-version":[{"id":124982,"href":"https:\/\/territorialchallenges.com\/it\/wp-json\/wp\/v2\/pages\/79356\/revisions\/124982"}],"wp:attachment":[{"href":"https:\/\/territorialchallenges.com\/it\/wp-json\/wp\/v2\/media?parent=79356"}],"curies":[{"name":"parola chiave","href":"https:\/\/api.w.org\/{rel}","templated":true}]}}