{"id":83847,"date":"2019-05-13T17:54:32","date_gmt":"2019-05-13T15:54:32","guid":{"rendered":"https:\/\/territorialchallenges.com\/?page_id=83847"},"modified":"2023-10-10T18:22:45","modified_gmt":"2023-10-10T16:22:45","slug":"cguv","status":"publish","type":"page","link":"https:\/\/territorialchallenges.com\/es\/cguv\/","title":{"rendered":"Condiciones generales de venta y uso"},"content":{"rendered":"<h2><span class=\"font-555555\"><strong>1. Propiedad intelectual<\/strong><\/span><\/h2>\n<p><span class=\"font-555555\">La publicaci\u00f3n <strong>DESAF\u00cdOS TERRITORIALES<\/strong> es propiedad exclusiva de la editorial <strong>EIRL SE\u00d1OR NIDAM ABDI<\/strong>Todo su contenido est\u00e1 protegido por las leyes francesas e internacionales relativas a los derechos de autor y la propiedad intelectual.<\/span><\/p>\n<p><span class=\"font-555555\">Las suscripciones a una suscripci\u00f3n individual (en adelante las Suscripciones) no implican ninguna transferencia de derechos de propiedad de ning\u00fan tipo en beneficio del Cliente (el t\u00e9rmino Cliente significa cualquier beneficiario o administrador de una Suscripci\u00f3n).<\/span><\/p>\n<h2><strong><span class=\"font-555555\">2. M\u00e9todos de difusi\u00f3n<\/span><\/strong><\/h2>\n<p><span class=\"font-555555\">Los contenidos de la publicaci\u00f3n Retos Territoriales se pueden consultar en los siguientes paquetes: <\/span><span class=\"font-555555\">:<\/span><\/p>\n<h3><strong><span class=\"font-555555\">a. Suscripciones individuales <\/span><\/strong><\/h3>\n<p><span class=\"font-555555\">Las suscripciones individuales son estrictamente personales. Para ver las publicaciones y acceder a los servicios en l\u00ednea, los suscriptores deben proporcionar una direcci\u00f3n de correo electr\u00f3nico personal. El contenido, total o parcialmente, no puede compartirse de ninguna manera, ni dentro ni fuera de la organizaci\u00f3n. Los n\u00fameros y art\u00edculos individuales no pueden distribuirse por correo electr\u00f3nico, en una intranet o extranet, ni reproducirse en un blog o redes sociales.<\/span><span class=\"font-555555\">.<\/span><\/p>\n<h3><strong><span class=\"font-555555\">b. Licencias multilector <\/span><\/strong><\/h3>\n<p><span class=\"font-555555\">Las licencias multilector permiten, mediante una \u00fanica factura, gestionar suscripciones colectivas dentro de la misma estructura legal (excluidas las filiales, salvo acuerdo con el editor, Monsieur Nidam Abdi). Estas f\u00f3rmulas est\u00e1n adaptadas a profesionales que trabajan en servicios donde el uso colectivo de nuestros art\u00edculos es esencial para el buen funcionamiento de su actividad. Se benefician de tarifas decrecientes ventajosas, pero exigen que los clientes respeten las mismas normas de propiedad intelectual que las suscripciones individuales.<\/span><\/p>\n<p><span class=\"font-555555\">Hay tres tipos de Licencias:<\/span><\/p>\n<p><span class=\"font-555555\">Las Licencias Nominativas son para uso exclusivo de los Suscriptores en cuyo nombre se suscriben y a quienes van dirigidas. Para consultar publicaciones y acceder a servicios en l\u00ednea, los Suscriptores deben proporcionar una direcci\u00f3n de correo electr\u00f3nico nominativa (p. ej.: jean.martin@entreprise.fr).<\/span><\/p>\n<p><span class=\"font-555555\">Las Licencias Colectivas est\u00e1n dirigidas a un grupo de lectores que pertenecen a la misma estructura legal, pero que no est\u00e1n identificados individualmente. Para consultar publicaciones y acceder a servicios en l\u00ednea, los suscriptores disponen de una direcci\u00f3n de correo electr\u00f3nico colectiva. Esta opci\u00f3n de identificaci\u00f3n est\u00e1 disponible para licencias colectivas que incluyen a 10 o m\u00e1s lectores.<\/span><\/p>\n<p><span class=\"font-555555\">Las licencias de propiedad intelectual est\u00e1n destinadas a un grupo de lectores que utilizan rangos de direcciones IP pertenecientes a la misma estructura legal para conectarse a nuestras publicaciones. Los lectores no est\u00e1n identificados individualmente. Para recibir res\u00famenes y alertas por correo electr\u00f3nico, los lectores pueden crear una cuenta con una direcci\u00f3n de correo electr\u00f3nico personal.<\/span><\/p>\n<h2><strong><span class=\"font-555555\">3. Restricciones de extracci\u00f3n e indexaci\u00f3n <\/span><\/strong><\/h2>\n<p><span class=\"font-555555\">Los archivos de la publicaci\u00f3n Desaf\u00edos Territoriales est\u00e1n organizados en bases de datos accesibles para los Suscriptores como parte de su Licencia. Sin embargo, de conformidad con el Art\u00edculo L342-1 de la Ley n.\u00ba 98-536, de 1 de julio de 1998, del C\u00f3digo de la Propiedad Intelectual franc\u00e9s (transposici\u00f3n de la Directiva 96\/9\/CE, de 11 de marzo de 1996), el editor, Monsieur Nidam ABDI, proh\u00edbe \u00abla extracci\u00f3n, mediante transferencia permanente o temporal, de la totalidad o de una parte cualitativa o cuantitativamente sustancial del contenido de una base de datos a otro soporte, por cualquier medio y en cualquier forma\u00bb.<\/span><\/p>\n<p><span class=\"font-555555\">Concretamente, se proh\u00edbe la utilizaci\u00f3n de robots para extraer una parte sustancial de las bases de datos de Desaf\u00edos Territoriales, salvo autorizaci\u00f3n escrita.<\/span><\/p>\n<h2><span class=\"font-555555\">4. Responsabilidades de los lectores autorizados<\/span><\/h2>\n<p><span class=\"font-555555\">Cualquiera que sea la f\u00f3rmula a la que se suscriba, <strong>s\u00f3lo una copia privada<\/strong> est\u00e1 autorizado para cada usuario. <\/span><\/p>\n<p><span class=\"font-555555\">El lector autorizado bajo una Suscripci\u00f3n o una Licencia puede imprimir un art\u00edculo o una edici\u00f3n y descargarlos para su uso personal, pero no puede bajo ninguna circunstancia distribuirlos a terceros, incluso dentro de su empresa (ya sea por correo electr\u00f3nico, copia en papel o intranet).<\/span><\/p>\n<p><span class=\"font-555555\">Queda estrictamente prohibida la difusi\u00f3n en redes sociales de art\u00edculos publicados sobre Retos Territoriales, salvo que se trate de una cita o un extracto corto.<\/span><\/p>\n<p><span class=\"font-555555\"> El lector autorizado se compromete a mantener en secreto su contrase\u00f1a y a no revelarla bajo ninguna forma a terceros.<\/span><\/p>\n<h2><strong><span class=\"font-555555\">5. Responsabilidades espec\u00edficas del administrador de licencias<\/span><\/strong><\/h2>\n<p><span class=\"font-555555\">El Administrador responsable de la gesti\u00f3n de una Licencia garantiza la aceptaci\u00f3n y el cumplimiento de estas Condiciones Generales de Venta y Uso (CGV) para todos los lectores autorizados bajo esta Licencia.<\/span><\/p>\n<h2><span class=\"font-555555\">6. Suscripci\u00f3n y gesti\u00f3n de Suscripciones y Licencias <\/span><\/h2>\n<h3><strong><span class=\"font-555555\">Suscripci\u00f3n a soporte en l\u00ednea<\/span><\/strong><\/h3>\n<p><span class=\"font-555555\"> Procedimientos de registro: creaci\u00f3n de una cuenta en l\u00ednea <\/span><\/p>\n<p><span class=\"font-555555\">El acceso y la consulta de la Publicaci\u00f3n y\/o un Servicio de Suscripci\u00f3n en formato electr\u00f3nico requieren la creaci\u00f3n por parte del Suscriptor de una cuenta en el Sitio, una cuenta \u00fanica y personal. El Suscriptor se compromete a proporcionar informaci\u00f3n veraz, precisa y<\/span><\/p>\n<p><span class=\"font-555555\">Informaci\u00f3n actualizada y completa sobre su identidad, su cargo, la identidad de su empresa, as\u00ed como cualquier informaci\u00f3n solicitada en el Formulario de Pedido. Se compromete a actualizar la informaci\u00f3n de su cuenta tan pronto como sea necesario. En caso de que el Suscriptor proporcione datos de registro falsos, inexactos, obsoletos o incompletos, el Editor tendr\u00e1 derecho a suspender o cancelar su cuenta de Suscriptor sin previo aviso y a denegarle el acceso inmediato y futuro a la totalidad o parte de la Publicaci\u00f3n y\/o del Servicio, sin tener que reembolsarle las sumas abonadas. El Suscriptor es el \u00fanico responsable del uso que se haga de su cuenta y es el \u00fanico garante de la confidencialidad de sus datos de acceso. Se compromete a informar inmediatamente al Editor de cualquier uso no autorizado de su cuenta y\/o de cualquier violaci\u00f3n de la confidencialidad y seguridad de sus medios de identificaci\u00f3n. El Editor no ser\u00e1 responsable en ning\u00fan caso de ninguna p\u00e9rdida o da\u00f1o derivado del incumplimiento de las obligaciones establecidas en este art\u00edculo. El Suscriptor es personalmente responsable de la configuraci\u00f3n de los recursos inform\u00e1ticos y de telecomunicaciones que permitan el acceso al Sitio. El Suscriptor ser\u00e1 responsable de los costos de telecomunicaciones al acceder a Internet y utilizar el Sitio y los Servicios a los que se haya suscrito.<\/span><\/p>\n<h3><strong><span class=\"font-555555\">Gesti\u00f3n de suscripciones y licencias<\/span><\/strong><\/h3>\n<p><span class=\"font-555555\"> Cualquier pedido de una Suscripci\u00f3n o de una Licencia implica la<\/span><span style=\"font-family: 'PT Sans';\">aceptaci\u00f3n plena e incondicional <\/span><span style=\"font-family: 'PT Sans';\">sujeto a estas Condiciones Generales de Venta y Uso.<\/span><\/p>\n<p><span style=\"font-family: 'PT Sans';\"><strong>Fecha de inicio<\/strong> \u2013 La Suscripci\u00f3n o Licencia entra en vigor al recibir el pedido. <\/span><span style=\"font-family: 'PT Sans';\">cuando se trata de una nueva suscripci\u00f3n. Al renovar, la nueva suscripci\u00f3n o <\/span><span style=\"font-family: 'PT Sans';\">La nueva Licencia entra en vigor despu\u00e9s de la Suscripci\u00f3n o Licencia anterior. <\/span><span style=\"font-family: 'PT Sans';\">Para <\/span><span style=\"font-family: 'PT Sans';\">cualquier otra disposici\u00f3n (suscripci\u00f3n retroactiva, ejecuci\u00f3n en fecha determinada, etc.), es <\/span><span style=\"font-family: 'PT Sans';\">Es necesario especificarlo al realizar el pedido.<\/span><\/p>\n<p><span style=\"font-family: 'PT Sans';\"><strong>Cancelaci\u00f3n<\/strong> \u2013 Los pedidos de Suscripciones y Licencias se consideran firmes y <\/span><span style=\"font-family: 'PT Sans';\">definitivos desde su recepci\u00f3n por el editor MONSIEUR NIDAM ABDI. Seg\u00fan, el <\/span><span style=\"font-family: 'PT Sans';\">disposiciones legales, el derecho de desistimiento puede ser ejercido por el Cliente durante 14 d\u00edas <\/span><span style=\"font-family: 'PT Sans';\">despu\u00e9s del pedido. Sin embargo, el Cliente ser\u00e1 responsable de un importe calculado a prorrata del <\/span><span style=\"font-family: 'PT Sans';\">Duraci\u00f3n de la Suscripci\u00f3n o Licencia servida entre el registro del pedido y su <\/span><span style=\"font-family: 'PT Sans';\">cancelaci\u00f3n.<\/span><\/p>\n<p><span style=\"font-family: 'PT Sans';\"><strong>Intransferibilidad<\/strong> \u2013 El Suscriptor no podr\u00e1 ceder total o parcialmente los derechos y obligaciones resultantes de la <\/span><span style=\"font-family: PT Sans;\">presentar a un tercero, sin la previa autorizaci\u00f3n expresa del Editor.<\/span><\/p>\n<p><span style=\"font-family: 'PT Sans';\">Disputas \u2013 Cualquier reclamaci\u00f3n deber\u00e1 hacerse por carta, bajo pena de caducidad. <\/span><span style=\"font-family: 'PT Sans';\">recomendado con acuse de recibo. Cualquier controversia, sea cual sea su naturaleza, se someter\u00e1 a <\/span><span style=\"font-family: 'PT Sans';\">la jurisdicci\u00f3n de los tribunales de Nanterre que aplicar\u00e1n la ley francesa.<\/span><\/p>\n<p><span style=\"font-family: 'PT Sans';\"><strong>Resuscripci\u00f3n autom\u00e1tica<\/strong> \u2013 Al optar por la resuscripci\u00f3n autom\u00e1tica, el Suscriptor <\/span><span style=\"font-family: 'PT Sans';\">Se beneficia de un descuento 10% sobre la tarifa b\u00e1sica cada a\u00f1o. Seis semanas antes <\/span><span style=\"font-family: 'PT Sans';\">Al vencimiento de su suscripci\u00f3n, recibir\u00e1 una factura correspondiente a su renovaci\u00f3n por <\/span><span style=\"font-family: 'PT Sans';\">un a\u00f1o. Si no desea volver a suscribirse, simplemente tiene que devolver esta factura con la <\/span><span style=\"font-family: 'PT Sans';\">Marcado como &quot;Cancelado&quot; dentro de las seis semanas posteriores a la fecha de la factura. Transcurrido este plazo,<\/span><span style=\"font-family: 'PT Sans';\">No se aceptar\u00e1 ninguna cancelaci\u00f3n. La suscripci\u00f3n o licencia se considerar\u00e1 como <\/span><span style=\"font-family: 'PT Sans';\">se renovar\u00e1 y se deber\u00e1 abonar \u00edntegramente el importe correspondiente.<\/span><\/p>\n<h3><strong><span style=\"font-family: 'PT Sans';\">Galletas<\/span><\/strong><\/h3>\n<p><span class=\"font-555555\">Una &quot;Cookie&quot; permite la identificaci\u00f3n del Usuario, la personalizaci\u00f3n de su navegaci\u00f3n en el sitio web www.territorialchallenges.com y la optimizaci\u00f3n del dise\u00f1o del sitio web mediante el almacenamiento de un archivo de datos en su ordenador. Las cookies que emitimos se utilizan para generar estad\u00edsticas sobre el n\u00famero de visitantes de nuestro sitio web con el fin de mejorar el inter\u00e9s y la experiencia de nuestros servicios.<\/span><\/p>\n<p><span class=\"font-555555\">El Usuario reconoce estar informado de esta pr\u00e1ctica y autoriza a EIRL Nidam ABDI a proceder con ella. <\/span><\/p>\n<p><span class=\"font-555555\">En cualquier caso, EIRL Nidam ABDI se compromete a no comunicar nunca el contenido de las cookies a terceros, salvo requerimiento legal. El usuario puede rechazar el registro de cookies o configurar su navegador para que le avise antes de aceptarlas. Para ello, configure su navegador desde el men\u00fa &quot;Herramientas&quot; de Microsoft Internet Explorer. En cuanto a las cookies de Google, que se permiten por defecto, puede modificar esta configuraci\u00f3n en el cuadro de di\u00e1logo &quot;Opciones&quot;.<\/span><\/p>\n<h2><strong><span class=\"font-555555\">8. Condiciones de pago <\/span><\/strong><\/h2>\n<p><span class=\"font-555555\">Al configurar el servicio se emite una factura por las tarifas de suscripci\u00f3n y licencia. El editor, Monsieur Nidam Abdi, tambi\u00e9n puede enviarla al Cliente (o al contacto de facturaci\u00f3n designado por este al suscribirse). Las solicitudes de factura deben enviarse a contact@territorialchallenges.com. <\/span><\/p>\n<p><span class=\"font-555555\"><strong>Plazos de pago<\/strong> \u2013 El pago de la Suscripci\u00f3n o Licencia vence al recibir la factura y debe realizarse <strong>en un plazo m\u00e1ximo de 30 d\u00edas<\/strong> A partir de este recibo. En caso de retraso en el pago, la Suscripci\u00f3n o Licencia se suspender\u00e1 hasta que se reciba el pago total de la factura. Si el Cliente tiene varias suscripciones en curso, la falta de pago de una de ellas dentro de este plazo implicar\u00e1 la suspensi\u00f3n de todas las suscripciones hasta la recepci\u00f3n del pago pendiente.<\/span><\/p>\n<p><span class=\"font-555555\"><strong>M\u00e9todos de pago<\/strong> \u2013 El editor MONSIEUR NIDAM ABDI acepta pagos en euros (EUR), d\u00f3lares estadounidenses (USD) o libras esterlinas (GBP), realizados por los medios siguientes:<\/span><\/p>\n<p><span class=\"font-555555\">-Tarjeta de cr\u00e9dito:<\/span><\/p>\n<ul>\n<li><span class=\"font-555555\">Visa, Mastercard<\/span><\/li>\n<li><span class=\"font-555555\">American Express (s\u00f3lo en EUR o USD)<\/span><\/li>\n<\/ul>\n<p><span class=\"font-555555\">\u2013 Cheque bancario a nombre de MONSIEUR NIDAM ABDI<\/span><\/p>\n<p><span class=\"font-555555\">Transferencia bancaria. Los gastos de emisi\u00f3n de la transferencia por parte del banco del cliente corren a cargo del cliente.<\/span><\/p>\n<p><span class=\"font-555555\">\u2013 PayPal Para cualquier otro m\u00e9todo de pago, contacte con atenci\u00f3n al cliente: contact@territorialchallenges.com)<\/span><\/p>\n<h2><strong><span class=\"font-555555\">9. Datos personales y respeto a la privacidad<\/span><\/strong><\/h2>\n<p><span class=\"font-555555\">Monsieur Nidam ABDI cumple estrictamente con la legislaci\u00f3n vigente en materia de protecci\u00f3n de la privacidad y las libertades individuales, en particular con el Reglamento General de Protecci\u00f3n de Datos (RGPD), que entr\u00f3 en vigor en la Uni\u00f3n Europea en mayo de 2018. Solo el proveedor de servicios comerciales de Monsieur Nidam ABDI, sujeto a estrictas normas de confidencialidad, tiene acceso a la informaci\u00f3n de clientes y prospectos. No se subcontrata ning\u00fan tratamiento inform\u00e1tico a una empresa externa. Monsieur Nidam ABDI se compromete a no divulgar nunca a terceros la informaci\u00f3n que el Cliente (ya sea Administrador o Lector) le comunique. De conformidad con la Ley de Protecci\u00f3n de Datos francesa del 6 de enero de 1978, el Cliente tiene derecho a acceder, rectificar y oponerse a los datos personales que le conciernen. Puede rechazar recibir mensajes promocionales modificando su informaci\u00f3n personal en l\u00ednea o enviando una solicitud al servicio de atenci\u00f3n al cliente (contact@territorialchallenges.com).<\/span><\/p>\n<h2><strong><span class=\"font-555555\">10. Modificaciones y cumplimiento de estas condiciones <\/span><\/strong><\/h2>\n<p><span class=\"font-555555\">MONSIEUR NIDAM ABDI se reserva el derecho de modificar estas Condiciones Generales de Venta y Uso en cualquier momento.<\/span><\/p>\n<p><span class=\"font-555555\">MONSIEUR NIDAM ABDI se reserva el derecho de interrumpir o terminar cualquier Suscripci\u00f3n o Licencia que contravenga las Condiciones Generales de Venta y Uso explicadas anteriormente.<\/span><\/p>","protected":false},"excerpt":{"rendered":"<p>1. Propri\u00e9t\u00e9 intellectuelle La publication TERRITORIAL CHALLENGES est la propri\u00e9t\u00e9 exclusive de la soci\u00e9t\u00e9 d\u2019\u00e9dition EIRL MONSIEUR NIDAM ABDI. Tous ses contenus sont prot\u00e9g\u00e9s par les lois fran\u00e7aises et internationales relatives au droit d&rsquo;auteur et \u00e0 la propri\u00e9t\u00e9 intellectuelle. Les souscriptions \u00e0 un abonnement individuel (ci-apr\u00e8s les Abonnements) n\u2019entra\u00eenent aucun transfert de droit de propri\u00e9t\u00e9 [&hellip;]<\/p>","protected":false},"author":11,"featured_media":0,"parent":0,"menu_order":0,"comment_status":"closed","ping_status":"closed","template":"","meta":{"pmpro_default_level":0,"footnotes":""},"blocksy_meta":"","yoast_head":"<!-- This site is optimized with the Yoast SEO plugin v21.5 - https:\/\/yoast.com\/wordpress\/plugins\/seo\/ -->\n<title>Conditions g\u00e9n\u00e9rales de vente et d\u2019utilisation - Territorial Challenges<\/title>\n<meta name=\"robots\" content=\"index, follow, max-snippet:-1, max-image-preview:large, max-video-preview:-1\" \/>\n<link rel=\"canonical\" href=\"https:\/\/territorialchallenges.com\/es\/cguv\/\" \/>\n<meta property=\"og:locale\" content=\"es_ES\" \/>\n<meta property=\"og:type\" content=\"article\" \/>\n<meta property=\"og:title\" content=\"Conditions g\u00e9n\u00e9rales de vente et d\u2019utilisation - Territorial Challenges\" \/>\n<meta property=\"og:description\" content=\"1. Propri\u00e9t\u00e9 intellectuelle La publication TERRITORIAL CHALLENGES est la propri\u00e9t\u00e9 exclusive de la soci\u00e9t\u00e9 d\u2019\u00e9dition EIRL MONSIEUR NIDAM ABDI. Tous ses contenus sont prot\u00e9g\u00e9s par les lois fran\u00e7aises et internationales relatives au droit d&rsquo;auteur et \u00e0 la propri\u00e9t\u00e9 intellectuelle. Les souscriptions \u00e0 un abonnement individuel (ci-apr\u00e8s les Abonnements) n\u2019entra\u00eenent aucun transfert de droit de propri\u00e9t\u00e9 [&hellip;]\" \/>\n<meta property=\"og:url\" content=\"https:\/\/territorialchallenges.com\/es\/cguv\/\" \/>\n<meta property=\"og:site_name\" content=\"Territorial Challenges\" \/>\n<meta property=\"article:modified_time\" content=\"2023-10-10T16:22:45+00:00\" \/>\n<meta name=\"twitter:card\" content=\"summary_large_image\" \/>\n<meta name=\"twitter:label1\" content=\"Tiempo de lectura\" \/>\n\t<meta name=\"twitter:data1\" content=\"10 minutos\" \/>\n<script type=\"application\/ld+json\" class=\"yoast-schema-graph\">{\"@context\":\"https:\/\/schema.org\",\"@graph\":[{\"@type\":\"WebPage\",\"@id\":\"https:\/\/territorialchallenges.com\/cguv\/\",\"url\":\"https:\/\/territorialchallenges.com\/cguv\/\",\"name\":\"Conditions g\u00e9n\u00e9rales de vente et d\u2019utilisation - Territorial Challenges\",\"isPartOf\":{\"@id\":\"https:\/\/territorialchallenges.com\/#website\"},\"datePublished\":\"2019-05-13T15:54:32+00:00\",\"dateModified\":\"2023-10-10T16:22:45+00:00\",\"breadcrumb\":{\"@id\":\"https:\/\/territorialchallenges.com\/cguv\/#breadcrumb\"},\"inLanguage\":\"es\",\"potentialAction\":[{\"@type\":\"ReadAction\",\"target\":[\"https:\/\/territorialchallenges.com\/cguv\/\"]}]},{\"@type\":\"BreadcrumbList\",\"@id\":\"https:\/\/territorialchallenges.com\/cguv\/#breadcrumb\",\"itemListElement\":[{\"@type\":\"ListItem\",\"position\":1,\"name\":\"Home\",\"item\":\"https:\/\/territorialchallenges.com\/\"},{\"@type\":\"ListItem\",\"position\":2,\"name\":\"Conditions g\u00e9n\u00e9rales de vente et d\u2019utilisation\"}]},{\"@type\":\"WebSite\",\"@id\":\"https:\/\/territorialchallenges.com\/#website\",\"url\":\"https:\/\/territorialchallenges.com\/\",\"name\":\"Territorial Challenges\",\"description\":\"Veille Internationale - Strat\u00e9gie Intelligentes - Bonnes pratiques\",\"publisher\":{\"@id\":\"https:\/\/territorialchallenges.com\/#organization\"},\"potentialAction\":[{\"@type\":\"SearchAction\",\"target\":{\"@type\":\"EntryPoint\",\"urlTemplate\":\"https:\/\/territorialchallenges.com\/?s={search_term_string}\"},\"query-input\":\"required name=search_term_string\"}],\"inLanguage\":\"es\"},{\"@type\":\"Organization\",\"@id\":\"https:\/\/territorialchallenges.com\/#organization\",\"name\":\"Territorial Challenges\",\"url\":\"https:\/\/territorialchallenges.com\/\",\"logo\":{\"@type\":\"ImageObject\",\"inLanguage\":\"es\",\"@id\":\"https:\/\/territorialchallenges.com\/#\/schema\/logo\/image\/\",\"url\":\"https:\/\/territorialchallenges.com\/wp-content\/uploads\/2023\/10\/logo-1.png\",\"contentUrl\":\"https:\/\/territorialchallenges.com\/wp-content\/uploads\/2023\/10\/logo-1.png\",\"width\":1832,\"height\":576,\"caption\":\"Territorial Challenges\"},\"image\":{\"@id\":\"https:\/\/territorialchallenges.com\/#\/schema\/logo\/image\/\"}}]}<\/script>\n<!-- \/ Yoast SEO plugin. -->","yoast_head_json":{"title":"Conditions g\u00e9n\u00e9rales de vente et d\u2019utilisation - Territorial Challenges","robots":{"index":"index","follow":"follow","max-snippet":"max-snippet:-1","max-image-preview":"max-image-preview:large","max-video-preview":"max-video-preview:-1"},"canonical":"https:\/\/territorialchallenges.com\/es\/cguv\/","og_locale":"es_ES","og_type":"article","og_title":"Conditions g\u00e9n\u00e9rales de vente et d\u2019utilisation - Territorial Challenges","og_description":"1. Propri\u00e9t\u00e9 intellectuelle La publication TERRITORIAL CHALLENGES est la propri\u00e9t\u00e9 exclusive de la soci\u00e9t\u00e9 d\u2019\u00e9dition EIRL MONSIEUR NIDAM ABDI. Tous ses contenus sont prot\u00e9g\u00e9s par les lois fran\u00e7aises et internationales relatives au droit d&rsquo;auteur et \u00e0 la propri\u00e9t\u00e9 intellectuelle. Les souscriptions \u00e0 un abonnement individuel (ci-apr\u00e8s les Abonnements) n\u2019entra\u00eenent aucun transfert de droit de propri\u00e9t\u00e9 [&hellip;]","og_url":"https:\/\/territorialchallenges.com\/es\/cguv\/","og_site_name":"Territorial Challenges","article_modified_time":"2023-10-10T16:22:45+00:00","twitter_card":"summary_large_image","twitter_misc":{"Tiempo de lectura":"10 minutos"},"schema":{"@context":"https:\/\/schema.org","@graph":[{"@type":"WebPage","@id":"https:\/\/territorialchallenges.com\/cguv\/","url":"https:\/\/territorialchallenges.com\/cguv\/","name":"Conditions g\u00e9n\u00e9rales de vente et d\u2019utilisation - Territorial Challenges","isPartOf":{"@id":"https:\/\/territorialchallenges.com\/#website"},"datePublished":"2019-05-13T15:54:32+00:00","dateModified":"2023-10-10T16:22:45+00:00","breadcrumb":{"@id":"https:\/\/territorialchallenges.com\/cguv\/#breadcrumb"},"inLanguage":"es","potentialAction":[{"@type":"ReadAction","target":["https:\/\/territorialchallenges.com\/cguv\/"]}]},{"@type":"BreadcrumbList","@id":"https:\/\/territorialchallenges.com\/cguv\/#breadcrumb","itemListElement":[{"@type":"ListItem","position":1,"name":"Home","item":"https:\/\/territorialchallenges.com\/"},{"@type":"ListItem","position":2,"name":"Conditions g\u00e9n\u00e9rales de vente et d\u2019utilisation"}]},{"@type":"WebSite","@id":"https:\/\/territorialchallenges.com\/#website","url":"https:\/\/territorialchallenges.com\/","name":"Desaf\u00edos territoriales","description":"Monitoreo Internacional - Estrategias Inteligentes - Mejores Pr\u00e1cticas","publisher":{"@id":"https:\/\/territorialchallenges.com\/#organization"},"potentialAction":[{"@type":"SearchAction","target":{"@type":"EntryPoint","urlTemplate":"https:\/\/territorialchallenges.com\/?s={search_term_string}"},"query-input":"required name=search_term_string"}],"inLanguage":"es"},{"@type":"Organization","@id":"https:\/\/territorialchallenges.com\/#organization","name":"Desaf\u00edos territoriales","url":"https:\/\/territorialchallenges.com\/","logo":{"@type":"ImageObject","inLanguage":"es","@id":"https:\/\/territorialchallenges.com\/#\/schema\/logo\/image\/","url":"https:\/\/territorialchallenges.com\/wp-content\/uploads\/2023\/10\/logo-1.png","contentUrl":"https:\/\/territorialchallenges.com\/wp-content\/uploads\/2023\/10\/logo-1.png","width":1832,"height":576,"caption":"Territorial Challenges"},"image":{"@id":"https:\/\/territorialchallenges.com\/#\/schema\/logo\/image\/"}}]}},"_links":{"self":[{"href":"https:\/\/territorialchallenges.com\/es\/wp-json\/wp\/v2\/pages\/83847"}],"collection":[{"href":"https:\/\/territorialchallenges.com\/es\/wp-json\/wp\/v2\/pages"}],"about":[{"href":"https:\/\/territorialchallenges.com\/es\/wp-json\/wp\/v2\/types\/page"}],"author":[{"embeddable":true,"href":"https:\/\/territorialchallenges.com\/es\/wp-json\/wp\/v2\/users\/11"}],"replies":[{"embeddable":true,"href":"https:\/\/territorialchallenges.com\/es\/wp-json\/wp\/v2\/comments?post=83847"}],"version-history":[{"count":12,"href":"https:\/\/territorialchallenges.com\/es\/wp-json\/wp\/v2\/pages\/83847\/revisions"}],"predecessor-version":[{"id":121346,"href":"https:\/\/territorialchallenges.com\/es\/wp-json\/wp\/v2\/pages\/83847\/revisions\/121346"}],"wp:attachment":[{"href":"https:\/\/territorialchallenges.com\/es\/wp-json\/wp\/v2\/media?parent=83847"}],"curies":[{"name":"gracias","href":"https:\/\/api.w.org\/{rel}","templated":true}]}}