{"id":83801,"date":"2019-05-13T11:04:51","date_gmt":"2019-05-13T09:04:51","guid":{"rendered":"https:\/\/territorialchallenges.com\/?page_id=83801"},"modified":"2025-09-15T09:03:17","modified_gmt":"2025-09-15T07:03:17","slug":"a-propos","status":"publish","type":"page","link":"https:\/\/territorialchallenges.com\/es\/a-propos\/","title":{"rendered":"Acerca del sitio"},"content":{"rendered":"<p><span class=\"font-181343\"><strong>Desaf\u00edos territoriales<\/strong> es una publicaci\u00f3n digital en formato de seguimiento estrat\u00e9gico global que tiene como objetivo detectar las ideas, pensamientos y proyectos de los actores, expertos, pol\u00edticos e industriales en la transformaci\u00f3n digital de los territorios.<\/span><\/p>\n<p><span class=\"font-181343\">Creada en 2011 bajo el nombre de<strong>Ecoinovaci\u00f3n<\/strong>, por <strong>Nidam ABDI<\/strong>, ex periodista de prensa escrita nacional (Lib\u00e9ration, Le Point) y director de desarrollo del grupo de prensa CPMedia, en el sector de material el\u00e9ctrico, <strong>Desaf\u00edos territoriales<\/strong> Ofrece una visi\u00f3n global de la filosof\u00eda desarrollada en todos los continentes, en cada pa\u00eds y autoridad local, generando buenas pr\u00e1cticas gracias a la innovaci\u00f3n digital. Desde el 26 de diciembre de 2011, este seguimiento ha permitido... <strong>Nidam ABDI<\/strong> Ser seleccionado entre los 25 influencers de la red social LinkedIn, se basa en 4 tem\u00e1ticas:<\/span><\/p>\n<p><span class=\"font-181343\">Apoyando la creaci\u00f3n de ciudades inteligentes =&gt; <strong>Territorios inteligentes<\/strong><\/span><\/p>\n<p>Encuentra soluciones energ\u00e9ticas eficientes =&gt; <strong>Transici\u00f3n energ\u00e9tica<br \/>\n<\/strong><br \/>\nInnovar en las industrias del futuro =&gt; <strong>Industria 5.0<br \/>\n<\/strong><br \/>\nSaber utilizar eficazmente los objetos conectados en los territorios =&gt; <strong>Datos\/Objetos conectados<\/strong><\/p>","protected":false},"excerpt":{"rendered":"<p>Desaf\u00edos Territoriales es una publicaci\u00f3n digital en formato de seguimiento estrat\u00e9gico global que busca identificar las ideas, reflexiones y proyectos de actores clave, expertos, pol\u00edticos e industriales involucrados en la transformaci\u00f3n digital de los territorios. Creada en 2011 bajo el nombre de Ecoinovatio, por Nidam ABDI, experiodista de la prensa escrita nacional (Lib\u00e9ration, Le Point) [\u2026]<\/p>","protected":false},"author":11,"featured_media":0,"parent":0,"menu_order":0,"comment_status":"closed","ping_status":"closed","template":"","meta":{"pmpro_default_level":0,"footnotes":""},"blocksy_meta":"","yoast_head":"<!-- This site is optimized with the Yoast SEO plugin v21.5 - https:\/\/yoast.com\/wordpress\/plugins\/seo\/ -->\n<title>A propos du site - Territorial Challenges<\/title>\n<meta name=\"robots\" content=\"index, follow, max-snippet:-1, max-image-preview:large, max-video-preview:-1\" \/>\n<link rel=\"canonical\" href=\"https:\/\/territorialchallenges.com\/es\/a-propos\/\" \/>\n<meta property=\"og:locale\" content=\"es_ES\" \/>\n<meta property=\"og:type\" content=\"article\" \/>\n<meta property=\"og:title\" content=\"A propos du site - Territorial Challenges\" \/>\n<meta property=\"og:description\" content=\"Territorial Challenges est une publication num\u00e9rique en forme de veille strat\u00e9gique au niveau mondial qui s&rsquo;attache \u00e0 d\u00e9tecter les id\u00e9es, les r\u00e9flexions et projets des acteurs, experts, politiques et industriels de la transformation num\u00e9rique des territoires. Cr\u00e9e en 2011 sous le nom d\u2019Ecoinovatio, par Nidam ABDI, ex-journaliste de la presse \u00e9crite nationale (Lib\u00e9ration, Le Point) [&hellip;]\" \/>\n<meta property=\"og:url\" content=\"https:\/\/territorialchallenges.com\/es\/a-propos\/\" \/>\n<meta property=\"og:site_name\" content=\"Territorial Challenges\" \/>\n<meta property=\"article:modified_time\" content=\"2025-09-15T07:03:17+00:00\" \/>\n<meta name=\"twitter:card\" content=\"summary_large_image\" \/>\n<meta name=\"twitter:label1\" content=\"Tiempo de lectura\" \/>\n\t<meta name=\"twitter:data1\" content=\"1 minuto\" \/>\n<script type=\"application\/ld+json\" class=\"yoast-schema-graph\">{\"@context\":\"https:\/\/schema.org\",\"@graph\":[{\"@type\":\"WebPage\",\"@id\":\"https:\/\/territorialchallenges.com\/a-propos\/\",\"url\":\"https:\/\/territorialchallenges.com\/a-propos\/\",\"name\":\"A propos du site - Territorial Challenges\",\"isPartOf\":{\"@id\":\"https:\/\/territorialchallenges.com\/#website\"},\"datePublished\":\"2019-05-13T09:04:51+00:00\",\"dateModified\":\"2025-09-15T07:03:17+00:00\",\"breadcrumb\":{\"@id\":\"https:\/\/territorialchallenges.com\/a-propos\/#breadcrumb\"},\"inLanguage\":\"es\",\"potentialAction\":[{\"@type\":\"ReadAction\",\"target\":[\"https:\/\/territorialchallenges.com\/a-propos\/\"]}]},{\"@type\":\"BreadcrumbList\",\"@id\":\"https:\/\/territorialchallenges.com\/a-propos\/#breadcrumb\",\"itemListElement\":[{\"@type\":\"ListItem\",\"position\":1,\"name\":\"Home\",\"item\":\"https:\/\/territorialchallenges.com\/\"},{\"@type\":\"ListItem\",\"position\":2,\"name\":\"A propos du site\"}]},{\"@type\":\"WebSite\",\"@id\":\"https:\/\/territorialchallenges.com\/#website\",\"url\":\"https:\/\/territorialchallenges.com\/\",\"name\":\"Territorial Challenges\",\"description\":\"Veille Internationale - Strat\u00e9gie Intelligentes - Bonnes pratiques\",\"publisher\":{\"@id\":\"https:\/\/territorialchallenges.com\/#organization\"},\"potentialAction\":[{\"@type\":\"SearchAction\",\"target\":{\"@type\":\"EntryPoint\",\"urlTemplate\":\"https:\/\/territorialchallenges.com\/?s={search_term_string}\"},\"query-input\":\"required name=search_term_string\"}],\"inLanguage\":\"es\"},{\"@type\":\"Organization\",\"@id\":\"https:\/\/territorialchallenges.com\/#organization\",\"name\":\"Territorial Challenges\",\"url\":\"https:\/\/territorialchallenges.com\/\",\"logo\":{\"@type\":\"ImageObject\",\"inLanguage\":\"es\",\"@id\":\"https:\/\/territorialchallenges.com\/#\/schema\/logo\/image\/\",\"url\":\"https:\/\/territorialchallenges.com\/wp-content\/uploads\/2023\/10\/logo-1.png\",\"contentUrl\":\"https:\/\/territorialchallenges.com\/wp-content\/uploads\/2023\/10\/logo-1.png\",\"width\":1832,\"height\":576,\"caption\":\"Territorial Challenges\"},\"image\":{\"@id\":\"https:\/\/territorialchallenges.com\/#\/schema\/logo\/image\/\"}}]}<\/script>\n<!-- \/ Yoast SEO plugin. -->","yoast_head_json":{"title":"Acerca del sitio - Desaf\u00edos Territoriales","robots":{"index":"index","follow":"follow","max-snippet":"max-snippet:-1","max-image-preview":"max-image-preview:large","max-video-preview":"max-video-preview:-1"},"canonical":"https:\/\/territorialchallenges.com\/es\/a-propos\/","og_locale":"es_ES","og_type":"article","og_title":"A propos du site - Territorial Challenges","og_description":"Territorial Challenges est une publication num\u00e9rique en forme de veille strat\u00e9gique au niveau mondial qui s&rsquo;attache \u00e0 d\u00e9tecter les id\u00e9es, les r\u00e9flexions et projets des acteurs, experts, politiques et industriels de la transformation num\u00e9rique des territoires. Cr\u00e9e en 2011 sous le nom d\u2019Ecoinovatio, par Nidam ABDI, ex-journaliste de la presse \u00e9crite nationale (Lib\u00e9ration, Le Point) [&hellip;]","og_url":"https:\/\/territorialchallenges.com\/es\/a-propos\/","og_site_name":"Territorial Challenges","article_modified_time":"2025-09-15T07:03:17+00:00","twitter_card":"summary_large_image","twitter_misc":{"Tiempo de lectura":"1 minuto"},"schema":{"@context":"https:\/\/schema.org","@graph":[{"@type":"WebPage","@id":"https:\/\/territorialchallenges.com\/a-propos\/","url":"https:\/\/territorialchallenges.com\/a-propos\/","name":"Acerca del sitio - Desaf\u00edos Territoriales","isPartOf":{"@id":"https:\/\/territorialchallenges.com\/#website"},"datePublished":"2019-05-13T09:04:51+00:00","dateModified":"2025-09-15T07:03:17+00:00","breadcrumb":{"@id":"https:\/\/territorialchallenges.com\/a-propos\/#breadcrumb"},"inLanguage":"es","potentialAction":[{"@type":"ReadAction","target":["https:\/\/territorialchallenges.com\/a-propos\/"]}]},{"@type":"BreadcrumbList","@id":"https:\/\/territorialchallenges.com\/a-propos\/#breadcrumb","itemListElement":[{"@type":"ListItem","position":1,"name":"Home","item":"https:\/\/territorialchallenges.com\/"},{"@type":"ListItem","position":2,"name":"A propos du site"}]},{"@type":"WebSite","@id":"https:\/\/territorialchallenges.com\/#website","url":"https:\/\/territorialchallenges.com\/","name":"Desaf\u00edos territoriales","description":"Monitoreo Internacional - Estrategias Inteligentes - Mejores Pr\u00e1cticas","publisher":{"@id":"https:\/\/territorialchallenges.com\/#organization"},"potentialAction":[{"@type":"SearchAction","target":{"@type":"EntryPoint","urlTemplate":"https:\/\/territorialchallenges.com\/?s={search_term_string}"},"query-input":"required name=search_term_string"}],"inLanguage":"es"},{"@type":"Organization","@id":"https:\/\/territorialchallenges.com\/#organization","name":"Desaf\u00edos territoriales","url":"https:\/\/territorialchallenges.com\/","logo":{"@type":"ImageObject","inLanguage":"es","@id":"https:\/\/territorialchallenges.com\/#\/schema\/logo\/image\/","url":"https:\/\/territorialchallenges.com\/wp-content\/uploads\/2023\/10\/logo-1.png","contentUrl":"https:\/\/territorialchallenges.com\/wp-content\/uploads\/2023\/10\/logo-1.png","width":1832,"height":576,"caption":"Territorial Challenges"},"image":{"@id":"https:\/\/territorialchallenges.com\/#\/schema\/logo\/image\/"}}]}},"_links":{"self":[{"href":"https:\/\/territorialchallenges.com\/es\/wp-json\/wp\/v2\/pages\/83801"}],"collection":[{"href":"https:\/\/territorialchallenges.com\/es\/wp-json\/wp\/v2\/pages"}],"about":[{"href":"https:\/\/territorialchallenges.com\/es\/wp-json\/wp\/v2\/types\/page"}],"author":[{"embeddable":true,"href":"https:\/\/territorialchallenges.com\/es\/wp-json\/wp\/v2\/users\/11"}],"replies":[{"embeddable":true,"href":"https:\/\/territorialchallenges.com\/es\/wp-json\/wp\/v2\/comments?post=83801"}],"version-history":[{"count":12,"href":"https:\/\/territorialchallenges.com\/es\/wp-json\/wp\/v2\/pages\/83801\/revisions"}],"predecessor-version":[{"id":124906,"href":"https:\/\/territorialchallenges.com\/es\/wp-json\/wp\/v2\/pages\/83801\/revisions\/124906"}],"wp:attachment":[{"href":"https:\/\/territorialchallenges.com\/es\/wp-json\/wp\/v2\/media?parent=83801"}],"curies":[{"name":"gracias","href":"https:\/\/api.w.org\/{rel}","templated":true}]}}