{"id":79356,"date":"2019-03-12T12:35:46","date_gmt":"2019-03-12T11:35:46","guid":{"rendered":"https:\/\/territorialchallenges.com\/?page_id=79356"},"modified":"2025-09-26T09:56:00","modified_gmt":"2025-09-26T07:56:00","slug":"glossaire","status":"publish","type":"page","link":"https:\/\/territorialchallenges.com\/es\/glossaire\/","title":{"rendered":"Definici\u00f3n"},"content":{"rendered":"<p><strong>Territorios inteligentes:<\/strong> Se trata de un nuevo concepto de desarrollo urbano. Su objetivo es mejorar la calidad de vida de los residentes, haciendo que las ciudades sean m\u00e1s adaptables y eficientes, mediante el uso de nuevas tecnolog\u00edas basadas en un ecosistema de objetos y servicios.<\/p>\n<p><strong>Transici\u00f3n energ\u00e9tica:<\/strong> Es la transformaci\u00f3n digital de la producci\u00f3n, el transporte, la distribuci\u00f3n y el consumo de energ\u00eda. Esto tambi\u00e9n incluye diversas fuentes de energ\u00eda renovables.<\/p>\n<p><strong>Industria 5.0:<\/strong> Se refiere a la digitalizaci\u00f3n del ecosistema de fabricaci\u00f3n y procesamiento de bienes de capital. Tambi\u00e9n se refiere a la robotizaci\u00f3n de las f\u00e1bricas.<\/p>\n<p><strong>Internet de las cosas:<\/strong> Los objetos conectados representan sistemas inteligentes formados por sensores o m\u00e1quinas que, a trav\u00e9s de redes digitales, permiten la recogida de datos, o incluso funcionalidad entre dispositivos.<\/p>\n<p><strong>Redes inteligentes:<\/strong> Las redes inteligentes permiten la distribuci\u00f3n digital de energ\u00eda<\/p>\n<p><strong>Aparcamiento inteligente: \u00a0<\/strong>Es un servicio de aparcamiento autom\u00e1tico en los estacionamientos:<\/p>\n<p>El sistema se apoya en un conjunto de sensores que dotan a los aparcamientos de WiFi, sensores de v\u00eddeo y tecnolog\u00edas basadas en inteligencia artificial.<\/p>","protected":false},"excerpt":{"rendered":"<p>Territoires Intelligents : C\u2019est un nouveau concept de d\u00e9veloppement urbain. Il s\u2019agit d\u2019am\u00e9liorer la qualit\u00e9 de vie des habitants en rendant la ville plus adaptative et efficace, \u00e0 l\u2019aide de nouvelles technologies qui s\u2019appuient sur un \u00e9cosyst\u00e8me d\u2019objets et de services. Transition \u00c9nerg\u00e9tique\u00a0: C\u2019est la transformation par le num\u00e9rique de la production, du transport, de [&hellip;]<\/p>","protected":false},"author":11,"featured_media":0,"parent":0,"menu_order":0,"comment_status":"closed","ping_status":"closed","template":"","meta":{"pmpro_default_level":0,"footnotes":""},"blocksy_meta":"","yoast_head":"<!-- This site is optimized with the Yoast SEO plugin v21.5 - https:\/\/yoast.com\/wordpress\/plugins\/seo\/ -->\n<title>D\u00e9finition - Territorial Challenges<\/title>\n<meta name=\"robots\" content=\"index, follow, max-snippet:-1, max-image-preview:large, max-video-preview:-1\" \/>\n<link rel=\"canonical\" href=\"https:\/\/territorialchallenges.com\/es\/glossaire\/\" \/>\n<meta property=\"og:locale\" content=\"es_ES\" \/>\n<meta property=\"og:type\" content=\"article\" \/>\n<meta property=\"og:title\" content=\"D\u00e9finition - Territorial Challenges\" \/>\n<meta property=\"og:description\" content=\"Territoires Intelligents : C\u2019est un nouveau concept de d\u00e9veloppement urbain. Il s\u2019agit d\u2019am\u00e9liorer la qualit\u00e9 de vie des habitants en rendant la ville plus adaptative et efficace, \u00e0 l\u2019aide de nouvelles technologies qui s\u2019appuient sur un \u00e9cosyst\u00e8me d\u2019objets et de services. Transition \u00c9nerg\u00e9tique\u00a0: C\u2019est la transformation par le num\u00e9rique de la production, du transport, de [&hellip;]\" \/>\n<meta property=\"og:url\" content=\"https:\/\/territorialchallenges.com\/es\/glossaire\/\" \/>\n<meta property=\"og:site_name\" content=\"Territorial Challenges\" \/>\n<meta property=\"article:modified_time\" content=\"2025-09-26T07:56:00+00:00\" \/>\n<meta name=\"twitter:card\" content=\"summary_large_image\" \/>\n<meta name=\"twitter:label1\" content=\"Tiempo de lectura\" \/>\n\t<meta name=\"twitter:data1\" content=\"1 minuto\" \/>\n<script type=\"application\/ld+json\" class=\"yoast-schema-graph\">{\"@context\":\"https:\/\/schema.org\",\"@graph\":[{\"@type\":\"WebPage\",\"@id\":\"https:\/\/territorialchallenges.com\/glossaire\/\",\"url\":\"https:\/\/territorialchallenges.com\/glossaire\/\",\"name\":\"D\u00e9finition - Territorial Challenges\",\"isPartOf\":{\"@id\":\"https:\/\/territorialchallenges.com\/#website\"},\"datePublished\":\"2019-03-12T11:35:46+00:00\",\"dateModified\":\"2025-09-26T07:56:00+00:00\",\"breadcrumb\":{\"@id\":\"https:\/\/territorialchallenges.com\/glossaire\/#breadcrumb\"},\"inLanguage\":\"es\",\"potentialAction\":[{\"@type\":\"ReadAction\",\"target\":[\"https:\/\/territorialchallenges.com\/glossaire\/\"]}]},{\"@type\":\"BreadcrumbList\",\"@id\":\"https:\/\/territorialchallenges.com\/glossaire\/#breadcrumb\",\"itemListElement\":[{\"@type\":\"ListItem\",\"position\":1,\"name\":\"Home\",\"item\":\"https:\/\/territorialchallenges.com\/\"},{\"@type\":\"ListItem\",\"position\":2,\"name\":\"D\u00e9finition\"}]},{\"@type\":\"WebSite\",\"@id\":\"https:\/\/territorialchallenges.com\/#website\",\"url\":\"https:\/\/territorialchallenges.com\/\",\"name\":\"Territorial Challenges\",\"description\":\"Veille Internationale - Strat\u00e9gie Intelligentes - Bonnes pratiques\",\"publisher\":{\"@id\":\"https:\/\/territorialchallenges.com\/#organization\"},\"potentialAction\":[{\"@type\":\"SearchAction\",\"target\":{\"@type\":\"EntryPoint\",\"urlTemplate\":\"https:\/\/territorialchallenges.com\/?s={search_term_string}\"},\"query-input\":\"required name=search_term_string\"}],\"inLanguage\":\"es\"},{\"@type\":\"Organization\",\"@id\":\"https:\/\/territorialchallenges.com\/#organization\",\"name\":\"Territorial Challenges\",\"url\":\"https:\/\/territorialchallenges.com\/\",\"logo\":{\"@type\":\"ImageObject\",\"inLanguage\":\"es\",\"@id\":\"https:\/\/territorialchallenges.com\/#\/schema\/logo\/image\/\",\"url\":\"https:\/\/territorialchallenges.com\/wp-content\/uploads\/2023\/10\/logo-1.png\",\"contentUrl\":\"https:\/\/territorialchallenges.com\/wp-content\/uploads\/2023\/10\/logo-1.png\",\"width\":1832,\"height\":576,\"caption\":\"Territorial Challenges\"},\"image\":{\"@id\":\"https:\/\/territorialchallenges.com\/#\/schema\/logo\/image\/\"}}]}<\/script>\n<!-- \/ Yoast SEO plugin. -->","yoast_head_json":{"title":"D\u00e9finition - Territorial Challenges","robots":{"index":"index","follow":"follow","max-snippet":"max-snippet:-1","max-image-preview":"max-image-preview:large","max-video-preview":"max-video-preview:-1"},"canonical":"https:\/\/territorialchallenges.com\/es\/glossaire\/","og_locale":"es_ES","og_type":"article","og_title":"D\u00e9finition - Territorial Challenges","og_description":"Territoires Intelligents : C\u2019est un nouveau concept de d\u00e9veloppement urbain. Il s\u2019agit d\u2019am\u00e9liorer la qualit\u00e9 de vie des habitants en rendant la ville plus adaptative et efficace, \u00e0 l\u2019aide de nouvelles technologies qui s\u2019appuient sur un \u00e9cosyst\u00e8me d\u2019objets et de services. Transition \u00c9nerg\u00e9tique\u00a0: C\u2019est la transformation par le num\u00e9rique de la production, du transport, de [&hellip;]","og_url":"https:\/\/territorialchallenges.com\/es\/glossaire\/","og_site_name":"Territorial Challenges","article_modified_time":"2025-09-26T07:56:00+00:00","twitter_card":"summary_large_image","twitter_misc":{"Tiempo de lectura":"1 minuto"},"schema":{"@context":"https:\/\/schema.org","@graph":[{"@type":"WebPage","@id":"https:\/\/territorialchallenges.com\/glossaire\/","url":"https:\/\/territorialchallenges.com\/glossaire\/","name":"D\u00e9finition - Territorial Challenges","isPartOf":{"@id":"https:\/\/territorialchallenges.com\/#website"},"datePublished":"2019-03-12T11:35:46+00:00","dateModified":"2025-09-26T07:56:00+00:00","breadcrumb":{"@id":"https:\/\/territorialchallenges.com\/glossaire\/#breadcrumb"},"inLanguage":"es","potentialAction":[{"@type":"ReadAction","target":["https:\/\/territorialchallenges.com\/glossaire\/"]}]},{"@type":"BreadcrumbList","@id":"https:\/\/territorialchallenges.com\/glossaire\/#breadcrumb","itemListElement":[{"@type":"ListItem","position":1,"name":"Home","item":"https:\/\/territorialchallenges.com\/"},{"@type":"ListItem","position":2,"name":"D\u00e9finition"}]},{"@type":"WebSite","@id":"https:\/\/territorialchallenges.com\/#website","url":"https:\/\/territorialchallenges.com\/","name":"Desaf\u00edos territoriales","description":"Monitoreo Internacional - Estrategias Inteligentes - Mejores Pr\u00e1cticas","publisher":{"@id":"https:\/\/territorialchallenges.com\/#organization"},"potentialAction":[{"@type":"SearchAction","target":{"@type":"EntryPoint","urlTemplate":"https:\/\/territorialchallenges.com\/?s={search_term_string}"},"query-input":"required name=search_term_string"}],"inLanguage":"es"},{"@type":"Organization","@id":"https:\/\/territorialchallenges.com\/#organization","name":"Desaf\u00edos territoriales","url":"https:\/\/territorialchallenges.com\/","logo":{"@type":"ImageObject","inLanguage":"es","@id":"https:\/\/territorialchallenges.com\/#\/schema\/logo\/image\/","url":"https:\/\/territorialchallenges.com\/wp-content\/uploads\/2023\/10\/logo-1.png","contentUrl":"https:\/\/territorialchallenges.com\/wp-content\/uploads\/2023\/10\/logo-1.png","width":1832,"height":576,"caption":"Territorial Challenges"},"image":{"@id":"https:\/\/territorialchallenges.com\/#\/schema\/logo\/image\/"}}]}},"_links":{"self":[{"href":"https:\/\/territorialchallenges.com\/es\/wp-json\/wp\/v2\/pages\/79356"}],"collection":[{"href":"https:\/\/territorialchallenges.com\/es\/wp-json\/wp\/v2\/pages"}],"about":[{"href":"https:\/\/territorialchallenges.com\/es\/wp-json\/wp\/v2\/types\/page"}],"author":[{"embeddable":true,"href":"https:\/\/territorialchallenges.com\/es\/wp-json\/wp\/v2\/users\/11"}],"replies":[{"embeddable":true,"href":"https:\/\/territorialchallenges.com\/es\/wp-json\/wp\/v2\/comments?post=79356"}],"version-history":[{"count":5,"href":"https:\/\/territorialchallenges.com\/es\/wp-json\/wp\/v2\/pages\/79356\/revisions"}],"predecessor-version":[{"id":124982,"href":"https:\/\/territorialchallenges.com\/es\/wp-json\/wp\/v2\/pages\/79356\/revisions\/124982"}],"wp:attachment":[{"href":"https:\/\/territorialchallenges.com\/es\/wp-json\/wp\/v2\/media?parent=79356"}],"curies":[{"name":"gracias","href":"https:\/\/api.w.org\/{rel}","templated":true}]}}