{"id":24,"date":"2019-03-05T12:02:37","date_gmt":"2019-03-05T11:02:37","guid":{"rendered":"https:\/\/territorialchallenges.com\/?page_id=24"},"modified":"2019-07-21T20:15:45","modified_gmt":"2019-07-21T18:15:45","slug":"accueil","status":"publish","type":"page","link":"https:\/\/territorialchallenges.com\/es\/accueil\/","title":{"rendered":"Bienvenido"},"content":{"rendered":"<p>[vc_row][vc_column width=\u00a0\u00bb1\/1&Prime;][vc_custom_heading el_class=\u00a0\u00bbtitreROI\u00a0\u00bb]<\/p>\n<h2><a href=\"https:\/\/territorialchallenges.com\/es\/reflexion-faite\/\"><span style=\"color: #4aac6e; font-size: 40px;\">R\u00e9flexion Faite &#8230;<\/span><\/a><\/h2>\n<p>[\/vc_custom_heading][uncode_index el_id=\u00a0\u00bbindex-424524&Prime; loop=\u00a0\u00bbsize:1|order_by:date|post_type:post|categories:130&Prime; gutter_size=\u00a0\u00bb3&Prime; post_items=\u00a0\u00bbmedia|featured|onpost|original,title,category|colorbg|relative|display-icon,sep-one|full,text|full|300,link|round|small_size,extra\u00a0\u00bb screen_lg=\u00a0\u00bb1000&Prime; screen_md=\u00a0\u00bb600&Prime; screen_sm=\u00a0\u00bb480&Prime; single_text=\u00a0\u00bblateral\u00a0\u00bb single_width=\u00a0\u00bb12&Prime; images_size=\u00a0\u00bbsixteen-nine\u00a0\u00bb single_image_position=\u00a0\u00bbright\u00a0\u00bb single_image_size=\u00a0\u00bb6&Prime; single_overlay_opacity=\u00a0\u00bb50&Prime; single_padding=\u00a0\u00bb2&Prime; single_title_dimension=\u00a0\u00bbh1&Prime; single_title_family=\u00a0\u00bbfont-334845&Prime;][\/vc_column][\/vc_row][vc_row][vc_column width=\u00a0\u00bb1\/1&Prime;][vc_row_inner row_inner_height_percent=\u00a0\u00bb0&Prime; overlay_alpha=\u00a0\u00bb50&Prime; gutter_size=\u00a0\u00bb3&Prime; shift_y=\u00a0\u00bb0&Prime; z_index=\u00a0\u00bb0&Prime; el_class=\u00a0\u00bbright\u00a0\u00bb][vc_column_inner width=\u00a0\u00bb1\/1&Prime;][vc_custom_heading el_class=\u00a0\u00bbtitreROI\u00a0\u00bb]<\/p>\n<h2><a href=\"https:\/\/territorialchallenges.com\/es\/on-parle-deux\/\"><span style=\"color: #4aac6e; font-size: 40px;\">On parle d&rsquo;eux &#8230;<\/span><\/a><\/h2>\n<p>[\/vc_custom_heading][\/vc_column_inner][\/vc_row_inner][uncode_index el_id=\u00a0\u00bbindex-424524&Prime; loop=\u00a0\u00bbsize:1|order_by:date|post_type:post|categories:126&Prime; gutter_size=\u00a0\u00bb3&Prime; post_items=\u00a0\u00bbmedia|featured|onpost|original,title,category|colorbg|relative|display-icon,sep-one|full,text|full|300,link|round|small_size,extra\u00a0\u00bb screen_lg=\u00a0\u00bb1000&Prime; screen_md=\u00a0\u00bb600&Prime; screen_sm=\u00a0\u00bb480&Prime; single_text=\u00a0\u00bblateral\u00a0\u00bb single_width=\u00a0\u00bb12&Prime; images_size=\u00a0\u00bbsixteen-nine\u00a0\u00bb single_image_size=\u00a0\u00bb6&Prime; single_overlay_opacity=\u00a0\u00bb50&Prime; single_padding=\u00a0\u00bb2&Prime; single_title_dimension=\u00a0\u00bbh1&Prime; single_title_family=\u00a0\u00bbfont-334845&Prime;][\/vc_column][\/vc_row][vc_row][vc_column width=\u00a0\u00bb1\/1&Prime;][vc_custom_heading text_size=\u00a0\u00bbh1&Prime; el_class=\u00a0\u00bbtitreROI\u00a0\u00bb]<\/p>\n<h2 style=\"text-align: left;\"><a href=\"https:\/\/territorialchallenges.com\/es\/il-sest-passe-a\/\"><span style=\"color: #4aac6e; font-size: 40px;\">Il s&rsquo;est pass\u00e9 \u00e0 &#8230;<\/span><\/a><\/h2>\n<p>[\/vc_custom_heading][uncode_index el_id=\u00a0\u00bbindex-424524&Prime; loop=\u00a0\u00bbsize:1|order_by:date|post_type:post|categories:120&Prime; gutter_size=\u00a0\u00bb3&Prime; post_items=\u00a0\u00bbmedia|featured|onpost|original,title,category|colorbg|relative|display-icon,sep-one|full,text|full|300,link|round|small_size,extra\u00a0\u00bb screen_lg=\u00a0\u00bb1000&Prime; screen_md=\u00a0\u00bb600&Prime; screen_sm=\u00a0\u00bb480&Prime; single_text=\u00a0\u00bblateral\u00a0\u00bb single_width=\u00a0\u00bb12&Prime; images_size=\u00a0\u00bbsixteen-nine\u00a0\u00bb single_image_position=\u00a0\u00bbright\u00a0\u00bb single_image_size=\u00a0\u00bb6&Prime; single_overlay_opacity=\u00a0\u00bb50&Prime; single_padding=\u00a0\u00bb2&Prime; single_title_dimension=\u00a0\u00bbh1&Prime; single_title_family=\u00a0\u00bbfont-334845&Prime;][\/vc_column][\/vc_row][vc_row][vc_column width=\u00a0\u00bb1\/1&Prime;][vc_separator sep_color=\u00a0\u00bbcolor-uydo\u00a0\u00bb][\/vc_column][\/vc_row][vc_row][vc_column width=\u00a0\u00bb1\/1&Prime;][uncode_block id=\u00a0\u00bb83887&Prime;][\/vc_column][\/vc_row][vc_row][vc_column width=\u00a0\u00bb1\/1&Prime;][vc_separator sep_color=\u00a0\u00bbcolor-uydo\u00a0\u00bb][\/vc_column][\/vc_row][vc_row row_height_percent=\u00a0\u00bb0&Prime; overlay_alpha=\u00a0\u00bb50&Prime; gutter_size=\u00a0\u00bb3&Prime; column_width_percent=\u00a0\u00bb100&Prime; shift_y=\u00a0\u00bb0&Prime; z_index=\u00a0\u00bb0&Prime;][vc_column width=\u00a0\u00bb1\/1&Prime;][vc_row_inner][vc_column_inner column_width_percent=\u00a0\u00bb100&Prime; align_horizontal=\u00a0\u00bbalign_center\u00a0\u00bb gutter_size=\u00a0\u00bb3&Prime; overlay_alpha=\u00a0\u00bb50&Prime; medium_width=\u00a0\u00bb0&Prime; mobile_width=\u00a0\u00bb0&Prime; shift_x=\u00a0\u00bb0&Prime; shift_y=\u00a0\u00bb0&Prime; shift_y_down=\u00a0\u00bb0&Prime; z_index=\u00a0\u00bb0&Prime; width=\u00a0\u00bb1\/1&Prime;][vc_custom_heading separator=\u00a0\u00bbunder\u00a0\u00bb separator_color=\u00a0\u00bbyes\u00a0\u00bb]<\/p>\n<h2><span style=\"color: #4aac6e; font-size: 40px;\">Cela pourrait vous int\u00e9resser<\/span><\/h2>\n<p>[\/vc_custom_heading][\/vc_column_inner][\/vc_row_inner][vc_row_inner][vc_column_inner width=\u00a0\u00bb1\/4&Prime;][uncode_index el_id=\u00a0\u00bbindex-101530&Prime; loop=\u00a0\u00bbsize:1|order_by:date|order:DESC|post_type:post|categories:19&Prime; gutter_size=\u00a0\u00bb3&Prime; post_items=\u00a0\u00bbmedia|featured|onpost|original,title,sep-one|full,category|colorbg|relative|hide-icon,date,text|full|280,link|round|small_size|Lire la suite,sep-two|reduced,extra\u00a0\u00bb screen_lg=\u00a0\u00bb1000&Prime; screen_md=\u00a0\u00bb600&Prime; screen_sm=\u00a0\u00bb480&Prime; single_width=\u00a0\u00bb3&Prime; images_size=\u00a0\u00bbone-one\u00a0\u00bb single_back_color=\u00a0\u00bbcolor-168568&Prime; single_shape=\u00a0\u00bbround\u00a0\u00bb radius=\u00a0\u00bbxs\u00a0\u00bb single_overlay_opacity=\u00a0\u00bb1&Prime; single_padding=\u00a0\u00bb2&Prime; single_title_dimension=\u00a0\u00bbh3&Prime; single_title_family=\u00a0\u00bbfont-334845&Prime; single_title_weight=\u00a0\u00bb400&Prime; single_css_animation=\u00a0\u00bbtop-t-bottom\u00a0\u00bb single_animation_speed=\u00a0\u00bb1000&Prime; single_animation_delay=\u00a0\u00bb500&Prime;][\/vc_column_inner][vc_column_inner width=\u00a0\u00bb1\/4&Prime;][uncode_index el_id=\u00a0\u00bbindex-101530&Prime; loop=\u00a0\u00bbsize:1|order_by:date|order:DESC|post_type:post|categories:18&Prime; gutter_size=\u00a0\u00bb3&Prime; post_items=\u00a0\u00bbmedia|featured|onpost|original,title,sep-one|full,category|colorbg|relative|hide-icon,date,text|full|280,link|round|small_size|Lire la suite,sep-two|reduced,extra\u00a0\u00bb screen_lg=\u00a0\u00bb1000&Prime; screen_md=\u00a0\u00bb600&Prime; screen_sm=\u00a0\u00bb480&Prime; single_width=\u00a0\u00bb3&Prime; images_size=\u00a0\u00bbone-one\u00a0\u00bb single_back_color=\u00a0\u00bbcolor-168568&Prime; single_shape=\u00a0\u00bbround\u00a0\u00bb radius=\u00a0\u00bbxs\u00a0\u00bb single_overlay_opacity=\u00a0\u00bb1&Prime; single_padding=\u00a0\u00bb2&Prime; single_title_dimension=\u00a0\u00bbh3&Prime; single_title_family=\u00a0\u00bbfont-334845&Prime; single_title_weight=\u00a0\u00bb400&Prime; single_css_animation=\u00a0\u00bbtop-t-bottom\u00a0\u00bb single_animation_speed=\u00a0\u00bb1000&Prime; single_animation_delay=\u00a0\u00bb500&Prime;][\/vc_column_inner][vc_column_inner width=\u00a0\u00bb1\/4&Prime;][uncode_index el_id=\u00a0\u00bbindex-101530&Prime; loop=\u00a0\u00bbsize:1|order_by:date|order:DESC|post_type:post|categories:17&Prime; gutter_size=\u00a0\u00bb3&Prime; post_items=\u00a0\u00bbmedia|featured|onpost|original,title,sep-one|full,category|colorbg|relative|hide-icon,date,text|full|280,link|round|small_size|Lire la suite,sep-two|reduced,extra\u00a0\u00bb screen_lg=\u00a0\u00bb1000&Prime; screen_md=\u00a0\u00bb600&Prime; screen_sm=\u00a0\u00bb480&Prime; single_width=\u00a0\u00bb3&Prime; images_size=\u00a0\u00bbone-one\u00a0\u00bb single_back_color=\u00a0\u00bbcolor-168568&Prime; single_shape=\u00a0\u00bbround\u00a0\u00bb radius=\u00a0\u00bbxs\u00a0\u00bb single_overlay_opacity=\u00a0\u00bb1&Prime; single_padding=\u00a0\u00bb2&Prime; single_title_dimension=\u00a0\u00bbh3&Prime; single_title_family=\u00a0\u00bbfont-334845&Prime; single_title_weight=\u00a0\u00bb400&Prime; single_css_animation=\u00a0\u00bbtop-t-bottom\u00a0\u00bb single_animation_speed=\u00a0\u00bb1000&Prime; single_animation_delay=\u00a0\u00bb500&Prime;][\/vc_column_inner][vc_column_inner width=\u00a0\u00bb1\/4&Prime;][uncode_index el_id=\u00a0\u00bbindex-101530&Prime; loop=\u00a0\u00bbsize:1|order_by:date|order:DESC|post_type:post|categories:16&Prime; gutter_size=\u00a0\u00bb3&Prime; post_items=\u00a0\u00bbmedia|featured|onpost|original,title,sep-one|full,category|colorbg|relative|hide-icon,date,text|full|280,link|round|small_size|Lire la suite,sep-two|reduced,extra\u00a0\u00bb screen_lg=\u00a0\u00bb1000&Prime; screen_md=\u00a0\u00bb600&Prime; screen_sm=\u00a0\u00bb480&Prime; single_width=\u00a0\u00bb3&Prime; images_size=\u00a0\u00bbone-one\u00a0\u00bb single_back_color=\u00a0\u00bbcolor-168568&Prime; single_shape=\u00a0\u00bbround\u00a0\u00bb radius=\u00a0\u00bbxs\u00a0\u00bb single_overlay_opacity=\u00a0\u00bb1&Prime; single_padding=\u00a0\u00bb2&Prime; single_title_dimension=\u00a0\u00bbh3&Prime; single_title_family=\u00a0\u00bbfont-334845&Prime; single_title_weight=\u00a0\u00bb400&Prime; single_css_animation=\u00a0\u00bbtop-t-bottom\u00a0\u00bb single_animation_speed=\u00a0\u00bb1000&Prime; single_animation_delay=\u00a0\u00bb500&Prime;][\/vc_column_inner][\/vc_row_inner][vc_empty_space empty_h=\u00a0\u00bb2&Prime;][\/vc_column][\/vc_row][vc_row row_height_percent=\u00a0\u00bb0&Prime; back_color=\u00a0\u00bbcolor-lxmt\u00a0\u00bb overlay_alpha=\u00a0\u00bb50&Prime; gutter_size=\u00a0\u00bb3&Prime; column_width_percent=\u00a0\u00bb90&Prime; border_color=\u00a0\u00bbcolor-129862&Prime; border_style=\u00a0\u00bbsolid\u00a0\u00bb shift_y=\u00a0\u00bb0&Prime; z_index=\u00a0\u00bb0&Prime; css=\u00a0\u00bb.vc_custom_1555343135227{border-top-width: 4px !important;border-right-width: 4px !important;border-bottom-width: 4px !important;border-left-width: 4px !important;}\u00a0\u00bb][vc_column column_width_percent=\u00a0\u00bb100&Prime; overlay_alpha=\u00a0\u00bb50&Prime; gutter_size=\u00a0\u00bb3&Prime; medium_width=\u00a0\u00bb0&Prime; mobile_width=\u00a0\u00bb0&Prime; shift_x=\u00a0\u00bb0&Prime; shift_y=\u00a0\u00bb0&Prime; shift_y_down=\u00a0\u00bb0&Prime; z_index=\u00a0\u00bb0&Prime; width=\u00a0\u00bb1\/1&Prime;][vc_row_inner][vc_column_inner width=\u00a0\u00bb1\/1&Prime;][uncode_block id=\u00a0\u00bb81226&Prime;][\/vc_column_inner][\/vc_row_inner][\/vc_column][\/vc_row][vc_row row_height_percent=\u00a0\u00bb0&Prime; overlay_alpha=\u00a0\u00bb50&Prime; gutter_size=\u00a0\u00bb3&Prime; column_width_percent=\u00a0\u00bb100&Prime; shift_y=\u00a0\u00bb0&Prime; z_index=\u00a0\u00bb0&Prime;][vc_column column_width_percent=\u00a0\u00bb100&Prime; align_horizontal=\u00a0\u00bbalign_center\u00a0\u00bb overlay_alpha=\u00a0\u00bb50&Prime; gutter_size=\u00a0\u00bb3&Prime; medium_width=\u00a0\u00bb0&Prime; mobile_width=\u00a0\u00bb0&Prime; shift_x=\u00a0\u00bb0&Prime; shift_y=\u00a0\u00bb0&Prime; shift_y_down=\u00a0\u00bb0&Prime; z_index=\u00a0\u00bb0&Prime; width=\u00a0\u00bb1\/1&Prime;][vc_custom_heading separator=\u00a0\u00bbunder\u00a0\u00bb separator_color=\u00a0\u00bbyes\u00a0\u00bb]<\/p>\n<h2><span style=\"color: #4aac6e; font-size: 40px;\">Eventos<\/span><\/h2>\n<p>[\/vc_custom_heading][vc_row_inner][vc_column_inner width=\u00a0\u00bb1\/1&Prime;][vc_column_text]<div class=\"mec-wrap mec-skin-grid-container\" id=\"mec_skin_79111\">\r\n    \r\n    <div id=\"mec_search_form_79111\" class=\"mec-search-form mec-totalcal-box\"><div class=\"mec-dropdown-wrap\" ><div class=\"mec-dropdown-search\">\r\n                    <i class=\"mec-sl-folder\"><\/i><select  name=' ' id='mec_sf_category_79111' class='postform'>\n\t<option value='' selected='selected'>Categor\u00eda<\/option>\n\t<option class=\"level-0\" value=\"108\">conferencia<\/option>\n<\/select>\n<\/div><\/div><div class=\"mec-text-input-search\">\r\n                    <i class=\"mec-sl-magnifier\"><\/i>\r\n                    <input type=\"search\" value=\"\" id=\"mec_sf_s_79111\" \/>\r\n                <\/div><\/div>    \r\n        <div class=\"mec-skin-grid-events-container\" id=\"mec_skin_events_79111\">\r\n        \u00a1No hay eventos!    <\/div>\r\n        \r\n        \r\n<\/div>[\/vc_column_text][\/vc_column_inner][\/vc_row_inner][vc_separator sep_color=\u00a0\u00bbcolor-uydo\u00a0\u00bb][vc_custom_heading separator=\u00a0\u00bbunder\u00a0\u00bb separator_color=\u00a0\u00bbyes\u00a0\u00bb]<\/p>\n<h2><a href=\"https:\/\/territorialchallenges.com\/es\/archives\/\"><span style=\"color: #4aac6e; font-size: 40px;\">Archives<\/span><\/a><\/h2>\n<p>[\/vc_custom_heading][vc_row_inner][vc_column_inner width=\u00a0\u00bb1\/1&Prime;][uncode_index el_id=\u00a0\u00bbindex-101530&Prime; loop=\u00a0\u00bbsize:4|order_by:date|order:DESC|post_type:post|categories:123,131&Prime; gutter_size=\u00a0\u00bb3&Prime; post_items=\u00a0\u00bbmedia|featured|onpost|original,title,sep-one|full,category|colorbg|relative|hide-icon,date,text|full|280,link|round|small_size|Lire la suite,sep-two|reduced,extra\u00a0\u00bb screen_lg=\u00a0\u00bb1000&Prime; screen_md=\u00a0\u00bb600&Prime; screen_sm=\u00a0\u00bb480&Prime; single_width=\u00a0\u00bb3&Prime; images_size=\u00a0\u00bbone-one\u00a0\u00bb single_back_color=\u00a0\u00bbcolor-168568&Prime; single_shape=\u00a0\u00bbround\u00a0\u00bb radius=\u00a0\u00bbxs\u00a0\u00bb single_overlay_opacity=\u00a0\u00bb1&Prime; single_padding=\u00a0\u00bb2&Prime; single_title_dimension=\u00a0\u00bbh3&Prime; single_title_family=\u00a0\u00bbfont-334845&Prime; single_title_weight=\u00a0\u00bb400&Prime; single_css_animation=\u00a0\u00bbtop-t-bottom\u00a0\u00bb single_animation_speed=\u00a0\u00bb1000&Prime; single_animation_delay=\u00a0\u00bb500&Prime;][\/vc_column_inner][\/vc_row_inner][\/vc_column][\/vc_row]<\/p>","protected":false},"excerpt":{"rendered":"<p>[vc_row][vc_column width=\u00a0\u00bb1\/1&Prime;][vc_custom_heading el_class=\u00a0\u00bbtitreROI\u00a0\u00bb] R\u00e9flexion Faite &#8230; [\/vc_custom_heading][uncode_index el_id=\u00a0\u00bbindex-424524&Prime; loop=\u00a0\u00bbsize:1|order_by:date|post_type:post|categories:130&Prime; gutter_size=\u00a0\u00bb3&Prime; post_items=\u00a0\u00bbmedia|featured|onpost|original,title,category|colorbg|relative|display-icon,sep-one|full,text|full|300,link|round|small_size,extra\u00a0\u00bb screen_lg=\u00a0\u00bb1000&Prime; screen_md=\u00a0\u00bb600&Prime; screen_sm=\u00a0\u00bb480&Prime; single_text=\u00a0\u00bblateral\u00a0\u00bb single_width=\u00a0\u00bb12&Prime; images_size=\u00a0\u00bbsixteen-nine\u00a0\u00bb single_image_position=\u00a0\u00bbright\u00a0\u00bb single_image_size=\u00a0\u00bb6&Prime; single_overlay_opacity=\u00a0\u00bb50&Prime; single_padding=\u00a0\u00bb2&Prime; single_title_dimension=\u00a0\u00bbh1&Prime; single_title_family=\u00a0\u00bbfont-334845&Prime;][\/vc_column][\/vc_row][vc_row][vc_column width=\u00a0\u00bb1\/1&Prime;][vc_row_inner row_inner_height_percent=\u00a0\u00bb0&Prime; overlay_alpha=\u00a0\u00bb50&Prime; gutter_size=\u00a0\u00bb3&Prime; shift_y=\u00a0\u00bb0&Prime; z_index=\u00a0\u00bb0&Prime; el_class=\u00a0\u00bbright\u00a0\u00bb][vc_column_inner width=\u00a0\u00bb1\/1&Prime;][vc_custom_heading el_class=\u00a0\u00bbtitreROI\u00a0\u00bb] On parle d&rsquo;eux &#8230; [\/vc_custom_heading][\/vc_column_inner][\/vc_row_inner][uncode_index el_id=\u00a0\u00bbindex-424524&Prime; loop=\u00a0\u00bbsize:1|order_by:date|post_type:post|categories:126&Prime; gutter_size=\u00a0\u00bb3&Prime; post_items=\u00a0\u00bbmedia|featured|onpost|original,title,category|colorbg|relative|display-icon,sep-one|full,text|full|300,link|round|small_size,extra\u00a0\u00bb screen_lg=\u00a0\u00bb1000&Prime; screen_md=\u00a0\u00bb600&Prime; screen_sm=\u00a0\u00bb480&Prime; single_text=\u00a0\u00bblateral\u00a0\u00bb single_width=\u00a0\u00bb12&Prime; images_size=\u00a0\u00bbsixteen-nine\u00a0\u00bb single_image_size=\u00a0\u00bb6&Prime; single_overlay_opacity=\u00a0\u00bb50&Prime; single_padding=\u00a0\u00bb2&Prime; single_title_dimension=\u00a0\u00bbh1&Prime; single_title_family=\u00a0\u00bbfont-334845&Prime;][\/vc_column][\/vc_row][vc_row][vc_column width=\u00a0\u00bb1\/1&Prime;][vc_custom_heading text_size=\u00a0\u00bbh1&Prime; el_class=\u00a0\u00bbtitreROI\u00a0\u00bb] [&hellip;]<\/p>","protected":false},"author":11,"featured_media":0,"parent":0,"menu_order":0,"comment_status":"closed","ping_status":"closed","template":"","meta":{"pmpro_default_level":0,"footnotes":""},"blocksy_meta":"","yoast_head":"<!-- This site is optimized with the Yoast SEO plugin v21.5 - https:\/\/yoast.com\/wordpress\/plugins\/seo\/ -->\n<title>Veille Strat\u00e9gique Territoires Intelligents - Territorial Challenges - Accueil<\/title>\n<meta name=\"description\" content=\"Vision Territories est un site de veille strat\u00e9gique cr\u00e9\u00e9 par Nidam Abdi, consultant expert dans les Territoires intelligents, Industrie 4.0, Transition \u00e9nerg\u00e9tique et IOT.\" \/>\n<meta name=\"robots\" content=\"index, follow, max-snippet:-1, max-image-preview:large, max-video-preview:-1\" \/>\n<link rel=\"canonical\" href=\"https:\/\/territorialchallenges.com\/es\/accueil\/\" \/>\n<meta property=\"og:locale\" content=\"es_ES\" \/>\n<meta property=\"og:type\" content=\"article\" \/>\n<meta property=\"og:title\" content=\"Veille Strat\u00e9gique Territoires Intelligents - Territorial Challenges - Accueil\" \/>\n<meta property=\"og:description\" content=\"Vision Territories est un site de veille strat\u00e9gique cr\u00e9\u00e9 par Nidam Abdi, consultant expert dans les Territoires intelligents, Industrie 4.0, Transition \u00e9nerg\u00e9tique et IOT.\" \/>\n<meta property=\"og:url\" content=\"https:\/\/territorialchallenges.com\/es\/accueil\/\" \/>\n<meta property=\"og:site_name\" content=\"Territorial Challenges\" \/>\n<meta property=\"article:modified_time\" content=\"2019-07-21T18:15:45+00:00\" \/>\n<meta name=\"twitter:card\" content=\"summary_large_image\" \/>\n<meta name=\"twitter:label1\" content=\"Tiempo de lectura\" \/>\n\t<meta name=\"twitter:data1\" content=\"5 minutos\" \/>\n<script type=\"application\/ld+json\" class=\"yoast-schema-graph\">{\"@context\":\"https:\/\/schema.org\",\"@graph\":[{\"@type\":\"WebPage\",\"@id\":\"https:\/\/territorialchallenges.com\/accueil\/\",\"url\":\"https:\/\/territorialchallenges.com\/accueil\/\",\"name\":\"Veille Strat\u00e9gique Territoires Intelligents - Territorial Challenges - Accueil\",\"isPartOf\":{\"@id\":\"https:\/\/territorialchallenges.com\/#website\"},\"datePublished\":\"2019-03-05T11:02:37+00:00\",\"dateModified\":\"2019-07-21T18:15:45+00:00\",\"description\":\"Vision Territories est un site de veille strat\u00e9gique cr\u00e9\u00e9 par Nidam Abdi, consultant expert dans les Territoires intelligents, Industrie 4.0, Transition \u00e9nerg\u00e9tique et IOT.\",\"breadcrumb\":{\"@id\":\"https:\/\/territorialchallenges.com\/accueil\/#breadcrumb\"},\"inLanguage\":\"es\",\"potentialAction\":[{\"@type\":\"ReadAction\",\"target\":[\"https:\/\/territorialchallenges.com\/accueil\/\"]}]},{\"@type\":\"BreadcrumbList\",\"@id\":\"https:\/\/territorialchallenges.com\/accueil\/#breadcrumb\",\"itemListElement\":[{\"@type\":\"ListItem\",\"position\":1,\"name\":\"Home\",\"item\":\"https:\/\/territorialchallenges.com\/\"},{\"@type\":\"ListItem\",\"position\":2,\"name\":\"Accueil\"}]},{\"@type\":\"WebSite\",\"@id\":\"https:\/\/territorialchallenges.com\/#website\",\"url\":\"https:\/\/territorialchallenges.com\/\",\"name\":\"Territorial Challenges\",\"description\":\"Veille Internationale - Strat\u00e9gie Intelligentes - Bonnes pratiques\",\"publisher\":{\"@id\":\"https:\/\/territorialchallenges.com\/#organization\"},\"potentialAction\":[{\"@type\":\"SearchAction\",\"target\":{\"@type\":\"EntryPoint\",\"urlTemplate\":\"https:\/\/territorialchallenges.com\/?s={search_term_string}\"},\"query-input\":\"required name=search_term_string\"}],\"inLanguage\":\"es\"},{\"@type\":\"Organization\",\"@id\":\"https:\/\/territorialchallenges.com\/#organization\",\"name\":\"Territorial Challenges\",\"url\":\"https:\/\/territorialchallenges.com\/\",\"logo\":{\"@type\":\"ImageObject\",\"inLanguage\":\"es\",\"@id\":\"https:\/\/territorialchallenges.com\/#\/schema\/logo\/image\/\",\"url\":\"https:\/\/territorialchallenges.com\/wp-content\/uploads\/2023\/10\/logo-1.png\",\"contentUrl\":\"https:\/\/territorialchallenges.com\/wp-content\/uploads\/2023\/10\/logo-1.png\",\"width\":1832,\"height\":576,\"caption\":\"Territorial Challenges\"},\"image\":{\"@id\":\"https:\/\/territorialchallenges.com\/#\/schema\/logo\/image\/\"}}]}<\/script>\n<!-- \/ Yoast SEO plugin. -->","yoast_head_json":{"title":"Veille Strat\u00e9gique Territoires Intelligents - Territorial Challenges - Accueil","description":"Vision Territories est un site de veille strat\u00e9gique cr\u00e9\u00e9 par Nidam Abdi, consultant expert dans les Territoires intelligents, Industrie 4.0, Transition \u00e9nerg\u00e9tique et IOT.","robots":{"index":"index","follow":"follow","max-snippet":"max-snippet:-1","max-image-preview":"max-image-preview:large","max-video-preview":"max-video-preview:-1"},"canonical":"https:\/\/territorialchallenges.com\/es\/accueil\/","og_locale":"es_ES","og_type":"article","og_title":"Veille Strat\u00e9gique Territoires Intelligents - Territorial Challenges - Accueil","og_description":"Vision Territories est un site de veille strat\u00e9gique cr\u00e9\u00e9 par Nidam Abdi, consultant expert dans les Territoires intelligents, Industrie 4.0, Transition \u00e9nerg\u00e9tique et IOT.","og_url":"https:\/\/territorialchallenges.com\/es\/accueil\/","og_site_name":"Territorial Challenges","article_modified_time":"2019-07-21T18:15:45+00:00","twitter_card":"summary_large_image","twitter_misc":{"Tiempo de lectura":"5 minutos"},"schema":{"@context":"https:\/\/schema.org","@graph":[{"@type":"WebPage","@id":"https:\/\/territorialchallenges.com\/accueil\/","url":"https:\/\/territorialchallenges.com\/accueil\/","name":"Veille Strat\u00e9gique Territoires Intelligents - Territorial Challenges - Accueil","isPartOf":{"@id":"https:\/\/territorialchallenges.com\/#website"},"datePublished":"2019-03-05T11:02:37+00:00","dateModified":"2019-07-21T18:15:45+00:00","description":"Vision Territories est un site de veille strat\u00e9gique cr\u00e9\u00e9 par Nidam Abdi, consultant expert dans les Territoires intelligents, Industrie 4.0, Transition \u00e9nerg\u00e9tique et IOT.","breadcrumb":{"@id":"https:\/\/territorialchallenges.com\/accueil\/#breadcrumb"},"inLanguage":"es","potentialAction":[{"@type":"ReadAction","target":["https:\/\/territorialchallenges.com\/accueil\/"]}]},{"@type":"BreadcrumbList","@id":"https:\/\/territorialchallenges.com\/accueil\/#breadcrumb","itemListElement":[{"@type":"ListItem","position":1,"name":"Home","item":"https:\/\/territorialchallenges.com\/"},{"@type":"ListItem","position":2,"name":"Accueil"}]},{"@type":"WebSite","@id":"https:\/\/territorialchallenges.com\/#website","url":"https:\/\/territorialchallenges.com\/","name":"Desaf\u00edos territoriales","description":"Monitoreo Internacional - Estrategias Inteligentes - Mejores Pr\u00e1cticas","publisher":{"@id":"https:\/\/territorialchallenges.com\/#organization"},"potentialAction":[{"@type":"SearchAction","target":{"@type":"EntryPoint","urlTemplate":"https:\/\/territorialchallenges.com\/?s={search_term_string}"},"query-input":"required name=search_term_string"}],"inLanguage":"es"},{"@type":"Organization","@id":"https:\/\/territorialchallenges.com\/#organization","name":"Desaf\u00edos territoriales","url":"https:\/\/territorialchallenges.com\/","logo":{"@type":"ImageObject","inLanguage":"es","@id":"https:\/\/territorialchallenges.com\/#\/schema\/logo\/image\/","url":"https:\/\/territorialchallenges.com\/wp-content\/uploads\/2023\/10\/logo-1.png","contentUrl":"https:\/\/territorialchallenges.com\/wp-content\/uploads\/2023\/10\/logo-1.png","width":1832,"height":576,"caption":"Territorial Challenges"},"image":{"@id":"https:\/\/territorialchallenges.com\/#\/schema\/logo\/image\/"}}]}},"_links":{"self":[{"href":"https:\/\/territorialchallenges.com\/es\/wp-json\/wp\/v2\/pages\/24"}],"collection":[{"href":"https:\/\/territorialchallenges.com\/es\/wp-json\/wp\/v2\/pages"}],"about":[{"href":"https:\/\/territorialchallenges.com\/es\/wp-json\/wp\/v2\/types\/page"}],"author":[{"embeddable":true,"href":"https:\/\/territorialchallenges.com\/es\/wp-json\/wp\/v2\/users\/11"}],"replies":[{"embeddable":true,"href":"https:\/\/territorialchallenges.com\/es\/wp-json\/wp\/v2\/comments?post=24"}],"version-history":[{"count":350,"href":"https:\/\/territorialchallenges.com\/es\/wp-json\/wp\/v2\/pages\/24\/revisions"}],"predecessor-version":[{"id":121197,"href":"https:\/\/territorialchallenges.com\/es\/wp-json\/wp\/v2\/pages\/24\/revisions\/121197"}],"wp:attachment":[{"href":"https:\/\/territorialchallenges.com\/es\/wp-json\/wp\/v2\/media?parent=24"}],"curies":[{"name":"gracias","href":"https:\/\/api.w.org\/{rel}","templated":true}]}}