{"id":22,"date":"2019-03-05T12:02:12","date_gmt":"2019-03-05T11:02:12","guid":{"rendered":"https:\/\/territorialchallenges.com\/?page_id=22"},"modified":"2023-11-19T18:37:53","modified_gmt":"2023-11-19T17:37:53","slug":"abonnement","status":"publish","type":"page","link":"https:\/\/territorialchallenges.com\/es\/abonnement\/","title":{"rendered":"ELIGE EL PAQUETE QUE MEJOR SE ADAPTE A TUS NECESIDADES"},"content":{"rendered":"<p><\/p>\n\n\n\n<p><a href=\"https:\/\/www.legisocial.fr\/actualites-sociales\/011-imputer-depenses-abonnements-revues-specialises-sur-contribution-formation-professionnelle-continue.html\"><\/a><\/p>\n\n\n\n<div style=\"max-width: 50%; display: flex; flex-direction: column; align-items: center; justify-content: center;\">\n  \n    <p style=\"text-align: center\">\n      <span style=\"text-align: center;\"\n        >Las suscripciones a sitios web de informaci\u00f3n t\u00e9cnica y profesional est\u00e1n incluidas en el gasto presupuestario asignado a la formaci\u00f3n profesional.<\/span\n>\n      <a\n        style=\"font-size: 1.3rem; color: #56b67b\"\n        href=\"https:\/\/www.legisocial.fr\/actualites-sociales\/011-imputer-depenses-abonnements-revues-specialises-sur-contribution-formation-professionnelle-continue.html\"\n        ><i class=\"fa fa-info-circle\"><\/i\n><\/a>\n    <\/p>\n  \n     <p style=\"text-align: center\">\n      <span style=\"text-align: center;\"\n        >Para cualquier informaci\u00f3n no dude en ponerse en contacto con nuestro departamento comercial.\n<ul>\n<li>Correo electr\u00f3nico:&nbsp;<a href=\"mailto:client@territorialchallenges.com\" style=\"text-align: center;\" target=\"_blank\" rel=\"noopener noreferrer\">contacto@territorialchallenges.<wbr \/>con<\/a><\/li>\n<li>M\u00f3vil:&nbsp;<a href=\"tel:+33769946436\" style=\"text-align: center;\" target=\"_blank\" rel=\"noopener noreferrer\"> +33(0)7.69.94.64.36<\/a><\/li>\n<li>Fijado:&nbsp;<a href=\"tel:+33955380959\" style=\"text-align: center;\" target=\"_blank\" rel=\"noopener noreferrer\"> +33(0).9.55.38.09.59 <\/a><\/li>\n<\/ul>\n<\/span>\n      \n    <\/p>\n\n    <p style=\"text-align: center\">\n      <span style=\"text-align: center;\"\n        >Puedes pagar tu suscripci\u00f3n de forma segura con tarjeta de cr\u00e9dito <b>(Visa, Carta Azul, Mastercard)<b><\/span\n>\n    <\/p>\n  \n<\/div>\n\n\n<div style=\"width: 100%; overflow-x: scroll !important;\">\n<div class=\"table-subscription\">\n<div class=\"subscription-header-item empty\">\u00a0<\/div>\n<div class=\"subscription-header-item\">Tem\u00e1tico<\/div>\n<div class=\"subscription-header-item\">Exploraci\u00f3n<\/div>\n<div class=\"subscription-header-item main_offer\">Integral <span class=\"topVenteStick\"> <i class=\"fa fa-star fa-topVenteStick-icon\"><\/i>M\u00c1S VENDIDO<i class=\"fa fa-star fa-topVenteStick-icon\"><\/i> <\/span><\/div>\n<div class=\"subscription-item\">Tarifas<\/div>\n<div class=\"subscription-item\">450\u20ac<\/div>\n<div class=\"subscription-item\">450\u20ac<\/div>\n<div class=\"subscription-item main_offer\">1499\u20ac<\/div>\n<div class=\"subscription-item\">Duraci\u00f3n del compromiso<\/div>\n<div class=\"subscription-item\">Anual<\/div>\n<div class=\"subscription-item\">Cuarto<\/div>\n<div class=\"subscription-item main_offer\">Anual<\/div>\n<div class=\"subscription-item\">Tema:\n<ul>\n<li>Territorios inteligentes<\/li>\n<li>Transici\u00f3n energ\u00e9tica<\/li>\n<li>Industria 4.0<\/li>\n<li>Datos\/Objetos conectados<\/li>\n<\/ul>\n<\/div>\n<div class=\"subscription-item\">1 de tu elecci\u00f3n<\/div>\n<div class=\"subscription-item\">4<\/div>\n<div class=\"subscription-item main_offer\">4<\/div>\n<div class=\"subscription-item\">Cancelaci\u00f3n de suscripci\u00f3n<\/div>\n<div class=\"subscription-item\"><i class=\"fa fa-check fa-subscription-item-icon\" ><\/i><\/div>\n<div class=\"subscription-item\"><i class=\"fa fa-check fa-subscription-item-icon\" ><\/i><\/div>\n<div class=\"subscription-item main_offer\"><i class=\"fa fa-check fa-subscription-item-icon\" ><\/i><\/div>\n<div class=\"subscription-item\">1er mes gratis<\/div>\n<div class=\"subscription-item\"><i class=\"fa fa-check fa-subscription-item-icon\" ><\/i><\/div>\n<div class=\"subscription-item\"><i class=\"fa fa-check fa-subscription-item-icon\" ><\/i><\/div>\n<div class=\"subscription-item main_offer\"><i class=\"fa fa-check fa-subscription-item-icon\" ><\/i><\/div>\n<div class=\"subscription-item\">Acceso a videos, archivos de boletines<\/div>\n<div class=\"subscription-item\"><i class=\"fa fa-check fa-subscription-item-icon\" ><\/i><\/div>\n<div class=\"subscription-item\"><i class=\"fa fa-check fa-subscription-item-icon\" ><\/i><\/div>\n<div class=\"subscription-item main_offer last-line\"><i class=\"fa fa-check fa-subscription-item-icon\" ><\/i><\/div>\n<div class=\"subscription-item\">\u00a0<\/div>\n<div class=\"subscription-item\"><a class=\"ct-button\" href=\"\/es\/choix-des-abonnements\/\">Suscribir<\/a><\/div>\n<div class=\"subscription-item\"><a class=\"ct-button\" href=\"\/es\/compte-dadherent\/paiement-dadhesion\/?level=8\">Suscribir<\/a><\/div>\n<div class=\"subscription-item\"><a class=\"ct-button\" href=\"\/es\/compte-dadherent\/paiement-dadhesion\/?level=6\">Suscribir<\/a><\/div>\n<\/div>\n<\/div>","protected":false},"excerpt":{"rendered":"<p>Les abonnements \u00e0 des sites web d\u2019informations techniques et professionnelles, rentrent dans le cadre des d\u00e9penses du budget allou\u00e9es \u00e0 la formation professionnelle. Pour tout renseignement n\u2019h\u00e9sitez pas \u00e0 contacter notre service commercial Courriel:&nbsp;contact@territorialchallenges.com Mobile:&nbsp; +33(0)7.69.94.64.36 Fixe:&nbsp; +33(0).9.55.38.09.59 Vous pouvez r\u00e9gler votre abonnement en toute s\u00e9curit\u00e9 par carte bancaire (Visa, Carte Bleue, Mastercard) \u00a0 Th\u00e9matique [&hellip;]<\/p>","protected":false},"author":11,"featured_media":0,"parent":0,"menu_order":0,"comment_status":"closed","ping_status":"closed","template":"","meta":{"pmpro_default_level":0,"footnotes":""},"blocksy_meta":{"disable_featured_image":"yes","disable_share_box":"yes","disable_header":"no","disable_footer":"no","styles_descriptor":{"styles":{"desktop":"","tablet":"","mobile":""},"google_fonts":[],"version":5},"page_structure_type":"type-3"},"yoast_head":"<!-- This site is optimized with the Yoast SEO plugin v21.5 - https:\/\/yoast.com\/wordpress\/plugins\/seo\/ -->\n<title>CHOISISSEZ LA FORMULE LA PLUS ADAPT\u00c9E\u00a0A VOS BESOINS - Territorial Challenges<\/title>\n<meta name=\"robots\" content=\"index, follow, max-snippet:-1, max-image-preview:large, max-video-preview:-1\" \/>\n<link rel=\"canonical\" href=\"https:\/\/territorialchallenges.com\/es\/abonnement\/\" \/>\n<meta property=\"og:locale\" content=\"es_ES\" \/>\n<meta property=\"og:type\" content=\"article\" \/>\n<meta property=\"og:title\" content=\"CHOISISSEZ LA FORMULE LA PLUS ADAPT\u00c9E\u00a0A VOS BESOINS - Territorial Challenges\" \/>\n<meta property=\"og:description\" content=\"Les abonnements \u00e0 des sites web d\u2019informations techniques et professionnelles, rentrent dans le cadre des d\u00e9penses du budget allou\u00e9es \u00e0 la formation professionnelle. Pour tout renseignement n\u2019h\u00e9sitez pas \u00e0 contacter notre service commercial Courriel:&nbsp;contact@territorialchallenges.com Mobile:&nbsp; +33(0)7.69.94.64.36 Fixe:&nbsp; +33(0).9.55.38.09.59 Vous pouvez r\u00e9gler votre abonnement en toute s\u00e9curit\u00e9 par carte bancaire (Visa, Carte Bleue, Mastercard) \u00a0 Th\u00e9matique [&hellip;]\" \/>\n<meta property=\"og:url\" content=\"https:\/\/territorialchallenges.com\/es\/abonnement\/\" \/>\n<meta property=\"og:site_name\" content=\"Territorial Challenges\" \/>\n<meta property=\"article:modified_time\" content=\"2023-11-19T17:37:53+00:00\" \/>\n<meta name=\"twitter:card\" content=\"summary_large_image\" \/>\n<meta name=\"twitter:label1\" content=\"Tiempo de lectura\" \/>\n\t<meta name=\"twitter:data1\" content=\"1 minuto\" \/>\n<script type=\"application\/ld+json\" class=\"yoast-schema-graph\">{\"@context\":\"https:\/\/schema.org\",\"@graph\":[{\"@type\":\"WebPage\",\"@id\":\"https:\/\/territorialchallenges.com\/abonnement\/\",\"url\":\"https:\/\/territorialchallenges.com\/abonnement\/\",\"name\":\"CHOISISSEZ LA FORMULE LA PLUS ADAPT\u00c9E\u00a0A VOS BESOINS - Territorial Challenges\",\"isPartOf\":{\"@id\":\"https:\/\/territorialchallenges.com\/#website\"},\"datePublished\":\"2019-03-05T11:02:12+00:00\",\"dateModified\":\"2023-11-19T17:37:53+00:00\",\"breadcrumb\":{\"@id\":\"https:\/\/territorialchallenges.com\/abonnement\/#breadcrumb\"},\"inLanguage\":\"es\",\"potentialAction\":[{\"@type\":\"ReadAction\",\"target\":[\"https:\/\/territorialchallenges.com\/abonnement\/\"]}]},{\"@type\":\"BreadcrumbList\",\"@id\":\"https:\/\/territorialchallenges.com\/abonnement\/#breadcrumb\",\"itemListElement\":[{\"@type\":\"ListItem\",\"position\":1,\"name\":\"Home\",\"item\":\"https:\/\/territorialchallenges.com\/\"},{\"@type\":\"ListItem\",\"position\":2,\"name\":\"CHOISISSEZ LA FORMULE LA PLUS ADAPT\u00c9E\u00a0A VOS BESOINS\"}]},{\"@type\":\"WebSite\",\"@id\":\"https:\/\/territorialchallenges.com\/#website\",\"url\":\"https:\/\/territorialchallenges.com\/\",\"name\":\"Territorial Challenges\",\"description\":\"Veille Internationale - Strat\u00e9gie Intelligentes - Bonnes pratiques\",\"publisher\":{\"@id\":\"https:\/\/territorialchallenges.com\/#organization\"},\"potentialAction\":[{\"@type\":\"SearchAction\",\"target\":{\"@type\":\"EntryPoint\",\"urlTemplate\":\"https:\/\/territorialchallenges.com\/?s={search_term_string}\"},\"query-input\":\"required name=search_term_string\"}],\"inLanguage\":\"es\"},{\"@type\":\"Organization\",\"@id\":\"https:\/\/territorialchallenges.com\/#organization\",\"name\":\"Territorial Challenges\",\"url\":\"https:\/\/territorialchallenges.com\/\",\"logo\":{\"@type\":\"ImageObject\",\"inLanguage\":\"es\",\"@id\":\"https:\/\/territorialchallenges.com\/#\/schema\/logo\/image\/\",\"url\":\"https:\/\/territorialchallenges.com\/wp-content\/uploads\/2023\/10\/logo-1.png\",\"contentUrl\":\"https:\/\/territorialchallenges.com\/wp-content\/uploads\/2023\/10\/logo-1.png\",\"width\":1832,\"height\":576,\"caption\":\"Territorial Challenges\"},\"image\":{\"@id\":\"https:\/\/territorialchallenges.com\/#\/schema\/logo\/image\/\"}}]}<\/script>\n<!-- \/ Yoast SEO plugin. -->","yoast_head_json":{"title":"CHOISISSEZ LA FORMULE LA PLUS ADAPT\u00c9E\u00a0A VOS BESOINS - Territorial Challenges","robots":{"index":"index","follow":"follow","max-snippet":"max-snippet:-1","max-image-preview":"max-image-preview:large","max-video-preview":"max-video-preview:-1"},"canonical":"https:\/\/territorialchallenges.com\/es\/abonnement\/","og_locale":"es_ES","og_type":"article","og_title":"CHOISISSEZ LA FORMULE LA PLUS ADAPT\u00c9E\u00a0A VOS BESOINS - Territorial Challenges","og_description":"Les abonnements \u00e0 des sites web d\u2019informations techniques et professionnelles, rentrent dans le cadre des d\u00e9penses du budget allou\u00e9es \u00e0 la formation professionnelle. Pour tout renseignement n\u2019h\u00e9sitez pas \u00e0 contacter notre service commercial Courriel:&nbsp;contact@territorialchallenges.com Mobile:&nbsp; +33(0)7.69.94.64.36 Fixe:&nbsp; +33(0).9.55.38.09.59 Vous pouvez r\u00e9gler votre abonnement en toute s\u00e9curit\u00e9 par carte bancaire (Visa, Carte Bleue, Mastercard) \u00a0 Th\u00e9matique [&hellip;]","og_url":"https:\/\/territorialchallenges.com\/es\/abonnement\/","og_site_name":"Territorial Challenges","article_modified_time":"2023-11-19T17:37:53+00:00","twitter_card":"summary_large_image","twitter_misc":{"Tiempo de lectura":"1 minuto"},"schema":{"@context":"https:\/\/schema.org","@graph":[{"@type":"WebPage","@id":"https:\/\/territorialchallenges.com\/abonnement\/","url":"https:\/\/territorialchallenges.com\/abonnement\/","name":"CHOISISSEZ LA FORMULE LA PLUS ADAPT\u00c9E\u00a0A VOS BESOINS - Territorial Challenges","isPartOf":{"@id":"https:\/\/territorialchallenges.com\/#website"},"datePublished":"2019-03-05T11:02:12+00:00","dateModified":"2023-11-19T17:37:53+00:00","breadcrumb":{"@id":"https:\/\/territorialchallenges.com\/abonnement\/#breadcrumb"},"inLanguage":"es","potentialAction":[{"@type":"ReadAction","target":["https:\/\/territorialchallenges.com\/abonnement\/"]}]},{"@type":"BreadcrumbList","@id":"https:\/\/territorialchallenges.com\/abonnement\/#breadcrumb","itemListElement":[{"@type":"ListItem","position":1,"name":"Home","item":"https:\/\/territorialchallenges.com\/"},{"@type":"ListItem","position":2,"name":"CHOISISSEZ LA FORMULE LA PLUS ADAPT\u00c9E\u00a0A VOS BESOINS"}]},{"@type":"WebSite","@id":"https:\/\/territorialchallenges.com\/#website","url":"https:\/\/territorialchallenges.com\/","name":"Desaf\u00edos territoriales","description":"Monitoreo Internacional - Estrategias Inteligentes - Mejores Pr\u00e1cticas","publisher":{"@id":"https:\/\/territorialchallenges.com\/#organization"},"potentialAction":[{"@type":"SearchAction","target":{"@type":"EntryPoint","urlTemplate":"https:\/\/territorialchallenges.com\/?s={search_term_string}"},"query-input":"required name=search_term_string"}],"inLanguage":"es"},{"@type":"Organization","@id":"https:\/\/territorialchallenges.com\/#organization","name":"Desaf\u00edos territoriales","url":"https:\/\/territorialchallenges.com\/","logo":{"@type":"ImageObject","inLanguage":"es","@id":"https:\/\/territorialchallenges.com\/#\/schema\/logo\/image\/","url":"https:\/\/territorialchallenges.com\/wp-content\/uploads\/2023\/10\/logo-1.png","contentUrl":"https:\/\/territorialchallenges.com\/wp-content\/uploads\/2023\/10\/logo-1.png","width":1832,"height":576,"caption":"Territorial Challenges"},"image":{"@id":"https:\/\/territorialchallenges.com\/#\/schema\/logo\/image\/"}}]}},"_links":{"self":[{"href":"https:\/\/territorialchallenges.com\/es\/wp-json\/wp\/v2\/pages\/22"}],"collection":[{"href":"https:\/\/territorialchallenges.com\/es\/wp-json\/wp\/v2\/pages"}],"about":[{"href":"https:\/\/territorialchallenges.com\/es\/wp-json\/wp\/v2\/types\/page"}],"author":[{"embeddable":true,"href":"https:\/\/territorialchallenges.com\/es\/wp-json\/wp\/v2\/users\/11"}],"replies":[{"embeddable":true,"href":"https:\/\/territorialchallenges.com\/es\/wp-json\/wp\/v2\/comments?post=22"}],"version-history":[{"count":89,"href":"https:\/\/territorialchallenges.com\/es\/wp-json\/wp\/v2\/pages\/22\/revisions"}],"predecessor-version":[{"id":121777,"href":"https:\/\/territorialchallenges.com\/es\/wp-json\/wp\/v2\/pages\/22\/revisions\/121777"}],"wp:attachment":[{"href":"https:\/\/territorialchallenges.com\/es\/wp-json\/wp\/v2\/media?parent=22"}],"curies":[{"name":"gracias","href":"https:\/\/api.w.org\/{rel}","templated":true}]}}