{"id":83847,"date":"2019-05-13T17:54:32","date_gmt":"2019-05-13T15:54:32","guid":{"rendered":"https:\/\/territorialchallenges.com\/?page_id=83847"},"modified":"2023-10-10T18:22:45","modified_gmt":"2023-10-10T16:22:45","slug":"cguv","status":"publish","type":"page","link":"https:\/\/territorialchallenges.com\/en\/cguv\/","title":{"rendered":"General conditions of sale and use"},"content":{"rendered":"<h2><span class=\"font-555555\"><strong>1. Intellectual property<\/strong><\/span><\/h2>\n<p><span class=\"font-555555\">The publication <strong>TERRITORIAL CHALLENGES<\/strong> is the exclusive property of the publishing company <strong>EIRL SIR NIDAM ABDI<\/strong>. All its contents are protected by French and international laws relating to copyright and intellectual property.<\/span><\/p>\n<p><span class=\"font-555555\">Subscriptions to an individual subscription (hereinafter the Subscriptions) do not result in any transfer of ownership rights of any kind whatsoever to the benefit of the Client (the term Client means any beneficiary or administrator of a Subscription).<\/span><\/p>\n<h2><strong><span class=\"font-555555\">2. Distribution methods<\/span><\/strong><\/h2>\n<p><span class=\"font-555555\">The contents of the Territorial Challenges publication can be consulted under the following formulas <\/span><span class=\"font-555555\">:<\/span><\/p>\n<h3><strong><span class=\"font-555555\">has. Individual Subscriptions <\/span><\/strong><\/h3>\n<p><span class=\"font-555555\">Individual subscriptions are strictly personal. For consultation of publications and access to online services, Subscribers are required to provide a personal email address. All or part of the content may not be shared in any way, whether within an organization or externally. Editions and individual articles may not be distributed by email, on an intranet or extranet, or reproduced on a blog or social media.<\/span><span class=\"font-555555\">.<\/span><\/p>\n<h3><strong><span class=\"font-555555\">b. Multi-reader Licenses <\/span><\/strong><\/h3>\n<p><span class=\"font-555555\">Multi-reader Licenses make it possible, via a single invoice, to manage collective Subscriptions within the same legal structure (subsidiaries excluded, unless agreed by the publisher MONSIEUR NIDAM ABDI). These formulas are suitable for professionals working in services where the collective use of our articles is essential to the smooth running of their activity. They benefit from advantageous decreasing rates, but require Customers to respect the same intellectual property rules as individual Subscriptions.<\/span><\/p>\n<p><span class=\"font-555555\">There are three types of Licenses:<\/span><\/p>\n<p><span class=\"font-555555\">\u2022 Named Licenses are intended for the exclusive use of Subscribers in whose name they are subscribed by name and to whom they are addressed. To consult publications and access online services, Subscribers are required to provide a personal email address (e.g. jean.martin@entreprise.fr).<\/span><\/p>\n<p><span class=\"font-555555\">\u2022 Collective Licenses are aimed at a group of readers who belong to the same legal structure, but who are not individually identified. For consultation of publications and access to online services, Subscribers have a collective email address. This identification formula is available for collective licenses including 10 or more readers.<\/span><\/p>\n<p><span class=\"font-555555\">\u2022 IP Licenses are aimed at a set of readers who use IP address ranges belonging to the same legal structure to connect to our publications. Readers are not individually identified. To receive summaries and alerts by email, readers can create an account with a named email address.<\/span><\/p>\n<h2><strong><span class=\"font-555555\">3. Extraction and Indexing Restrictions <\/span><\/strong><\/h2>\n<p><span class=\"font-555555\">The archives of the Territorial Challenges publication are organized into databases accessible to Subscribers as part of their License. However, under article L342-1 of law n\u00b098-536 of July 1, 1998 of the French Code of intellectual property (transposition of directive 96\/9\/EC of March 11, 1996) the publisher MONSIEUR NIDAM ABDI prohibits \u201cthe extraction, by permanent or temporary transfer of all or a qualitatively or quantitatively substantial part of the content of a database on another medium, by any means and in any form whatsoever\u201d.<\/span><\/p>\n<p><span class=\"font-555555\">Concretely, the use of robots to extract a substantial part of the Territorial Challenges databases is prohibited, unless written authorization is obtained.<\/span><\/p>\n<h2><span class=\"font-555555\">4. Responsibilities of Authorized Readers<\/span><\/h2>\n<p><span class=\"font-555555\">Whatever the formula subscribed to, <strong>only a private copy<\/strong> is allowed for each user. <\/span><\/p>\n<p><span class=\"font-555555\">The reader authorized under a Subscription or License may print an article or an edition, and download them for his or her personal use, but may under no circumstances distribute it to third parties, including within his or her own company (whether by email, hard copy or intranet).<\/span><\/p>\n<p><span class=\"font-555555\">The distribution on social networks of articles published on Territorial Challenges is strictly prohibited, unless it is a quote or a short extract.<\/span><\/p>\n<p><span class=\"font-555555\"> The authorized reader undertakes to keep his password secret, and not to disclose it in any form whatsoever to third parties.<\/span><\/p>\n<h2><strong><span class=\"font-555555\">5. Specific Responsibilities of the License Administrator<\/span><\/strong><\/h2>\n<p><span class=\"font-555555\">The Administrator responsible for managing a License guarantees acceptance and compliance with these General Conditions of Sale and Use (CGVU) for all readers authorized under this License.<\/span><\/p>\n<h2><span class=\"font-555555\">6. Subscription and management of Subscriptions and Licenses <\/span><\/h2>\n<h3><strong><span class=\"font-555555\">Subscription to online support<\/span><\/strong><\/h3>\n<p><span class=\"font-555555\"> Registration conditions \u2013 creating an online account <\/span><\/p>\n<p><span class=\"font-555555\">Access to and consultation of the Publication and\/or a subscription-based Service in electronic format requires the Subscriber to create an account on the Site, a unique and personal account for the Subscriber. The Subscriber undertakes to provide truthful, accurate information,<\/span><\/p>\n<p><span class=\"font-555555\">up to date and complete on his identity, his function, the identity of his company as well as any information requested in the Order Form. He undertakes to update his account information as soon as necessary. In the event that the Subscriber provides false, inaccurate, outdated or incomplete registration data, the Publisher will be entitled to suspend or terminate his Subscriber account without notice and to refuse him access immediately and for the future. to all or part of the Publication and\/or the Service, without having to reimburse the amounts paid. The Subscriber is solely responsible for the use that may be made of his account, and the sole guarantor of the confidentiality of his access data. He undertakes to inform the Publisher immediately of any unauthorized use of his account, and\/or any breach of the confidentiality and security of his means of identification. The Publisher cannot under any circumstances be held responsible for any loss or damage resulting from any breach of the obligations contained in this article. The Subscriber is responsible for setting up the IT and telecommunications means allowing access to the Site. The Subscriber is responsible for telecommunications costs when accessing the Internet and using the Site and the Services to which he has subscribed.<\/span><\/p>\n<h3><strong><span class=\"font-555555\">Management of Subscriptions and Licenses<\/span><\/strong><\/h3>\n<p><span class=\"font-555555\"> Any order for a Subscription or License implies the<\/span><span style=\"font-family: 'PT Sans';\">full acceptance and without <\/span><span style=\"font-family: 'PT Sans';\">subject to these General Conditions of Sale and Use.<\/span><\/p>\n<p><span style=\"font-family: 'PT Sans';\"><strong>Start date<\/strong> \u2013 The Subscription or License takes effect upon receipt of the order <\/span><span style=\"font-family: 'PT Sans';\">when it comes to a new Subscription. Upon renewal, the new Subscription or <\/span><span style=\"font-family: 'PT Sans';\">the new License takes effect following the Subscription or the previous License. <\/span><span style=\"font-family: 'PT Sans';\">For <\/span><span style=\"font-family: 'PT Sans';\">any other provision (retroactive subscription, implementation on a specific date, etc.), it is <\/span><span style=\"font-family: 'PT Sans';\">necessary to specify this at the time of ordering.<\/span><\/p>\n<p><span style=\"font-family: 'PT Sans';\"><strong>Cancelation<\/strong> \u2013 Orders for Subscriptions and Licenses are deemed firm and <\/span><span style=\"font-family: 'PT Sans';\">definitive from their receipt by the publisher MONSIEUR NIDAM ABDI. According to <\/span><span style=\"font-family: 'PT Sans';\">legal provisions, a right of withdrawal can be exercised by the Customer for 14 days <\/span><span style=\"font-family: 'PT Sans';\">after ordering. The Customer will however be liable for an amount calculated pro rata to the <\/span><span style=\"font-family: 'PT Sans';\">duration of Subscription or License served between registration of the order and its <\/span><span style=\"font-family: 'PT Sans';\">cancelation.<\/span><\/p>\n<p><span style=\"font-family: 'PT Sans';\"><strong>Non-transferability<\/strong> \u2013 The Subscriber cannot assign all or part of the rights and obligations resulting from the <\/span><span style=\"font-family: PT Sans;\">present to a third party, without the express prior authorization of the Publisher.<\/span><\/p>\n<p><span style=\"font-family: 'PT Sans';\">Disputes \u2013 Any complaint must, under penalty of forfeiture, be made by letter <\/span><span style=\"font-family: 'PT Sans';\">registered with acknowledgment of receipt. Any dispute, whatever its nature, will be subject to <\/span><span style=\"font-family: 'PT Sans';\">the jurisdiction of the Nanterre courts which will apply French law.<\/span><\/p>\n<p><span style=\"font-family: 'PT Sans';\"><strong>Automatic resubscription<\/strong> \u2013 By opting for automatic resubscription, the Subscriber <\/span><span style=\"font-family: 'PT Sans';\">benefits each year from a discount of 10% on the basic rate. Six weeks before <\/span><span style=\"font-family: 'PT Sans';\">When his subscription expires, he receives an invoice corresponding to his resubscription for <\/span><span style=\"font-family: 'PT Sans';\">a year. If he does not wish to resubscribe, he simply has to return this invoice with the <\/span><span style=\"font-family: 'PT Sans';\">marked \u201cCanceled\u201d, within six weeks following the invoice date. Beyond this period,<\/span><span style=\"font-family: 'PT Sans';\">no cancellations will be accepted. The Subscription or License will be considered as <\/span><span style=\"font-family: 'PT Sans';\">renewed and the corresponding amount will be due in full.<\/span><\/p>\n<h3><strong><span style=\"font-family: 'PT Sans';\">Cookies<\/span><\/strong><\/h3>\n<p><span class=\"font-555555\">A \u201cCookie\u201d allows the identification of the User, the personalization of their consultation of the site www.territorialchallenges.com and the acceleration of the layout of the site thanks to the recording of a data file on their computer . The cookies that we issue are used to establish traffic statistics for our site in order to improve the interest and ergonomics of our services.<\/span><\/p>\n<p><span class=\"font-555555\">The User acknowledges being informed of this practice and authorizes EIRL Nidam ABDI to proceed with it. <\/span><\/p>\n<p><span class=\"font-555555\">In any case, EIRL Nidam ABDI undertakes never to communicate death content \u201cCookies\u201d to third parties, except in the event of legal requisition. The User can refuse the recording of \u201cCookies\u201d or configure their browser to be notified before accepting \u201cCookies\u201d. To do this, the User configures their browser from the \u201ctool\u201d menu for Microsoft Internet Explorer. Regarding Google Cookies which are authorized by default, you can modify this setting in the \u201coptions\u201d dialog box.<\/span><\/p>\n<h2><strong><span class=\"font-555555\">8. Payment terms <\/span><\/strong><\/h2>\n<p><span class=\"font-555555\">An invoice for the amount of the Subscription and the License is issued when the service is set up. It can also be sent by the publisher MONSIEUR NIDAM ABDI to the Customer (or to the billing contact he designated during subscription). Invoice requests should be sent to contact@territorialchallenges.com. <\/span><\/p>\n<p><span class=\"font-555555\"><strong>Payment period<\/strong> \u2013 Payment for the Subscription or License is due upon receipt of the invoice, and must be made <strong>within a maximum period of 30 days<\/strong> from this receipt. In the event of late payment, the Subscription or License will be suspended until receipt of payment of the full invoice amount. If the Customer has several current subscriptions, non-payment of one of them within this deadline implies the suspension of all subscriptions until receipt of the missing payment.<\/span><\/p>\n<p><span class=\"font-555555\"><strong>Means of payment<\/strong> \u2013 The publisher MONSIEUR NIDAM ABDI accepts payments in euros (EUR), US dollars (USD) or pounds sterling (GBP), made by the means below:<\/span><\/p>\n<p><span class=\"font-555555\">-Credit card :<\/span><\/p>\n<ul>\n<li><span class=\"font-555555\">Visa, Mastercard<\/span><\/li>\n<li><span class=\"font-555555\">American Express (only in EUR or USD)<\/span><\/li>\n<\/ul>\n<p><span class=\"font-555555\">\u2013 Bank check payable to MONSIEUR NIDAM ABDI<\/span><\/p>\n<p><span class=\"font-555555\">\u2013 Bank transfer. The costs of issuing the transfer by the client&#039;s bank are the client&#039;s responsibility.<\/span><\/p>\n<p><span class=\"font-555555\">\u2013 PayPal For any other payment method, contact customer service: contact@territorialchallenges.com)<\/span><\/p>\n<h2><strong><span class=\"font-555555\">9. Personal data and respect for privacy<\/span><\/strong><\/h2>\n<p><span class=\"font-555555\">The company MONSIEUR NIDAM ABDI strictly complies with the laws in force on the protection of privacy and individual freedoms, and in particular with the General Data Protection Regulation (GDPR) which entered into force in the European Union in May 2018. Only MONSIEUR NIDAM ABDI&#039;s commercial service provider, which is subject to strict confidentiality rules, has access to customer and prospective information. No computer processing is subcontracted to a third party company. MR. NIDAM ABDI undertakes never to disclose to third parties the information that the Client (whether Administrator or Reader) communicates to him. In accordance with the French Data Protection Act of January 6, 1978, the Customer has a right of access, rectification and opposition to personal data concerning him. You can refuse to receive promotional messages by modifying your personal information online or by sending a request to customer service (contact@territorialchallenges.com).<\/span><\/p>\n<h2><strong><span class=\"font-555555\">10. Modifications &amp; Compliance with these conditions <\/span><\/strong><\/h2>\n<p><span class=\"font-555555\">MONSIEUR NIDAM ABDI reserves the right to modify these General Conditions of Sale and Use at any time.<\/span><\/p>\n<p><span class=\"font-555555\">MONSIEUR NIDAM ABDI reserves the right to interrupt or close any Subscription or License which contravenes the General Conditions of Sale and Use explained above.<\/span><\/p>","protected":false},"excerpt":{"rendered":"<p>1. Intellectual Property The publication TERRITORIAL CHALLENGES is the exclusive property of the publishing company EIRL MONSIEUR NIDAM ABDI. All its content is protected by French and international laws relating to copyright and intellectual property. Subscriptions to an individual subscription (hereinafter referred to as the Subscriptions) do not entail any transfer of ownership rights [\u2026]<\/p>","protected":false},"author":11,"featured_media":0,"parent":0,"menu_order":0,"comment_status":"closed","ping_status":"closed","template":"","meta":{"pmpro_default_level":0,"footnotes":""},"blocksy_meta":"","yoast_head":"<!-- This site is optimized with the Yoast SEO plugin v21.5 - https:\/\/yoast.com\/wordpress\/plugins\/seo\/ -->\n<title>Conditions g\u00e9n\u00e9rales de vente et d\u2019utilisation - Territorial Challenges<\/title>\n<meta name=\"robots\" content=\"index, follow, max-snippet:-1, max-image-preview:large, max-video-preview:-1\" \/>\n<link rel=\"canonical\" href=\"https:\/\/territorialchallenges.com\/en\/cguv\/\" \/>\n<meta property=\"og:locale\" content=\"en_US\" \/>\n<meta property=\"og:type\" content=\"article\" \/>\n<meta property=\"og:title\" content=\"Conditions g\u00e9n\u00e9rales de vente et d\u2019utilisation - Territorial Challenges\" \/>\n<meta property=\"og:description\" content=\"1. Propri\u00e9t\u00e9 intellectuelle La publication TERRITORIAL CHALLENGES est la propri\u00e9t\u00e9 exclusive de la soci\u00e9t\u00e9 d\u2019\u00e9dition EIRL MONSIEUR NIDAM ABDI. Tous ses contenus sont prot\u00e9g\u00e9s par les lois fran\u00e7aises et internationales relatives au droit d&rsquo;auteur et \u00e0 la propri\u00e9t\u00e9 intellectuelle. Les souscriptions \u00e0 un abonnement individuel (ci-apr\u00e8s les Abonnements) n\u2019entra\u00eenent aucun transfert de droit de propri\u00e9t\u00e9 [&hellip;]\" \/>\n<meta property=\"og:url\" content=\"https:\/\/territorialchallenges.com\/en\/cguv\/\" \/>\n<meta property=\"og:site_name\" content=\"Territorial Challenges\" \/>\n<meta property=\"article:modified_time\" content=\"2023-10-10T16:22:45+00:00\" \/>\n<meta name=\"twitter:card\" content=\"summary_large_image\" \/>\n<meta name=\"twitter:label1\" content=\"Est. reading time\" \/>\n\t<meta name=\"twitter:data1\" content=\"10 minutes\" \/>\n<script type=\"application\/ld+json\" class=\"yoast-schema-graph\">{\"@context\":\"https:\/\/schema.org\",\"@graph\":[{\"@type\":\"WebPage\",\"@id\":\"https:\/\/territorialchallenges.com\/cguv\/\",\"url\":\"https:\/\/territorialchallenges.com\/cguv\/\",\"name\":\"Conditions g\u00e9n\u00e9rales de vente et d\u2019utilisation - Territorial Challenges\",\"isPartOf\":{\"@id\":\"https:\/\/territorialchallenges.com\/#website\"},\"datePublished\":\"2019-05-13T15:54:32+00:00\",\"dateModified\":\"2023-10-10T16:22:45+00:00\",\"breadcrumb\":{\"@id\":\"https:\/\/territorialchallenges.com\/cguv\/#breadcrumb\"},\"inLanguage\":\"en-US\",\"potentialAction\":[{\"@type\":\"ReadAction\",\"target\":[\"https:\/\/territorialchallenges.com\/cguv\/\"]}]},{\"@type\":\"BreadcrumbList\",\"@id\":\"https:\/\/territorialchallenges.com\/cguv\/#breadcrumb\",\"itemListElement\":[{\"@type\":\"ListItem\",\"position\":1,\"name\":\"Home\",\"item\":\"https:\/\/territorialchallenges.com\/\"},{\"@type\":\"ListItem\",\"position\":2,\"name\":\"Conditions g\u00e9n\u00e9rales de vente et d\u2019utilisation\"}]},{\"@type\":\"WebSite\",\"@id\":\"https:\/\/territorialchallenges.com\/#website\",\"url\":\"https:\/\/territorialchallenges.com\/\",\"name\":\"Territorial Challenges\",\"description\":\"Veille Internationale - Strat\u00e9gie Intelligentes - Bonnes pratiques\",\"publisher\":{\"@id\":\"https:\/\/territorialchallenges.com\/#organization\"},\"potentialAction\":[{\"@type\":\"SearchAction\",\"target\":{\"@type\":\"EntryPoint\",\"urlTemplate\":\"https:\/\/territorialchallenges.com\/?s={search_term_string}\"},\"query-input\":\"required name=search_term_string\"}],\"inLanguage\":\"en-US\"},{\"@type\":\"Organization\",\"@id\":\"https:\/\/territorialchallenges.com\/#organization\",\"name\":\"Territorial Challenges\",\"url\":\"https:\/\/territorialchallenges.com\/\",\"logo\":{\"@type\":\"ImageObject\",\"inLanguage\":\"en-US\",\"@id\":\"https:\/\/territorialchallenges.com\/#\/schema\/logo\/image\/\",\"url\":\"https:\/\/territorialchallenges.com\/wp-content\/uploads\/2023\/10\/logo-1.png\",\"contentUrl\":\"https:\/\/territorialchallenges.com\/wp-content\/uploads\/2023\/10\/logo-1.png\",\"width\":1832,\"height\":576,\"caption\":\"Territorial Challenges\"},\"image\":{\"@id\":\"https:\/\/territorialchallenges.com\/#\/schema\/logo\/image\/\"}}]}<\/script>\n<!-- \/ Yoast SEO plugin. -->","yoast_head_json":{"title":"General Terms and Conditions of Sale and Use - Territorial Challenges","robots":{"index":"index","follow":"follow","max-snippet":"max-snippet:-1","max-image-preview":"max-image-preview:large","max-video-preview":"max-video-preview:-1"},"canonical":"https:\/\/territorialchallenges.com\/en\/cguv\/","og_locale":"en_US","og_type":"article","og_title":"Conditions g\u00e9n\u00e9rales de vente et d\u2019utilisation - Territorial Challenges","og_description":"1. Propri\u00e9t\u00e9 intellectuelle La publication TERRITORIAL CHALLENGES est la propri\u00e9t\u00e9 exclusive de la soci\u00e9t\u00e9 d\u2019\u00e9dition EIRL MONSIEUR NIDAM ABDI. Tous ses contenus sont prot\u00e9g\u00e9s par les lois fran\u00e7aises et internationales relatives au droit d&rsquo;auteur et \u00e0 la propri\u00e9t\u00e9 intellectuelle. Les souscriptions \u00e0 un abonnement individuel (ci-apr\u00e8s les Abonnements) n\u2019entra\u00eenent aucun transfert de droit de propri\u00e9t\u00e9 [&hellip;]","og_url":"https:\/\/territorialchallenges.com\/en\/cguv\/","og_site_name":"Territorial Challenges","article_modified_time":"2023-10-10T16:22:45+00:00","twitter_card":"summary_large_image","twitter_misc":{"Est. reading time":"10 minutes"},"schema":{"@context":"https:\/\/schema.org","@graph":[{"@type":"WebPage","@id":"https:\/\/territorialchallenges.com\/cguv\/","url":"https:\/\/territorialchallenges.com\/cguv\/","name":"General Terms and Conditions of Sale and Use - Territorial Challenges","isPartOf":{"@id":"https:\/\/territorialchallenges.com\/#website"},"datePublished":"2019-05-13T15:54:32+00:00","dateModified":"2023-10-10T16:22:45+00:00","breadcrumb":{"@id":"https:\/\/territorialchallenges.com\/cguv\/#breadcrumb"},"inLanguage":"en-US","potentialAction":[{"@type":"ReadAction","target":["https:\/\/territorialchallenges.com\/cguv\/"]}]},{"@type":"BreadcrumbList","@id":"https:\/\/territorialchallenges.com\/cguv\/#breadcrumb","itemListElement":[{"@type":"ListItem","position":1,"name":"Home","item":"https:\/\/territorialchallenges.com\/"},{"@type":"ListItem","position":2,"name":"Conditions g\u00e9n\u00e9rales de vente et d\u2019utilisation"}]},{"@type":"WebSite","@id":"https:\/\/territorialchallenges.com\/#website","url":"https:\/\/territorialchallenges.com\/","name":"Territorial Challenges","description":"Veille Internationale - Intelligent strategies - Best practices","publisher":{"@id":"https:\/\/territorialchallenges.com\/#organization"},"potentialAction":[{"@type":"SearchAction","target":{"@type":"EntryPoint","urlTemplate":"https:\/\/territorialchallenges.com\/?s={search_term_string}"},"query-input":"required name=search_term_string"}],"inLanguage":"en-US"},{"@type":"Organization","@id":"https:\/\/territorialchallenges.com\/#organization","name":"Territorial Challenges","url":"https:\/\/territorialchallenges.com\/","logo":{"@type":"ImageObject","inLanguage":"en-US","@id":"https:\/\/territorialchallenges.com\/#\/schema\/logo\/image\/","url":"https:\/\/territorialchallenges.com\/wp-content\/uploads\/2023\/10\/logo-1.png","contentUrl":"https:\/\/territorialchallenges.com\/wp-content\/uploads\/2023\/10\/logo-1.png","width":1832,"height":576,"caption":"Territorial Challenges"},"image":{"@id":"https:\/\/territorialchallenges.com\/#\/schema\/logo\/image\/"}}]}},"_links":{"self":[{"href":"https:\/\/territorialchallenges.com\/en\/wp-json\/wp\/v2\/pages\/83847"}],"collection":[{"href":"https:\/\/territorialchallenges.com\/en\/wp-json\/wp\/v2\/pages"}],"about":[{"href":"https:\/\/territorialchallenges.com\/en\/wp-json\/wp\/v2\/types\/page"}],"author":[{"embeddable":true,"href":"https:\/\/territorialchallenges.com\/en\/wp-json\/wp\/v2\/users\/11"}],"replies":[{"embeddable":true,"href":"https:\/\/territorialchallenges.com\/en\/wp-json\/wp\/v2\/comments?post=83847"}],"version-history":[{"count":12,"href":"https:\/\/territorialchallenges.com\/en\/wp-json\/wp\/v2\/pages\/83847\/revisions"}],"predecessor-version":[{"id":121346,"href":"https:\/\/territorialchallenges.com\/en\/wp-json\/wp\/v2\/pages\/83847\/revisions\/121346"}],"wp:attachment":[{"href":"https:\/\/territorialchallenges.com\/en\/wp-json\/wp\/v2\/media?parent=83847"}],"curies":[{"name":"wp","href":"https:\/\/api.w.org\/{rel}","templated":true}]}}