{"id":83801,"date":"2019-05-13T11:04:51","date_gmt":"2019-05-13T09:04:51","guid":{"rendered":"https:\/\/territorialchallenges.com\/?page_id=83801"},"modified":"2025-09-15T09:03:17","modified_gmt":"2025-09-15T07:03:17","slug":"a-propos","status":"publish","type":"page","link":"https:\/\/territorialchallenges.com\/en\/a-propos\/","title":{"rendered":"About the site"},"content":{"rendered":"<p><span class=\"font-181343\"><strong>Territorial Challenges<\/strong> is a digital publication in the form of global strategic monitoring which aims to detect the ideas, thoughts and projects of stakeholders, experts, politicians and industrialists in the digital transformation of territories.<\/span><\/p>\n<p><span class=\"font-181343\">Created in 2011 under the name of<strong>Ecoinovatio<\/strong>, by <strong>Nidam ABDI<\/strong>, former journalist for the national written press (Lib\u00e9ration, Le Point) and development director of the CPMedia press group, in the electrical equipment sector, <strong>Territorial Challenges<\/strong> offers a global vision of the philosophy developed on all continents, in each country and local authority producing good practices thanks to digital innovation. Since December 26, 2011, this monitoring which has allowed <strong>Nidam ABDI<\/strong> to be selected among the 25 influencers of the LinkedIn social network, is based around 4 themes:<\/span><\/p>\n<p><span class=\"font-181343\">Supporting the creation of smart cities =&gt; <strong>Smart Territories<\/strong><\/span><\/p>\n<p>Find efficient energy solutions =&gt; <strong>Energetic transition<br \/>\n<\/strong><br \/>\nInnovate in the industries of the future =&gt; <strong>Industry 5.0<br \/>\n<\/strong><br \/>\nKnow how to use connected objects effectively in the territories =&gt; <strong>Data\/Connected objects<\/strong><\/p>","protected":false},"excerpt":{"rendered":"<p>Territorial Challenges est une publication num\u00e9rique en forme de veille strat\u00e9gique au niveau mondial qui s&rsquo;attache \u00e0 d\u00e9tecter les id\u00e9es, les r\u00e9flexions et projets des acteurs, experts, politiques et industriels de la transformation num\u00e9rique des territoires. Cr\u00e9e en 2011 sous le nom d\u2019Ecoinovatio, par Nidam ABDI, ex-journaliste de la presse \u00e9crite nationale (Lib\u00e9ration, Le Point) [&hellip;]<\/p>","protected":false},"author":11,"featured_media":0,"parent":0,"menu_order":0,"comment_status":"closed","ping_status":"closed","template":"","meta":{"pmpro_default_level":0,"footnotes":""},"blocksy_meta":"","yoast_head":"<!-- This site is optimized with the Yoast SEO plugin v21.5 - https:\/\/yoast.com\/wordpress\/plugins\/seo\/ -->\n<title>A propos du site - Territorial Challenges<\/title>\n<meta name=\"robots\" content=\"index, follow, max-snippet:-1, max-image-preview:large, max-video-preview:-1\" \/>\n<link rel=\"canonical\" href=\"https:\/\/territorialchallenges.com\/en\/a-propos\/\" \/>\n<meta property=\"og:locale\" content=\"en_US\" \/>\n<meta property=\"og:type\" content=\"article\" \/>\n<meta property=\"og:title\" content=\"A propos du site - Territorial Challenges\" \/>\n<meta property=\"og:description\" content=\"Territorial Challenges est une publication num\u00e9rique en forme de veille strat\u00e9gique au niveau mondial qui s&rsquo;attache \u00e0 d\u00e9tecter les id\u00e9es, les r\u00e9flexions et projets des acteurs, experts, politiques et industriels de la transformation num\u00e9rique des territoires. Cr\u00e9e en 2011 sous le nom d\u2019Ecoinovatio, par Nidam ABDI, ex-journaliste de la presse \u00e9crite nationale (Lib\u00e9ration, Le Point) [&hellip;]\" \/>\n<meta property=\"og:url\" content=\"https:\/\/territorialchallenges.com\/en\/a-propos\/\" \/>\n<meta property=\"og:site_name\" content=\"Territorial Challenges\" \/>\n<meta property=\"article:modified_time\" content=\"2025-09-15T07:03:17+00:00\" \/>\n<meta name=\"twitter:card\" content=\"summary_large_image\" \/>\n<meta name=\"twitter:label1\" content=\"Est. reading time\" \/>\n\t<meta name=\"twitter:data1\" content=\"1 minute\" \/>\n<script type=\"application\/ld+json\" class=\"yoast-schema-graph\">{\"@context\":\"https:\/\/schema.org\",\"@graph\":[{\"@type\":\"WebPage\",\"@id\":\"https:\/\/territorialchallenges.com\/a-propos\/\",\"url\":\"https:\/\/territorialchallenges.com\/a-propos\/\",\"name\":\"A propos du site - Territorial Challenges\",\"isPartOf\":{\"@id\":\"https:\/\/territorialchallenges.com\/#website\"},\"datePublished\":\"2019-05-13T09:04:51+00:00\",\"dateModified\":\"2025-09-15T07:03:17+00:00\",\"breadcrumb\":{\"@id\":\"https:\/\/territorialchallenges.com\/a-propos\/#breadcrumb\"},\"inLanguage\":\"en-US\",\"potentialAction\":[{\"@type\":\"ReadAction\",\"target\":[\"https:\/\/territorialchallenges.com\/a-propos\/\"]}]},{\"@type\":\"BreadcrumbList\",\"@id\":\"https:\/\/territorialchallenges.com\/a-propos\/#breadcrumb\",\"itemListElement\":[{\"@type\":\"ListItem\",\"position\":1,\"name\":\"Home\",\"item\":\"https:\/\/territorialchallenges.com\/\"},{\"@type\":\"ListItem\",\"position\":2,\"name\":\"A propos du site\"}]},{\"@type\":\"WebSite\",\"@id\":\"https:\/\/territorialchallenges.com\/#website\",\"url\":\"https:\/\/territorialchallenges.com\/\",\"name\":\"Territorial Challenges\",\"description\":\"Veille Internationale - Strat\u00e9gie Intelligentes - Bonnes pratiques\",\"publisher\":{\"@id\":\"https:\/\/territorialchallenges.com\/#organization\"},\"potentialAction\":[{\"@type\":\"SearchAction\",\"target\":{\"@type\":\"EntryPoint\",\"urlTemplate\":\"https:\/\/territorialchallenges.com\/?s={search_term_string}\"},\"query-input\":\"required name=search_term_string\"}],\"inLanguage\":\"en-US\"},{\"@type\":\"Organization\",\"@id\":\"https:\/\/territorialchallenges.com\/#organization\",\"name\":\"Territorial Challenges\",\"url\":\"https:\/\/territorialchallenges.com\/\",\"logo\":{\"@type\":\"ImageObject\",\"inLanguage\":\"en-US\",\"@id\":\"https:\/\/territorialchallenges.com\/#\/schema\/logo\/image\/\",\"url\":\"https:\/\/territorialchallenges.com\/wp-content\/uploads\/2023\/10\/logo-1.png\",\"contentUrl\":\"https:\/\/territorialchallenges.com\/wp-content\/uploads\/2023\/10\/logo-1.png\",\"width\":1832,\"height\":576,\"caption\":\"Territorial Challenges\"},\"image\":{\"@id\":\"https:\/\/territorialchallenges.com\/#\/schema\/logo\/image\/\"}}]}<\/script>\n<!-- \/ Yoast SEO plugin. -->","yoast_head_json":{"title":"A propos du site - Territorial Challenges","robots":{"index":"index","follow":"follow","max-snippet":"max-snippet:-1","max-image-preview":"max-image-preview:large","max-video-preview":"max-video-preview:-1"},"canonical":"https:\/\/territorialchallenges.com\/en\/a-propos\/","og_locale":"en_US","og_type":"article","og_title":"A propos du site - Territorial Challenges","og_description":"Territorial Challenges est une publication num\u00e9rique en forme de veille strat\u00e9gique au niveau mondial qui s&rsquo;attache \u00e0 d\u00e9tecter les id\u00e9es, les r\u00e9flexions et projets des acteurs, experts, politiques et industriels de la transformation num\u00e9rique des territoires. Cr\u00e9e en 2011 sous le nom d\u2019Ecoinovatio, par Nidam ABDI, ex-journaliste de la presse \u00e9crite nationale (Lib\u00e9ration, Le Point) [&hellip;]","og_url":"https:\/\/territorialchallenges.com\/en\/a-propos\/","og_site_name":"Territorial Challenges","article_modified_time":"2025-09-15T07:03:17+00:00","twitter_card":"summary_large_image","twitter_misc":{"Est. reading time":"1 minute"},"schema":{"@context":"https:\/\/schema.org","@graph":[{"@type":"WebPage","@id":"https:\/\/territorialchallenges.com\/a-propos\/","url":"https:\/\/territorialchallenges.com\/a-propos\/","name":"A propos du site - Territorial Challenges","isPartOf":{"@id":"https:\/\/territorialchallenges.com\/#website"},"datePublished":"2019-05-13T09:04:51+00:00","dateModified":"2025-09-15T07:03:17+00:00","breadcrumb":{"@id":"https:\/\/territorialchallenges.com\/a-propos\/#breadcrumb"},"inLanguage":"en-US","potentialAction":[{"@type":"ReadAction","target":["https:\/\/territorialchallenges.com\/a-propos\/"]}]},{"@type":"BreadcrumbList","@id":"https:\/\/territorialchallenges.com\/a-propos\/#breadcrumb","itemListElement":[{"@type":"ListItem","position":1,"name":"Home","item":"https:\/\/territorialchallenges.com\/"},{"@type":"ListItem","position":2,"name":"A propos du site"}]},{"@type":"WebSite","@id":"https:\/\/territorialchallenges.com\/#website","url":"https:\/\/territorialchallenges.com\/","name":"Territorial Challenges","description":"Veille Internationale - Intelligent strategies - Best practices","publisher":{"@id":"https:\/\/territorialchallenges.com\/#organization"},"potentialAction":[{"@type":"SearchAction","target":{"@type":"EntryPoint","urlTemplate":"https:\/\/territorialchallenges.com\/?s={search_term_string}"},"query-input":"required name=search_term_string"}],"inLanguage":"en-US"},{"@type":"Organization","@id":"https:\/\/territorialchallenges.com\/#organization","name":"Territorial Challenges","url":"https:\/\/territorialchallenges.com\/","logo":{"@type":"ImageObject","inLanguage":"en-US","@id":"https:\/\/territorialchallenges.com\/#\/schema\/logo\/image\/","url":"https:\/\/territorialchallenges.com\/wp-content\/uploads\/2023\/10\/logo-1.png","contentUrl":"https:\/\/territorialchallenges.com\/wp-content\/uploads\/2023\/10\/logo-1.png","width":1832,"height":576,"caption":"Territorial Challenges"},"image":{"@id":"https:\/\/territorialchallenges.com\/#\/schema\/logo\/image\/"}}]}},"_links":{"self":[{"href":"https:\/\/territorialchallenges.com\/en\/wp-json\/wp\/v2\/pages\/83801"}],"collection":[{"href":"https:\/\/territorialchallenges.com\/en\/wp-json\/wp\/v2\/pages"}],"about":[{"href":"https:\/\/territorialchallenges.com\/en\/wp-json\/wp\/v2\/types\/page"}],"author":[{"embeddable":true,"href":"https:\/\/territorialchallenges.com\/en\/wp-json\/wp\/v2\/users\/11"}],"replies":[{"embeddable":true,"href":"https:\/\/territorialchallenges.com\/en\/wp-json\/wp\/v2\/comments?post=83801"}],"version-history":[{"count":12,"href":"https:\/\/territorialchallenges.com\/en\/wp-json\/wp\/v2\/pages\/83801\/revisions"}],"predecessor-version":[{"id":124906,"href":"https:\/\/territorialchallenges.com\/en\/wp-json\/wp\/v2\/pages\/83801\/revisions\/124906"}],"wp:attachment":[{"href":"https:\/\/territorialchallenges.com\/en\/wp-json\/wp\/v2\/media?parent=83801"}],"curies":[{"name":"wp","href":"https:\/\/api.w.org\/{rel}","templated":true}]}}