{"id":83960,"date":"2019-05-22T16:52:50","date_gmt":"2019-05-22T14:52:50","guid":{"rendered":"https:\/\/territorialchallenges.com\/?page_id=83960"},"modified":"2025-09-26T09:42:51","modified_gmt":"2025-09-26T07:42:51","slug":"mentions-legales","status":"publish","type":"page","link":"https:\/\/territorialchallenges.com\/de\/mentions-legales\/","title":{"rendered":"Impressum"},"content":{"rendered":"<p><strong>Publikationsleiter:<\/strong> Nidam ABDI<\/p>\n<p><span class=\"font-181343\">Der Herausgeber der Website territorialchallenges.com ist <strong>EIRL SIR ABDI NIDAM<\/strong>, registriert unter der SIRET-Nummer: 51741862000020<\/span><\/p>\n<p><span class=\"font-181343\"><strong>Adresse:<\/strong> 1, rue Chenotel 78490 Les Mesnuls (Yvelines) FRANKREICH<br \/>\n<\/span><\/p>\n<p><strong>Fest:<\/strong> <a href=\"tel:+33955380959\">+33(0).9.55.38.09.59<\/a>.<\/p>\n<p><strong>Handy, Mobiltelefon:<\/strong> <a href=\"tel:+33769946436\">+33(0)7.69.94.64.36<\/a><\/p>\n<p><strong>Email:<\/strong> <a href=\"mailto:ni.abdi@territorialchallenges.com\">ni.abdi@territorialchallenges.com<\/a><\/p>\n<p><strong>ISSN-Nummer:<\/strong> 2726-8993<\/p>\n<p><strong>Realisierung:<\/strong><\/p>\n<p><strong>Projektmanager:<\/strong> A. DOUICHI<\/p>\n<p><strong>Technische Entwicklung:<\/strong> A. DOUICHI<\/p>\n<p><strong>Site-Host:<\/strong><\/p>\n<p>OVH, 2 rue Kellermann \u2013 59100 Roubaix \u2013 Frankreich<\/p>","protected":false},"excerpt":{"rendered":"<p>Directeur de publication: Nidam ABDI L\u2019\u00e9diteur du site web territorialchallenges.com est l\u2019EIRL MONSIEUR ABDI NIDAM, inscrite sous le N\u00b0SIRET\u00a0: 51741862000020 Adresse: 1, rue Chenotel 78490 Les Mesnuls (Yvelines) FRANCE Fixe: +33(0).9.55.38.09.59. Mobile: +33(0)7.69.94.64.36 Courriel: ni.abdi@territorialchallenges.com NUMERO ISSN: 2726-8993 R\u00e9alisation: Chef de projet: A. DOUICHI D\u00e9veloppement technique: A. DOUICHI H\u00e9bergeur du site : OVH, 2 rue [&hellip;]<\/p>","protected":false},"author":11,"featured_media":0,"parent":0,"menu_order":0,"comment_status":"closed","ping_status":"closed","template":"","meta":{"pmpro_default_level":0,"footnotes":""},"blocksy_meta":"","yoast_head":"<!-- This site is optimized with the Yoast SEO plugin v21.5 - https:\/\/yoast.com\/wordpress\/plugins\/seo\/ -->\n<title>Mentions L\u00e9gales - Territorial Challenges<\/title>\n<meta name=\"robots\" content=\"index, follow, max-snippet:-1, max-image-preview:large, max-video-preview:-1\" \/>\n<link rel=\"canonical\" href=\"https:\/\/territorialchallenges.com\/de\/mentions-legales\/\" \/>\n<meta property=\"og:locale\" content=\"de_DE\" \/>\n<meta property=\"og:type\" content=\"article\" \/>\n<meta property=\"og:title\" content=\"Mentions L\u00e9gales - Territorial Challenges\" \/>\n<meta property=\"og:description\" content=\"Directeur de publication: Nidam ABDI L\u2019\u00e9diteur du site web territorialchallenges.com est l\u2019EIRL MONSIEUR ABDI NIDAM, inscrite sous le N\u00b0SIRET\u00a0: 51741862000020 Adresse: 1, rue Chenotel 78490 Les Mesnuls (Yvelines) FRANCE Fixe: +33(0).9.55.38.09.59. Mobile: +33(0)7.69.94.64.36 Courriel: ni.abdi@territorialchallenges.com NUMERO ISSN: 2726-8993 R\u00e9alisation: Chef de projet: A. DOUICHI D\u00e9veloppement technique: A. DOUICHI H\u00e9bergeur du site : OVH, 2 rue [&hellip;]\" \/>\n<meta property=\"og:url\" content=\"https:\/\/territorialchallenges.com\/de\/mentions-legales\/\" \/>\n<meta property=\"og:site_name\" content=\"Territorial Challenges\" \/>\n<meta property=\"article:modified_time\" content=\"2025-09-26T07:42:51+00:00\" \/>\n<meta name=\"twitter:card\" content=\"summary_large_image\" \/>\n<meta name=\"twitter:label1\" content=\"Gesch\u00e4tzte Lesezeit\" \/>\n\t<meta name=\"twitter:data1\" content=\"1\u00a0Minute\" \/>\n<script type=\"application\/ld+json\" class=\"yoast-schema-graph\">{\"@context\":\"https:\/\/schema.org\",\"@graph\":[{\"@type\":\"WebPage\",\"@id\":\"https:\/\/territorialchallenges.com\/mentions-legales\/\",\"url\":\"https:\/\/territorialchallenges.com\/mentions-legales\/\",\"name\":\"Mentions L\u00e9gales - Territorial Challenges\",\"isPartOf\":{\"@id\":\"https:\/\/territorialchallenges.com\/#website\"},\"datePublished\":\"2019-05-22T14:52:50+00:00\",\"dateModified\":\"2025-09-26T07:42:51+00:00\",\"breadcrumb\":{\"@id\":\"https:\/\/territorialchallenges.com\/mentions-legales\/#breadcrumb\"},\"inLanguage\":\"de\",\"potentialAction\":[{\"@type\":\"ReadAction\",\"target\":[\"https:\/\/territorialchallenges.com\/mentions-legales\/\"]}]},{\"@type\":\"BreadcrumbList\",\"@id\":\"https:\/\/territorialchallenges.com\/mentions-legales\/#breadcrumb\",\"itemListElement\":[{\"@type\":\"ListItem\",\"position\":1,\"name\":\"Home\",\"item\":\"https:\/\/territorialchallenges.com\/\"},{\"@type\":\"ListItem\",\"position\":2,\"name\":\"Mentions L\u00e9gales\"}]},{\"@type\":\"WebSite\",\"@id\":\"https:\/\/territorialchallenges.com\/#website\",\"url\":\"https:\/\/territorialchallenges.com\/\",\"name\":\"Territorial Challenges\",\"description\":\"Veille Internationale - Strat\u00e9gie Intelligentes - Bonnes pratiques\",\"publisher\":{\"@id\":\"https:\/\/territorialchallenges.com\/#organization\"},\"potentialAction\":[{\"@type\":\"SearchAction\",\"target\":{\"@type\":\"EntryPoint\",\"urlTemplate\":\"https:\/\/territorialchallenges.com\/?s={search_term_string}\"},\"query-input\":\"required name=search_term_string\"}],\"inLanguage\":\"de\"},{\"@type\":\"Organization\",\"@id\":\"https:\/\/territorialchallenges.com\/#organization\",\"name\":\"Territorial Challenges\",\"url\":\"https:\/\/territorialchallenges.com\/\",\"logo\":{\"@type\":\"ImageObject\",\"inLanguage\":\"de\",\"@id\":\"https:\/\/territorialchallenges.com\/#\/schema\/logo\/image\/\",\"url\":\"https:\/\/territorialchallenges.com\/wp-content\/uploads\/2023\/10\/logo-1.png\",\"contentUrl\":\"https:\/\/territorialchallenges.com\/wp-content\/uploads\/2023\/10\/logo-1.png\",\"width\":1832,\"height\":576,\"caption\":\"Territorial Challenges\"},\"image\":{\"@id\":\"https:\/\/territorialchallenges.com\/#\/schema\/logo\/image\/\"}}]}<\/script>\n<!-- \/ Yoast SEO plugin. -->","yoast_head_json":{"title":"Rechtliche Hinweise - Territoriale Herausforderungen","robots":{"index":"index","follow":"follow","max-snippet":"max-snippet:-1","max-image-preview":"max-image-preview:large","max-video-preview":"max-video-preview:-1"},"canonical":"https:\/\/territorialchallenges.com\/de\/mentions-legales\/","og_locale":"de_DE","og_type":"article","og_title":"Mentions L\u00e9gales - Territorial Challenges","og_description":"Directeur de publication: Nidam ABDI L\u2019\u00e9diteur du site web territorialchallenges.com est l\u2019EIRL MONSIEUR ABDI NIDAM, inscrite sous le N\u00b0SIRET\u00a0: 51741862000020 Adresse: 1, rue Chenotel 78490 Les Mesnuls (Yvelines) FRANCE Fixe: +33(0).9.55.38.09.59. Mobile: +33(0)7.69.94.64.36 Courriel: ni.abdi@territorialchallenges.com NUMERO ISSN: 2726-8993 R\u00e9alisation: Chef de projet: A. DOUICHI D\u00e9veloppement technique: A. DOUICHI H\u00e9bergeur du site : OVH, 2 rue [&hellip;]","og_url":"https:\/\/territorialchallenges.com\/de\/mentions-legales\/","og_site_name":"Territorial Challenges","article_modified_time":"2025-09-26T07:42:51+00:00","twitter_card":"summary_large_image","twitter_misc":{"Gesch\u00e4tzte Lesezeit":"1\u00a0Minute"},"schema":{"@context":"https:\/\/schema.org","@graph":[{"@type":"WebPage","@id":"https:\/\/territorialchallenges.com\/mentions-legales\/","url":"https:\/\/territorialchallenges.com\/mentions-legales\/","name":"Rechtliche Hinweise - Territoriale Herausforderungen","isPartOf":{"@id":"https:\/\/territorialchallenges.com\/#website"},"datePublished":"2019-05-22T14:52:50+00:00","dateModified":"2025-09-26T07:42:51+00:00","breadcrumb":{"@id":"https:\/\/territorialchallenges.com\/mentions-legales\/#breadcrumb"},"inLanguage":"de","potentialAction":[{"@type":"ReadAction","target":["https:\/\/territorialchallenges.com\/mentions-legales\/"]}]},{"@type":"BreadcrumbList","@id":"https:\/\/territorialchallenges.com\/mentions-legales\/#breadcrumb","itemListElement":[{"@type":"ListItem","position":1,"name":"Home","item":"https:\/\/territorialchallenges.com\/"},{"@type":"ListItem","position":2,"name":"Mentions L\u00e9gales"}]},{"@type":"WebSite","@id":"https:\/\/territorialchallenges.com\/#website","url":"https:\/\/territorialchallenges.com\/","name":"Territoriale Herausforderungen","description":"Internationales Monitoring \u2013 Intelligente Strategien \u2013 Best Practices","publisher":{"@id":"https:\/\/territorialchallenges.com\/#organization"},"potentialAction":[{"@type":"SearchAction","target":{"@type":"EntryPoint","urlTemplate":"https:\/\/territorialchallenges.com\/?s={search_term_string}"},"query-input":"required name=search_term_string"}],"inLanguage":"de"},{"@type":"Organization","@id":"https:\/\/territorialchallenges.com\/#organization","name":"Territoriale Herausforderungen","url":"https:\/\/territorialchallenges.com\/","logo":{"@type":"ImageObject","inLanguage":"de","@id":"https:\/\/territorialchallenges.com\/#\/schema\/logo\/image\/","url":"https:\/\/territorialchallenges.com\/wp-content\/uploads\/2023\/10\/logo-1.png","contentUrl":"https:\/\/territorialchallenges.com\/wp-content\/uploads\/2023\/10\/logo-1.png","width":1832,"height":576,"caption":"Territorial Challenges"},"image":{"@id":"https:\/\/territorialchallenges.com\/#\/schema\/logo\/image\/"}}]}},"_links":{"self":[{"href":"https:\/\/territorialchallenges.com\/de\/wp-json\/wp\/v2\/pages\/83960"}],"collection":[{"href":"https:\/\/territorialchallenges.com\/de\/wp-json\/wp\/v2\/pages"}],"about":[{"href":"https:\/\/territorialchallenges.com\/de\/wp-json\/wp\/v2\/types\/page"}],"author":[{"embeddable":true,"href":"https:\/\/territorialchallenges.com\/de\/wp-json\/wp\/v2\/users\/11"}],"replies":[{"embeddable":true,"href":"https:\/\/territorialchallenges.com\/de\/wp-json\/wp\/v2\/comments?post=83960"}],"version-history":[{"count":12,"href":"https:\/\/territorialchallenges.com\/de\/wp-json\/wp\/v2\/pages\/83960\/revisions"}],"predecessor-version":[{"id":124980,"href":"https:\/\/territorialchallenges.com\/de\/wp-json\/wp\/v2\/pages\/83960\/revisions\/124980"}],"wp:attachment":[{"href":"https:\/\/territorialchallenges.com\/de\/wp-json\/wp\/v2\/media?parent=83960"}],"curies":[{"name":"wp","href":"https:\/\/api.w.org\/{rel}","templated":true}]}}