{"id":83847,"date":"2019-05-13T17:54:32","date_gmt":"2019-05-13T15:54:32","guid":{"rendered":"https:\/\/territorialchallenges.com\/?page_id=83847"},"modified":"2023-10-10T18:22:45","modified_gmt":"2023-10-10T16:22:45","slug":"cguv","status":"publish","type":"page","link":"https:\/\/territorialchallenges.com\/de\/cguv\/","title":{"rendered":"Allgemeine Verkaufs- und Nutzungsbedingungen"},"content":{"rendered":"<h2><span class=\"font-555555\"><strong>1. Geistiges Eigentum<\/strong><\/span><\/h2>\n<p><span class=\"font-555555\">Die Ver\u00f6ffentlichung <strong>TERRITORIALE HERAUSFORDERUNGEN<\/strong> ist ausschlie\u00dfliches Eigentum des Verlages <strong>EIRL SIR NIDAM ABDI<\/strong>. Alle Inhalte sind durch franz\u00f6sische und internationale Gesetze zum Urheberrecht und zum geistigen Eigentum gesch\u00fctzt.<\/span><\/p>\n<p><span class=\"font-555555\">Abonnements f\u00fcr ein einzelnes Abonnement (im Folgenden \u201eAbonnements\u201c) f\u00fchren nicht zu einer \u00dcbertragung von Eigentumsrechten jeglicher Art zugunsten des Kunden (der Begriff \u201eKunde\u201c bezeichnet jeden Beg\u00fcnstigten oder Administrator eines Abonnements).<\/span><\/p>\n<h2><strong><span class=\"font-555555\">2. Verteilungsmethoden<\/span><\/strong><\/h2>\n<p><span class=\"font-555555\">Der Inhalt der Ver\u00f6ffentlichung \u201eTerritorial Challenges\u201c kann unter den folgenden Formeln eingesehen werden <\/span><span class=\"font-555555\">:<\/span><\/p>\n<h3><strong><span class=\"font-555555\">hat. Einzelabonnements <\/span><\/strong><\/h3>\n<p><span class=\"font-555555\">Einzelabonnements sind streng personenbezogen. F\u00fcr die Abfrage von Publikationen und den Zugriff auf Online-Dienste m\u00fcssen Abonnenten eine pers\u00f6nliche E-Mail-Adresse angeben. Der gesamte Inhalt oder Teile davon d\u00fcrfen in keiner Weise geteilt werden, weder innerhalb einer Organisation noch extern. Ausgaben und einzelne Artikel d\u00fcrfen nicht per E-Mail, im Intranet oder Extranet verbreitet oder in einem Blog oder sozialen Medien reproduziert werden.<\/span><span class=\"font-555555\">.<\/span><\/p>\n<h3><strong><span class=\"font-555555\">B. Multi-Reader-Lizenzen <\/span><\/strong><\/h3>\n<p><span class=\"font-555555\">Multi-Reader-Lizenzen erm\u00f6glichen die Verwaltung kollektiver Abonnements \u00fcber eine einzige Rechnung innerhalb derselben Rechtsstruktur (Tochtergesellschaften ausgenommen, sofern nicht mit dem Herausgeber MONSIEUR NIDAM ABDI vereinbart). Diese Formeln eignen sich f\u00fcr Fachleute im Dienstleistungssektor, bei denen die gemeinsame Nutzung unserer Artikel f\u00fcr den reibungslosen Ablauf ihrer T\u00e4tigkeit unerl\u00e4sslich ist. Sie profitieren von vorteilhaften sinkenden Tarifen, verlangen jedoch von den Kunden, dass sie die gleichen Regeln zum Schutz des geistigen Eigentums einhalten wie bei einzelnen Abonnements.<\/span><\/p>\n<p><span class=\"font-555555\">Es gibt drei Arten von Lizenzen:<\/span><\/p>\n<p><span class=\"font-555555\">\u2022 Namenslizenzen sind f\u00fcr die ausschlie\u00dfliche Nutzung durch Abonnenten bestimmt, in deren Namen sie namentlich abonniert werden und an die sie gerichtet sind. Um Ver\u00f6ffentlichungen einzusehen und auf Online-Dienste zuzugreifen, m\u00fcssen Abonnenten eine pers\u00f6nliche E-Mail-Adresse angeben (z. B. jean.martin@entreprise.fr).<\/span><\/p>\n<p><span class=\"font-555555\">\u2022 Sammellizenzen richten sich an eine Gruppe von Lesern, die der gleichen Rechtsform angeh\u00f6ren, aber nicht individuell identifiziert werden k\u00f6nnen. F\u00fcr die Konsultation von Publikationen und den Zugang zu Online-Diensten verf\u00fcgen Abonnenten \u00fcber eine gemeinsame E-Mail-Adresse. Diese Identifikationsformel ist f\u00fcr Sammellizenzen ab 10 Lesern verf\u00fcgbar.<\/span><\/p>\n<p><span class=\"font-555555\">\u2022 IP-Lizenzen richten sich an eine Gruppe von Lesern, die IP-Adressbereiche derselben Rechtsstruktur verwenden, um eine Verbindung zu unseren Publikationen herzustellen. Die Leser werden nicht individuell identifiziert. Um Zusammenfassungen und Benachrichtigungen per E-Mail zu erhalten, k\u00f6nnen Leser ein Konto mit einer benannten E-Mail-Adresse erstellen.<\/span><\/p>\n<h2><strong><span class=\"font-555555\">3. Extraktions- und Indexierungsbeschr\u00e4nkungen <\/span><\/strong><\/h2>\n<p><span class=\"font-555555\">Die Archive der Territorial Challenges-Publikation sind in Datenbanken organisiert, die den Abonnenten im Rahmen ihrer Lizenz zug\u00e4nglich sind. Allerdings gem\u00e4\u00df Artikel L342-1 des Gesetzes Nr. 98-536 vom 1. Juli 1998 des franz\u00f6sischen Gesetzbuches \u00fcber geistiges Eigentum (Umsetzung der Richtlinie). 96\/9\/EG vom 11. M\u00e4rz 1996) verbietet der Herausgeber MONSIEUR NIDAM ABDI \u201edie Extraktion, durch dauerhafte oder vor\u00fcbergehende \u00dcbertragung des gesamten oder eines qualitativ oder quantitativ wesentlichen Teils des Inhalts einer Datenbank auf ein anderes Medium, mit welchen Mitteln und in welcher Form auch immer in welcher Form auch immer\u201c.<\/span><\/p>\n<p><span class=\"font-555555\">Konkret ist der Einsatz von Robotern zur Extraktion eines wesentlichen Teils der Territorial Challenges-Datenbanken verboten, es sei denn, es liegt eine schriftliche Genehmigung vor.<\/span><\/p>\n<h2><span class=\"font-555555\">4. Verantwortlichkeiten autorisierter Leser<\/span><\/h2>\n<p><span class=\"font-555555\">Welche Formel auch immer Sie abonniert haben, <strong>nur eine Privatkopie<\/strong> ist f\u00fcr jeden Benutzer erlaubt. <\/span><\/p>\n<p><span class=\"font-555555\">Der im Rahmen eines Abonnements oder einer Lizenz berechtigte Leser darf einen Artikel oder eine Ausgabe ausdrucken und f\u00fcr seinen pers\u00f6nlichen Gebrauch herunterladen, darf ihn jedoch unter keinen Umst\u00e4nden an Dritte, auch nicht innerhalb seines eigenen Unternehmens, weitergeben (sei es per E-Mail oder per E-Mail). Kopie oder Intranet).<\/span><\/p>\n<p><span class=\"font-555555\">Die Verbreitung von zum Thema Territorial Challenges ver\u00f6ffentlichten Artikeln in sozialen Netzwerken ist strengstens untersagt, es sei denn, es handelt sich um ein Zitat oder einen kurzen Auszug.<\/span><\/p>\n<p><span class=\"font-555555\"> Der berechtigte Leser verpflichtet sich, sein Passwort geheim zu halten und es in keiner Form an Dritte weiterzugeben.<\/span><\/p>\n<h2><strong><span class=\"font-555555\">5. Spezifische Verantwortlichkeiten des Lizenzadministrators<\/span><\/strong><\/h2>\n<p><span class=\"font-555555\">Der f\u00fcr die Verwaltung einer Lizenz verantwortliche Administrator garantiert die Annahme und Einhaltung dieser Allgemeinen Verkaufs- und Nutzungsbedingungen (CGVU) f\u00fcr alle im Rahmen dieser Lizenz berechtigten Leser.<\/span><\/p>\n<h2><span class=\"font-555555\">6. Abonnement und Verwaltung von Abonnements und Lizenzen <\/span><\/h2>\n<h3><strong><span class=\"font-555555\">Abonnement f\u00fcr Online-Support<\/span><\/strong><\/h3>\n<p><span class=\"font-555555\"> Registrierungsbedingungen \u2013 Erstellung eines Online-Kontos <\/span><\/p>\n<p><span class=\"font-555555\">F\u00fcr den Zugriff auf die Ver\u00f6ffentlichung und\/oder einen abonnementbasierten Dienst in elektronischer Form und deren Nutzung muss der Abonnent auf der Website ein Konto erstellen, ein einzigartiges und pers\u00f6nliches Konto f\u00fcr den Abonnenten. Der Abonnent verpflichtet sich, wahrheitsgem\u00e4\u00dfe und genaue Angaben zu machen,<\/span><\/p>\n<p><span class=\"font-555555\">seine Identit\u00e4t, seine Funktion, die Identit\u00e4t seines Unternehmens sowie alle im Bestellformular angeforderten Informationen aktuell und vollst\u00e4ndig angeben. Er verpflichtet sich, seine Kontoinformationen so bald wie n\u00f6tig zu aktualisieren. F\u00fcr den Fall, dass der Abonnent falsche, ungenaue, veraltete oder unvollst\u00e4ndige Registrierungsdaten angibt, ist der Verlag berechtigt, sein Abonnentenkonto ohne Vorank\u00fcndigung zu sperren oder zu k\u00fcndigen und ihm den Zugriff sofort und f\u00fcr die Zukunft zu verweigern. auf die gesamte oder einen Teil der Ver\u00f6ffentlichung und \/oder den Dienst, ohne die gezahlten Betr\u00e4ge erstatten zu m\u00fcssen. Der Abonnent tr\u00e4gt die alleinige Verantwortung f\u00fcr die Nutzung seines Kontos und ist der alleinige Garant f\u00fcr die Vertraulichkeit seiner Zugangsdaten. Er verpflichtet sich, den Herausgeber unverz\u00fcglich \u00fcber jede unbefugte Nutzung seines Kontos und\/oder jede Verletzung der Vertraulichkeit und Sicherheit seiner Legitimationsmittel zu informieren. Der Herausgeber kann unter keinen Umst\u00e4nden f\u00fcr Verluste oder Sch\u00e4den haftbar gemacht werden, die aus einer Verletzung der in diesem Artikel enthaltenen Verpflichtungen resultieren. Der Abonnent ist f\u00fcr die Einrichtung der IT- und Telekommunikationsmittel verantwortlich, die den Zugriff auf die Website erm\u00f6glichen. Der Abonnent ist f\u00fcr die Telekommunikationskosten verantwortlich, die beim Zugriff auf das Internet und bei der Nutzung der Website und der von ihm abonnierten Dienste anfallen.<\/span><\/p>\n<h3><strong><span class=\"font-555555\">Verwaltung von Abonnements und Lizenzen<\/span><\/strong><\/h3>\n<p><span class=\"font-555555\"> Jede Bestellung eines Abonnements oder einer Lizenz impliziert die<\/span><span style=\"font-family: 'PT Sans';\">volle Akzeptanz und ohne <\/span><span style=\"font-family: 'PT Sans';\">unterliegen diesen Allgemeinen Verkaufs- und Nutzungsbedingungen.<\/span><\/p>\n<p><span style=\"font-family: 'PT Sans';\"><strong>Startdatum<\/strong> \u2013 Das Abonnement bzw. die Lizenz tritt mit Eingang der Bestellung in Kraft <\/span><span style=\"font-family: 'PT Sans';\">wenn es um ein neues Abonnement geht. Bei Verl\u00e4ngerung wird das neue Abonnement bzw <\/span><span style=\"font-family: 'PT Sans';\">Die neue Lizenz tritt im Anschluss an das Abonnement oder die vorherige Lizenz in Kraft. <\/span><span style=\"font-family: 'PT Sans';\">F\u00fcr <\/span><span style=\"font-family: 'PT Sans';\">Jede andere Bestimmung (r\u00fcckwirkendes Abonnement, Implementierung zu einem bestimmten Datum usw.) ist zul\u00e4ssig <\/span><span style=\"font-family: 'PT Sans';\">Es ist erforderlich, dies zum Zeitpunkt der Bestellung anzugeben.<\/span><\/p>\n<p><span style=\"font-family: 'PT Sans';\"><strong>Stornierung<\/strong> \u2013 Bestellungen f\u00fcr Abonnements und Lizenzen gelten als verbindlich <\/span><span style=\"font-family: 'PT Sans';\">endg\u00fcltig ab Eingang beim Herausgeber MONSIEUR NIDAM ABDI. Entsprechend <\/span><span style=\"font-family: 'PT Sans';\">Gem\u00e4\u00df den gesetzlichen Bestimmungen kann der Kunde ein Widerrufsrecht von 14 Tagen aus\u00fcben <\/span><span style=\"font-family: 'PT Sans';\">nach der Bestellung. Der Kunde haftet jedoch f\u00fcr einen anteilig berechneten Betrag <\/span><span style=\"font-family: 'PT Sans';\">Dauer des Abonnements oder der Lizenz, die zwischen der Registrierung der Bestellung und ihrer Bestellung gilt <\/span><span style=\"font-family: 'PT Sans';\">Stornierung.<\/span><\/p>\n<p><span style=\"font-family: 'PT Sans';\"><strong>Nicht\u00fcbertragbarkeit<\/strong> \u2013 Der Abonnent kann die sich daraus ergebenden Rechte und Pflichten nicht ganz oder teilweise abtreten <\/span><span style=\"font-family: PT Sans;\">ohne vorherige ausdr\u00fcckliche Genehmigung des Herausgebers Dritten zug\u00e4nglich zu machen.<\/span><\/p>\n<p><span style=\"font-family: 'PT Sans';\">Streitigkeiten \u2013 Jede Beschwerde muss unter Androhung der Verwirkung per Brief eingereicht werden <\/span><span style=\"font-family: 'PT Sans';\">mit Empfangsbest\u00e4tigung registriert. Jeder Streit, welcher Art auch immer, unterliegt der Streitigkeit <\/span><span style=\"font-family: 'PT Sans';\">die Zust\u00e4ndigkeit der Gerichte von Nanterre, die franz\u00f6sisches Recht anwenden.<\/span><\/p>\n<p><span style=\"font-family: 'PT Sans';\"><strong>Automatisches Neuabonnement<\/strong> \u2013 Durch die Entscheidung f\u00fcr ein automatisches Neuabonnement erh\u00e4lt der Abonnent <\/span><span style=\"font-family: 'PT Sans';\">profitiert jedes Jahr von einem Rabatt von 10% auf den Grundtarif. Sechs Wochen vorher <\/span><span style=\"font-family: 'PT Sans';\">Nach Ablauf seines Abonnements erh\u00e4lt er eine Rechnung, die seinem erneuten Abonnement entspricht <\/span><span style=\"font-family: 'PT Sans';\">ein Jahr. Wenn er sich nicht erneut anmelden m\u00f6chte, muss er lediglich diese Rechnung mit dem zur\u00fccksenden <\/span><span style=\"font-family: 'PT Sans';\">innerhalb von sechs Wochen nach Rechnungsdatum mit dem Vermerk \u201eStorniert\u201c versehen. \u00dcber diesen Zeitraum hinaus<\/span><span style=\"font-family: 'PT Sans';\">Es werden keine Stornierungen akzeptiert. Das Abonnement oder die Lizenz gilt als <\/span><span style=\"font-family: 'PT Sans';\">verl\u00e4ngert und der entsprechende Betrag wird in voller H\u00f6he f\u00e4llig.<\/span><\/p>\n<h3><strong><span style=\"font-family: 'PT Sans';\">Kekse<\/span><\/strong><\/h3>\n<p><span class=\"font-555555\">Ein \u201eCookie\u201c erm\u00f6glicht die Identifizierung des Benutzers, die Personalisierung seiner Konsultation der Website www.territorialchallenges.com und die Beschleunigung des Layouts der Website dank der Speicherung einer Datendatei auf seinem Computer. Die von uns ausgegebenen Cookies werden zur Erstellung von Verkehrsstatistiken f\u00fcr unsere Website verwendet, um das Interesse und die Ergonomie unserer Dienste zu verbessern.<\/span><\/p>\n<p><span class=\"font-555555\">Der Nutzer erkennt an, \u00fcber diese Praxis informiert zu sein und erm\u00e4chtigt EIRL Nidam ABDI, damit fortzufahren. <\/span><\/p>\n<p><span class=\"font-555555\">In jedem Fall verpflichtet sich EIRL Nidam ABDI, \u201eCookies\u201c mit Todesinhalten niemals an Dritte weiterzugeben, au\u00dfer im Falle einer rechtlichen Anforderung. Der Benutzer kann die Speicherung von \u201eCookies\u201c ablehnen oder seinen Browser so konfigurieren, dass er benachrichtigt wird, bevor er \u201eCookies\u201c akzeptiert. Zu diesem Zweck konfiguriert der Benutzer seinen Browser \u00fcber das Men\u00fc \u201eExtras\u201c f\u00fcr Microsoft Internet Explorer. F\u00fcr Google-Cookies, die standardm\u00e4\u00dfig zugelassen sind, k\u00f6nnen Sie diese Einstellung im Dialogfeld \u201eOptionen\u201c \u00e4ndern.<\/span><\/p>\n<h2><strong><span class=\"font-555555\">8. Zahlungsbedingungen <\/span><\/strong><\/h2>\n<p><span class=\"font-555555\">Bei der Einrichtung des Dienstes wird eine Rechnung \u00fcber den Betrag des Abonnements und der Lizenz ausgestellt. Es kann auch vom Verlag MONSIEUR NIDAM ABDI an den Kunden (oder an den von ihm beim Abonnement angegebenen Rechnungskontakt) gesendet werden. Rechnungsanfragen sollten an contact@territorialchallenges.com gesendet werden. <\/span><\/p>\n<p><span class=\"font-555555\"><strong>Zahlungszeitraum<\/strong> \u2013 Die Zahlung f\u00fcr das Abonnement oder die Lizenz ist mit Erhalt der Rechnung f\u00e4llig und muss erfolgen <strong>innerhalb eines Zeitraums von maximal 30 Tagen<\/strong> aus dieser Quittung. Im Falle einer versp\u00e4teten Zahlung wird das Abonnement oder die Lizenz bis zum Eingang der Zahlung des vollst\u00e4ndigen Rechnungsbetrags ausgesetzt. Wenn der Kunde \u00fcber mehrere laufende Abonnements verf\u00fcgt, f\u00fchrt die Nichtzahlung eines davon innerhalb dieser Frist zur Aussetzung aller Abonnements bis zum Eingang der fehlenden Zahlung.<\/span><\/p>\n<p><span class=\"font-555555\"><strong>Zahlungsmittel<\/strong> \u2013 Der Verlag MONSIEUR NIDAM ABDI akzeptiert Zahlungen in Euro (EUR), US-Dollar (USD) oder Pfund Sterling (GBP), die auf folgende Weise erfolgen:<\/span><\/p>\n<p><span class=\"font-555555\">-Kreditkarte :<\/span><\/p>\n<ul>\n<li><span class=\"font-555555\">Visa, Mastercard<\/span><\/li>\n<li><span class=\"font-555555\">American Express (nur in EUR oder USD)<\/span><\/li>\n<\/ul>\n<p><span class=\"font-555555\">\u2013 Bankscheck zahlbar an MONSIEUR NIDAM ABDI<\/span><\/p>\n<p><span class=\"font-555555\">- Bank\u00fcberweisung. Die Kosten f\u00fcr die Ausstellung der \u00dcberweisung durch die Bank des Kunden gehen zu Lasten des Kunden.<\/span><\/p>\n<p><span class=\"font-555555\">\u2013 PayPal F\u00fcr jede andere Zahlungsmethode wenden Sie sich an den Kundendienst: contact@territorialchallenges.com)<\/span><\/p>\n<h2><strong><span class=\"font-555555\">9. Pers\u00f6nliche Daten und Achtung der Privatsph\u00e4re<\/span><\/strong><\/h2>\n<p><span class=\"font-555555\">Das Unternehmen MONSIEUR NIDAM ABDI h\u00e4lt sich strikt an die geltenden Gesetze zum Schutz der Privatsph\u00e4re und der individuellen Freiheiten, insbesondere an die Allgemeine Datenschutzverordnung (DSGVO), die im Mai 2018 in der Europ\u00e4ischen Union in Kraft getreten ist. Nur die Werbung von MONSIEUR NIDAM ABDI Der Dienstleister, der strengen Vertraulichkeitsregeln unterliegt, hat Zugriff auf Kunden- und Interessenteninformationen. Es wird keine Computerverarbeitung an ein Drittunternehmen vergeben. MR. NIDAM ABDI verpflichtet sich, die Informationen, die ihm der Kunde (ob Administrator oder Leser) mitteilt, niemals an Dritte weiterzugeben. Gem\u00e4\u00df dem franz\u00f6sischen Datenschutzgesetz vom 6. Januar 1978 hat der Kunde ein Recht auf Zugang, Berichtigung und Widerspruch zu den ihn betreffenden personenbezogenen Daten. Sie k\u00f6nnen den Erhalt von Werbenachrichten ablehnen, indem Sie Ihre pers\u00f6nlichen Daten online \u00e4ndern oder eine Anfrage an den Kundendienst (contact@territorialchallenges.com) senden.<\/span><\/p>\n<h2><strong><span class=\"font-555555\">10. \u00c4nderungen und Einhaltung dieser Bedingungen <\/span><\/strong><\/h2>\n<p><span class=\"font-555555\">MONSIEUR NIDAM ABDI beh\u00e4lt sich das Recht vor, diese Allgemeinen Verkaufs- und Nutzungsbedingungen jederzeit zu \u00e4ndern.<\/span><\/p>\n<p><span class=\"font-555555\">MONSIEUR NIDAM ABDI beh\u00e4lt sich das Recht vor, Abonnements oder Lizenzen zu unterbrechen oder zu schlie\u00dfen, die gegen die oben erl\u00e4uterten Allgemeinen Verkaufs- und Nutzungsbedingungen versto\u00dfen.<\/span><\/p>","protected":false},"excerpt":{"rendered":"<p>1. Geistiges Eigentum Die Publikation TERRITORIAL CHALLENGES ist ausschlie\u00dfliches Eigentum des Verlags EIRL MONSIEUR NIDAM ABDI. S\u00e4mtliche Inhalte sind durch franz\u00f6sische und internationale Urheber- und Schutzrechte gesch\u00fctzt. Der Abschluss eines Einzelabonnements (nachfolgend \u201eAbonnements\u201c genannt) beinhaltet keine \u00dcbertragung von Eigentumsrechten [\u2026]<\/p>","protected":false},"author":11,"featured_media":0,"parent":0,"menu_order":0,"comment_status":"closed","ping_status":"closed","template":"","meta":{"pmpro_default_level":0,"footnotes":""},"blocksy_meta":"","yoast_head":"<!-- This site is optimized with the Yoast SEO plugin v21.5 - https:\/\/yoast.com\/wordpress\/plugins\/seo\/ -->\n<title>Conditions g\u00e9n\u00e9rales de vente et d\u2019utilisation - Territorial Challenges<\/title>\n<meta name=\"robots\" content=\"index, follow, max-snippet:-1, max-image-preview:large, max-video-preview:-1\" \/>\n<link rel=\"canonical\" href=\"https:\/\/territorialchallenges.com\/de\/cguv\/\" \/>\n<meta property=\"og:locale\" content=\"de_DE\" \/>\n<meta property=\"og:type\" content=\"article\" \/>\n<meta property=\"og:title\" content=\"Conditions g\u00e9n\u00e9rales de vente et d\u2019utilisation - Territorial Challenges\" \/>\n<meta property=\"og:description\" content=\"1. Propri\u00e9t\u00e9 intellectuelle La publication TERRITORIAL CHALLENGES est la propri\u00e9t\u00e9 exclusive de la soci\u00e9t\u00e9 d\u2019\u00e9dition EIRL MONSIEUR NIDAM ABDI. Tous ses contenus sont prot\u00e9g\u00e9s par les lois fran\u00e7aises et internationales relatives au droit d&rsquo;auteur et \u00e0 la propri\u00e9t\u00e9 intellectuelle. Les souscriptions \u00e0 un abonnement individuel (ci-apr\u00e8s les Abonnements) n\u2019entra\u00eenent aucun transfert de droit de propri\u00e9t\u00e9 [&hellip;]\" \/>\n<meta property=\"og:url\" content=\"https:\/\/territorialchallenges.com\/de\/cguv\/\" \/>\n<meta property=\"og:site_name\" content=\"Territorial Challenges\" \/>\n<meta property=\"article:modified_time\" content=\"2023-10-10T16:22:45+00:00\" \/>\n<meta name=\"twitter:card\" content=\"summary_large_image\" \/>\n<meta name=\"twitter:label1\" content=\"Gesch\u00e4tzte Lesezeit\" \/>\n\t<meta name=\"twitter:data1\" content=\"10\u00a0Minuten\" \/>\n<script type=\"application\/ld+json\" class=\"yoast-schema-graph\">{\"@context\":\"https:\/\/schema.org\",\"@graph\":[{\"@type\":\"WebPage\",\"@id\":\"https:\/\/territorialchallenges.com\/cguv\/\",\"url\":\"https:\/\/territorialchallenges.com\/cguv\/\",\"name\":\"Conditions g\u00e9n\u00e9rales de vente et d\u2019utilisation - Territorial Challenges\",\"isPartOf\":{\"@id\":\"https:\/\/territorialchallenges.com\/#website\"},\"datePublished\":\"2019-05-13T15:54:32+00:00\",\"dateModified\":\"2023-10-10T16:22:45+00:00\",\"breadcrumb\":{\"@id\":\"https:\/\/territorialchallenges.com\/cguv\/#breadcrumb\"},\"inLanguage\":\"de\",\"potentialAction\":[{\"@type\":\"ReadAction\",\"target\":[\"https:\/\/territorialchallenges.com\/cguv\/\"]}]},{\"@type\":\"BreadcrumbList\",\"@id\":\"https:\/\/territorialchallenges.com\/cguv\/#breadcrumb\",\"itemListElement\":[{\"@type\":\"ListItem\",\"position\":1,\"name\":\"Home\",\"item\":\"https:\/\/territorialchallenges.com\/\"},{\"@type\":\"ListItem\",\"position\":2,\"name\":\"Conditions g\u00e9n\u00e9rales de vente et d\u2019utilisation\"}]},{\"@type\":\"WebSite\",\"@id\":\"https:\/\/territorialchallenges.com\/#website\",\"url\":\"https:\/\/territorialchallenges.com\/\",\"name\":\"Territorial Challenges\",\"description\":\"Veille Internationale - Strat\u00e9gie Intelligentes - Bonnes pratiques\",\"publisher\":{\"@id\":\"https:\/\/territorialchallenges.com\/#organization\"},\"potentialAction\":[{\"@type\":\"SearchAction\",\"target\":{\"@type\":\"EntryPoint\",\"urlTemplate\":\"https:\/\/territorialchallenges.com\/?s={search_term_string}\"},\"query-input\":\"required name=search_term_string\"}],\"inLanguage\":\"de\"},{\"@type\":\"Organization\",\"@id\":\"https:\/\/territorialchallenges.com\/#organization\",\"name\":\"Territorial Challenges\",\"url\":\"https:\/\/territorialchallenges.com\/\",\"logo\":{\"@type\":\"ImageObject\",\"inLanguage\":\"de\",\"@id\":\"https:\/\/territorialchallenges.com\/#\/schema\/logo\/image\/\",\"url\":\"https:\/\/territorialchallenges.com\/wp-content\/uploads\/2023\/10\/logo-1.png\",\"contentUrl\":\"https:\/\/territorialchallenges.com\/wp-content\/uploads\/2023\/10\/logo-1.png\",\"width\":1832,\"height\":576,\"caption\":\"Territorial Challenges\"},\"image\":{\"@id\":\"https:\/\/territorialchallenges.com\/#\/schema\/logo\/image\/\"}}]}<\/script>\n<!-- \/ Yoast SEO plugin. -->","yoast_head_json":{"title":"Allgemeine Verkaufs- und Nutzungsbedingungen \u2013 Territoriale Herausforderungen","robots":{"index":"index","follow":"follow","max-snippet":"max-snippet:-1","max-image-preview":"max-image-preview:large","max-video-preview":"max-video-preview:-1"},"canonical":"https:\/\/territorialchallenges.com\/de\/cguv\/","og_locale":"de_DE","og_type":"article","og_title":"Conditions g\u00e9n\u00e9rales de vente et d\u2019utilisation - Territorial Challenges","og_description":"1. Propri\u00e9t\u00e9 intellectuelle La publication TERRITORIAL CHALLENGES est la propri\u00e9t\u00e9 exclusive de la soci\u00e9t\u00e9 d\u2019\u00e9dition EIRL MONSIEUR NIDAM ABDI. Tous ses contenus sont prot\u00e9g\u00e9s par les lois fran\u00e7aises et internationales relatives au droit d&rsquo;auteur et \u00e0 la propri\u00e9t\u00e9 intellectuelle. Les souscriptions \u00e0 un abonnement individuel (ci-apr\u00e8s les Abonnements) n\u2019entra\u00eenent aucun transfert de droit de propri\u00e9t\u00e9 [&hellip;]","og_url":"https:\/\/territorialchallenges.com\/de\/cguv\/","og_site_name":"Territorial Challenges","article_modified_time":"2023-10-10T16:22:45+00:00","twitter_card":"summary_large_image","twitter_misc":{"Gesch\u00e4tzte Lesezeit":"10\u00a0Minuten"},"schema":{"@context":"https:\/\/schema.org","@graph":[{"@type":"WebPage","@id":"https:\/\/territorialchallenges.com\/cguv\/","url":"https:\/\/territorialchallenges.com\/cguv\/","name":"Allgemeine Verkaufs- und Nutzungsbedingungen \u2013 Territoriale Herausforderungen","isPartOf":{"@id":"https:\/\/territorialchallenges.com\/#website"},"datePublished":"2019-05-13T15:54:32+00:00","dateModified":"2023-10-10T16:22:45+00:00","breadcrumb":{"@id":"https:\/\/territorialchallenges.com\/cguv\/#breadcrumb"},"inLanguage":"de","potentialAction":[{"@type":"ReadAction","target":["https:\/\/territorialchallenges.com\/cguv\/"]}]},{"@type":"BreadcrumbList","@id":"https:\/\/territorialchallenges.com\/cguv\/#breadcrumb","itemListElement":[{"@type":"ListItem","position":1,"name":"Home","item":"https:\/\/territorialchallenges.com\/"},{"@type":"ListItem","position":2,"name":"Conditions g\u00e9n\u00e9rales de vente et d\u2019utilisation"}]},{"@type":"WebSite","@id":"https:\/\/territorialchallenges.com\/#website","url":"https:\/\/territorialchallenges.com\/","name":"Territoriale Herausforderungen","description":"Internationales Monitoring \u2013 Intelligente Strategien \u2013 Best Practices","publisher":{"@id":"https:\/\/territorialchallenges.com\/#organization"},"potentialAction":[{"@type":"SearchAction","target":{"@type":"EntryPoint","urlTemplate":"https:\/\/territorialchallenges.com\/?s={search_term_string}"},"query-input":"required name=search_term_string"}],"inLanguage":"de"},{"@type":"Organization","@id":"https:\/\/territorialchallenges.com\/#organization","name":"Territoriale Herausforderungen","url":"https:\/\/territorialchallenges.com\/","logo":{"@type":"ImageObject","inLanguage":"de","@id":"https:\/\/territorialchallenges.com\/#\/schema\/logo\/image\/","url":"https:\/\/territorialchallenges.com\/wp-content\/uploads\/2023\/10\/logo-1.png","contentUrl":"https:\/\/territorialchallenges.com\/wp-content\/uploads\/2023\/10\/logo-1.png","width":1832,"height":576,"caption":"Territorial Challenges"},"image":{"@id":"https:\/\/territorialchallenges.com\/#\/schema\/logo\/image\/"}}]}},"_links":{"self":[{"href":"https:\/\/territorialchallenges.com\/de\/wp-json\/wp\/v2\/pages\/83847"}],"collection":[{"href":"https:\/\/territorialchallenges.com\/de\/wp-json\/wp\/v2\/pages"}],"about":[{"href":"https:\/\/territorialchallenges.com\/de\/wp-json\/wp\/v2\/types\/page"}],"author":[{"embeddable":true,"href":"https:\/\/territorialchallenges.com\/de\/wp-json\/wp\/v2\/users\/11"}],"replies":[{"embeddable":true,"href":"https:\/\/territorialchallenges.com\/de\/wp-json\/wp\/v2\/comments?post=83847"}],"version-history":[{"count":12,"href":"https:\/\/territorialchallenges.com\/de\/wp-json\/wp\/v2\/pages\/83847\/revisions"}],"predecessor-version":[{"id":121346,"href":"https:\/\/territorialchallenges.com\/de\/wp-json\/wp\/v2\/pages\/83847\/revisions\/121346"}],"wp:attachment":[{"href":"https:\/\/territorialchallenges.com\/de\/wp-json\/wp\/v2\/media?parent=83847"}],"curies":[{"name":"wp","href":"https:\/\/api.w.org\/{rel}","templated":true}]}}