{"id":83801,"date":"2019-05-13T11:04:51","date_gmt":"2019-05-13T09:04:51","guid":{"rendered":"https:\/\/territorialchallenges.com\/?page_id=83801"},"modified":"2025-09-15T09:03:17","modified_gmt":"2025-09-15T07:03:17","slug":"a-propos","status":"publish","type":"page","link":"https:\/\/territorialchallenges.com\/de\/a-propos\/","title":{"rendered":"\u00dcber die Website"},"content":{"rendered":"<p><span class=\"font-181343\"><strong>Territoriale Herausforderungen<\/strong> ist eine digitale Ver\u00f6ffentlichung in Form einer strategischen \u00dcberwachung auf globaler Ebene, die darauf abzielt, die Ideen, \u00dcberlegungen und Projekte von Akteuren, Experten, Politikern und Industriellen im Bereich der digitalen Transformation von Territorien zu erfassen.<\/span><\/p>\n<p><span class=\"font-181343\">Erstellt im Jahr 2011 unter dem Namen<strong>\u00d6koinovatio<\/strong>, von <strong>Nidam ABDI<\/strong>, ehemaliger Journalist der nationalen Printpresse (Lib\u00e9ration, Le Point) und Entwicklungsleiter der CPMedia-Pressegruppe im Bereich Elektroger\u00e4tehersteller, <strong>Territoriale Herausforderungen<\/strong> bietet eine globale Vision der Philosophie, die auf allen Kontinenten, in jedem Land und in jeder lokalen Gemeinschaft entwickelt wurde und durch digitale Innovation bew\u00e4hrte Praktiken hervorbringt. Seit dem 26. Dezember 2011 ist diese \u00dcberwachung m\u00f6glich <strong>Nidam ABDI<\/strong> unter den 25 Influencern des sozialen Netzwerks LinkedIn ausgew\u00e4hlt zu werden, gliedert sich in 4 Themen:<\/span><\/p>\n<p><span class=\"font-181343\">Unterst\u00fctzung der Schaffung intelligenter St\u00e4dte =&gt; <strong>Intelligente Gebiete<\/strong><\/span><\/p>\n<p>Finden Sie effiziente Energiel\u00f6sungen =&gt; <strong>Energetischer \u00dcbergang<br \/>\n<\/strong><br \/>\nSchaffen Sie Innovationen in den Branchen der Zukunft =&gt; <strong>Industrie 5.0<br \/>\n<\/strong><br \/>\nErfahren Sie, wie Sie verbundene Objekte in den Gebieten effektiv nutzen =&gt; <strong>Daten\/verbundene Objekte<\/strong><\/p>","protected":false},"excerpt":{"rendered":"<p>Territorial Challenges est une publication num\u00e9rique en forme de veille strat\u00e9gique au niveau mondial qui s&rsquo;attache \u00e0 d\u00e9tecter les id\u00e9es, les r\u00e9flexions et projets des acteurs, experts, politiques et industriels de la transformation num\u00e9rique des territoires. Cr\u00e9e en 2011 sous le nom d\u2019Ecoinovatio, par Nidam ABDI, ex-journaliste de la presse \u00e9crite nationale (Lib\u00e9ration, Le Point) [&hellip;]<\/p>","protected":false},"author":11,"featured_media":0,"parent":0,"menu_order":0,"comment_status":"closed","ping_status":"closed","template":"","meta":{"pmpro_default_level":0,"footnotes":""},"blocksy_meta":"","yoast_head":"<!-- This site is optimized with the Yoast SEO plugin v21.5 - https:\/\/yoast.com\/wordpress\/plugins\/seo\/ -->\n<title>A propos du site - Territorial Challenges<\/title>\n<meta name=\"robots\" content=\"index, follow, max-snippet:-1, max-image-preview:large, max-video-preview:-1\" \/>\n<link rel=\"canonical\" href=\"https:\/\/territorialchallenges.com\/de\/a-propos\/\" \/>\n<meta property=\"og:locale\" content=\"de_DE\" \/>\n<meta property=\"og:type\" content=\"article\" \/>\n<meta property=\"og:title\" content=\"A propos du site - Territorial Challenges\" \/>\n<meta property=\"og:description\" content=\"Territorial Challenges est une publication num\u00e9rique en forme de veille strat\u00e9gique au niveau mondial qui s&rsquo;attache \u00e0 d\u00e9tecter les id\u00e9es, les r\u00e9flexions et projets des acteurs, experts, politiques et industriels de la transformation num\u00e9rique des territoires. Cr\u00e9e en 2011 sous le nom d\u2019Ecoinovatio, par Nidam ABDI, ex-journaliste de la presse \u00e9crite nationale (Lib\u00e9ration, Le Point) [&hellip;]\" \/>\n<meta property=\"og:url\" content=\"https:\/\/territorialchallenges.com\/de\/a-propos\/\" \/>\n<meta property=\"og:site_name\" content=\"Territorial Challenges\" \/>\n<meta property=\"article:modified_time\" content=\"2025-09-15T07:03:17+00:00\" \/>\n<meta name=\"twitter:card\" content=\"summary_large_image\" \/>\n<meta name=\"twitter:label1\" content=\"Gesch\u00e4tzte Lesezeit\" \/>\n\t<meta name=\"twitter:data1\" content=\"1\u00a0Minute\" \/>\n<script type=\"application\/ld+json\" class=\"yoast-schema-graph\">{\"@context\":\"https:\/\/schema.org\",\"@graph\":[{\"@type\":\"WebPage\",\"@id\":\"https:\/\/territorialchallenges.com\/a-propos\/\",\"url\":\"https:\/\/territorialchallenges.com\/a-propos\/\",\"name\":\"A propos du site - Territorial Challenges\",\"isPartOf\":{\"@id\":\"https:\/\/territorialchallenges.com\/#website\"},\"datePublished\":\"2019-05-13T09:04:51+00:00\",\"dateModified\":\"2025-09-15T07:03:17+00:00\",\"breadcrumb\":{\"@id\":\"https:\/\/territorialchallenges.com\/a-propos\/#breadcrumb\"},\"inLanguage\":\"de\",\"potentialAction\":[{\"@type\":\"ReadAction\",\"target\":[\"https:\/\/territorialchallenges.com\/a-propos\/\"]}]},{\"@type\":\"BreadcrumbList\",\"@id\":\"https:\/\/territorialchallenges.com\/a-propos\/#breadcrumb\",\"itemListElement\":[{\"@type\":\"ListItem\",\"position\":1,\"name\":\"Home\",\"item\":\"https:\/\/territorialchallenges.com\/\"},{\"@type\":\"ListItem\",\"position\":2,\"name\":\"A propos du site\"}]},{\"@type\":\"WebSite\",\"@id\":\"https:\/\/territorialchallenges.com\/#website\",\"url\":\"https:\/\/territorialchallenges.com\/\",\"name\":\"Territorial Challenges\",\"description\":\"Veille Internationale - Strat\u00e9gie Intelligentes - Bonnes pratiques\",\"publisher\":{\"@id\":\"https:\/\/territorialchallenges.com\/#organization\"},\"potentialAction\":[{\"@type\":\"SearchAction\",\"target\":{\"@type\":\"EntryPoint\",\"urlTemplate\":\"https:\/\/territorialchallenges.com\/?s={search_term_string}\"},\"query-input\":\"required name=search_term_string\"}],\"inLanguage\":\"de\"},{\"@type\":\"Organization\",\"@id\":\"https:\/\/territorialchallenges.com\/#organization\",\"name\":\"Territorial Challenges\",\"url\":\"https:\/\/territorialchallenges.com\/\",\"logo\":{\"@type\":\"ImageObject\",\"inLanguage\":\"de\",\"@id\":\"https:\/\/territorialchallenges.com\/#\/schema\/logo\/image\/\",\"url\":\"https:\/\/territorialchallenges.com\/wp-content\/uploads\/2023\/10\/logo-1.png\",\"contentUrl\":\"https:\/\/territorialchallenges.com\/wp-content\/uploads\/2023\/10\/logo-1.png\",\"width\":1832,\"height\":576,\"caption\":\"Territorial Challenges\"},\"image\":{\"@id\":\"https:\/\/territorialchallenges.com\/#\/schema\/logo\/image\/\"}}]}<\/script>\n<!-- \/ Yoast SEO plugin. -->","yoast_head_json":{"title":"A propos du site - Territorial Challenges","robots":{"index":"index","follow":"follow","max-snippet":"max-snippet:-1","max-image-preview":"max-image-preview:large","max-video-preview":"max-video-preview:-1"},"canonical":"https:\/\/territorialchallenges.com\/de\/a-propos\/","og_locale":"de_DE","og_type":"article","og_title":"A propos du site - Territorial Challenges","og_description":"Territorial Challenges est une publication num\u00e9rique en forme de veille strat\u00e9gique au niveau mondial qui s&rsquo;attache \u00e0 d\u00e9tecter les id\u00e9es, les r\u00e9flexions et projets des acteurs, experts, politiques et industriels de la transformation num\u00e9rique des territoires. Cr\u00e9e en 2011 sous le nom d\u2019Ecoinovatio, par Nidam ABDI, ex-journaliste de la presse \u00e9crite nationale (Lib\u00e9ration, Le Point) [&hellip;]","og_url":"https:\/\/territorialchallenges.com\/de\/a-propos\/","og_site_name":"Territorial Challenges","article_modified_time":"2025-09-15T07:03:17+00:00","twitter_card":"summary_large_image","twitter_misc":{"Gesch\u00e4tzte Lesezeit":"1\u00a0Minute"},"schema":{"@context":"https:\/\/schema.org","@graph":[{"@type":"WebPage","@id":"https:\/\/territorialchallenges.com\/a-propos\/","url":"https:\/\/territorialchallenges.com\/a-propos\/","name":"A propos du site - Territorial Challenges","isPartOf":{"@id":"https:\/\/territorialchallenges.com\/#website"},"datePublished":"2019-05-13T09:04:51+00:00","dateModified":"2025-09-15T07:03:17+00:00","breadcrumb":{"@id":"https:\/\/territorialchallenges.com\/a-propos\/#breadcrumb"},"inLanguage":"de","potentialAction":[{"@type":"ReadAction","target":["https:\/\/territorialchallenges.com\/a-propos\/"]}]},{"@type":"BreadcrumbList","@id":"https:\/\/territorialchallenges.com\/a-propos\/#breadcrumb","itemListElement":[{"@type":"ListItem","position":1,"name":"Home","item":"https:\/\/territorialchallenges.com\/"},{"@type":"ListItem","position":2,"name":"A propos du site"}]},{"@type":"WebSite","@id":"https:\/\/territorialchallenges.com\/#website","url":"https:\/\/territorialchallenges.com\/","name":"Territoriale Herausforderungen","description":"Internationales Monitoring \u2013 Intelligente Strategien \u2013 Best Practices","publisher":{"@id":"https:\/\/territorialchallenges.com\/#organization"},"potentialAction":[{"@type":"SearchAction","target":{"@type":"EntryPoint","urlTemplate":"https:\/\/territorialchallenges.com\/?s={search_term_string}"},"query-input":"required name=search_term_string"}],"inLanguage":"de"},{"@type":"Organization","@id":"https:\/\/territorialchallenges.com\/#organization","name":"Territoriale Herausforderungen","url":"https:\/\/territorialchallenges.com\/","logo":{"@type":"ImageObject","inLanguage":"de","@id":"https:\/\/territorialchallenges.com\/#\/schema\/logo\/image\/","url":"https:\/\/territorialchallenges.com\/wp-content\/uploads\/2023\/10\/logo-1.png","contentUrl":"https:\/\/territorialchallenges.com\/wp-content\/uploads\/2023\/10\/logo-1.png","width":1832,"height":576,"caption":"Territorial Challenges"},"image":{"@id":"https:\/\/territorialchallenges.com\/#\/schema\/logo\/image\/"}}]}},"_links":{"self":[{"href":"https:\/\/territorialchallenges.com\/de\/wp-json\/wp\/v2\/pages\/83801"}],"collection":[{"href":"https:\/\/territorialchallenges.com\/de\/wp-json\/wp\/v2\/pages"}],"about":[{"href":"https:\/\/territorialchallenges.com\/de\/wp-json\/wp\/v2\/types\/page"}],"author":[{"embeddable":true,"href":"https:\/\/territorialchallenges.com\/de\/wp-json\/wp\/v2\/users\/11"}],"replies":[{"embeddable":true,"href":"https:\/\/territorialchallenges.com\/de\/wp-json\/wp\/v2\/comments?post=83801"}],"version-history":[{"count":12,"href":"https:\/\/territorialchallenges.com\/de\/wp-json\/wp\/v2\/pages\/83801\/revisions"}],"predecessor-version":[{"id":124906,"href":"https:\/\/territorialchallenges.com\/de\/wp-json\/wp\/v2\/pages\/83801\/revisions\/124906"}],"wp:attachment":[{"href":"https:\/\/territorialchallenges.com\/de\/wp-json\/wp\/v2\/media?parent=83801"}],"curies":[{"name":"wp","href":"https:\/\/api.w.org\/{rel}","templated":true}]}}