{"id":22,"date":"2019-03-05T12:02:12","date_gmt":"2019-03-05T11:02:12","guid":{"rendered":"https:\/\/territorialchallenges.com\/?page_id=22"},"modified":"2023-11-19T18:37:53","modified_gmt":"2023-11-19T17:37:53","slug":"abonnement","status":"publish","type":"page","link":"https:\/\/territorialchallenges.com\/de\/abonnement\/","title":{"rendered":"W\u00c4HLEN SIE DIE FORMEL, DIE IHREN BED\u00dcRFNISSEN AM BESTEN ANGEPASST IST"},"content":{"rendered":"<p><\/p>\n\n\n\n<p><a href=\"https:\/\/www.legisocial.fr\/actualites-sociales\/011-imputer-depenses-abonnements-revues-specialises-sur-contribution-formation-professionnelle-continue.html\"><\/a><\/p>\n\n\n\n<div style=\"max-width: 50%; display: flex; flex-direction: column; align-items: center; justify-content: center;\">\n  \n    <p style=\"text-align: center\">\n      <span style=\"text-align: center;\"\n        >Abonnements f\u00fcr Websites mit technischen und beruflichen Informationen sind Teil der Haushaltsausgaben f\u00fcr die Berufsausbildung.<\/span\n>\n      <a\n        style=\"font-size: 1.3rem; color: #56b67b\"\n        href=\"https:\/\/www.legisocial.fr\/actualites-sociales\/011-imputer-depenses-abonnements-revues-specialises-sur-contribution-formation-professionnelle-continue.html\"\n        ><i class=\"fa fa-info-circle\"><\/i\n><\/a>\n    <\/p>\n  \n     <p style=\"text-align: center\">\n      <span style=\"text-align: center;\"\n        >F\u00fcr weitere Informationen wenden Sie sich bitte an unsere Verkaufsabteilung\n<ul>\n<li>Email:&nbsp;<a href=\"mailto:client@territorialchallenges.com\" style=\"text-align: center;\" target=\"_blank\" rel=\"noopener noreferrer\">contact@territorialchallenges.<wbr \/>com<\/a><\/li>\n<li>Handy, Mobiltelefon:&nbsp;<a href=\"tel:+33769946436\" style=\"text-align: center;\" target=\"_blank\" rel=\"noopener noreferrer\"> +33(0)7.69.94.64.36<\/a><\/li>\n<li>Fest:&nbsp;<a href=\"tel:+33955380959\" style=\"text-align: center;\" target=\"_blank\" rel=\"noopener noreferrer\"> +33(0).9.55.38.09.59 <\/a><\/li>\n<\/ul>\n<\/span>\n      \n    <\/p>\n\n    <p style=\"text-align: center\">\n      <span style=\"text-align: center;\"\n        >Sie k\u00f6nnen Ihr Abonnement sicher per Kreditkarte bezahlen <b>(Visa, Carte Bleue, Mastercard)<b><\/span\n>\n    <\/p>\n  \n<\/div>\n\n\n<div style=\"width: 100%; overflow-x: scroll !important;\">\n<div class=\"table-subscription\">\n<div class=\"subscription-header-item empty\">\u00a0<\/div>\n<div class=\"subscription-header-item\">Thematisch<\/div>\n<div class=\"subscription-header-item\">Erkundung<\/div>\n<div class=\"subscription-header-item main_offer\">Integral <span class=\"topVenteStick\"> <i class=\"fa fa-star fa-topVenteStick-icon\"><\/i>TOP-VERKAUF<i class=\"fa fa-star fa-topVenteStick-icon\"><\/i> <\/span><\/div>\n<div class=\"subscription-item\">Preise<\/div>\n<div class=\"subscription-item\">450\u20ac<\/div>\n<div class=\"subscription-item\">450\u20ac<\/div>\n<div class=\"subscription-item main_offer\">1499\u20ac<\/div>\n<div class=\"subscription-item\">Dauer des Engagements<\/div>\n<div class=\"subscription-item\">J\u00e4hrlich<\/div>\n<div class=\"subscription-item\">Quartal<\/div>\n<div class=\"subscription-item main_offer\">J\u00e4hrlich<\/div>\n<div class=\"subscription-item\">Thematisch:\n<ul>\n<li>Intelligente Gebiete<\/li>\n<li>Energetischer \u00dcbergang<\/li>\n<li>Industrie 4.0<\/li>\n<li>Daten\/verbundene Objekte<\/li>\n<\/ul>\n<\/div>\n<div class=\"subscription-item\">1 Ihrer Wahl<\/div>\n<div class=\"subscription-item\">4<\/div>\n<div class=\"subscription-item main_offer\">4<\/div>\n<div class=\"subscription-item\">K\u00fcndigung des Abonnements<\/div>\n<div class=\"subscription-item\"><i class=\"fa fa-check fa-subscription-item-icon\" ><\/i><\/div>\n<div class=\"subscription-item\"><i class=\"fa fa-check fa-subscription-item-icon\" ><\/i><\/div>\n<div class=\"subscription-item main_offer\"><i class=\"fa fa-check fa-subscription-item-icon\" ><\/i><\/div>\n<div class=\"subscription-item\">1. Monat kostenlos<\/div>\n<div class=\"subscription-item\"><i class=\"fa fa-check fa-subscription-item-icon\" ><\/i><\/div>\n<div class=\"subscription-item\"><i class=\"fa fa-check fa-subscription-item-icon\" ><\/i><\/div>\n<div class=\"subscription-item main_offer\"><i class=\"fa fa-check fa-subscription-item-icon\" ><\/i><\/div>\n<div class=\"subscription-item\">Videozugang, Newsletter-Archiv<\/div>\n<div class=\"subscription-item\"><i class=\"fa fa-check fa-subscription-item-icon\" ><\/i><\/div>\n<div class=\"subscription-item\"><i class=\"fa fa-check fa-subscription-item-icon\" ><\/i><\/div>\n<div class=\"subscription-item main_offer last-line\"><i class=\"fa fa-check fa-subscription-item-icon\" ><\/i><\/div>\n<div class=\"subscription-item\">\u00a0<\/div>\n<div class=\"subscription-item\"><a class=\"ct-button\" href=\"\/de\/choix-des-abonnements\/\">Abonnieren<\/a><\/div>\n<div class=\"subscription-item\"><a class=\"ct-button\" href=\"\/de\/compte-dadherent\/paiement-dadhesion\/?level=8\">Abonnieren<\/a><\/div>\n<div class=\"subscription-item\"><a class=\"ct-button\" href=\"\/de\/compte-dadherent\/paiement-dadhesion\/?level=6\">Abonnieren<\/a><\/div>\n<\/div>\n<\/div>","protected":false},"excerpt":{"rendered":"<p>Les abonnements \u00e0 des sites web d\u2019informations techniques et professionnelles, rentrent dans le cadre des d\u00e9penses du budget allou\u00e9es \u00e0 la formation professionnelle. Pour tout renseignement n\u2019h\u00e9sitez pas \u00e0 contacter notre service commercial Courriel:&nbsp;contact@territorialchallenges.com Mobile:&nbsp; +33(0)7.69.94.64.36 Fixe:&nbsp; +33(0).9.55.38.09.59 Vous pouvez r\u00e9gler votre abonnement en toute s\u00e9curit\u00e9 par carte bancaire (Visa, Carte Bleue, Mastercard) \u00a0 Th\u00e9matique [&hellip;]<\/p>","protected":false},"author":11,"featured_media":0,"parent":0,"menu_order":0,"comment_status":"closed","ping_status":"closed","template":"","meta":{"pmpro_default_level":0,"footnotes":""},"blocksy_meta":{"disable_featured_image":"yes","disable_share_box":"yes","disable_header":"no","disable_footer":"no","styles_descriptor":{"styles":{"desktop":"","tablet":"","mobile":""},"google_fonts":[],"version":5},"page_structure_type":"type-3"},"yoast_head":"<!-- This site is optimized with the Yoast SEO plugin v21.5 - https:\/\/yoast.com\/wordpress\/plugins\/seo\/ -->\n<title>CHOISISSEZ LA FORMULE LA PLUS ADAPT\u00c9E\u00a0A VOS BESOINS - Territorial Challenges<\/title>\n<meta name=\"robots\" content=\"index, follow, max-snippet:-1, max-image-preview:large, max-video-preview:-1\" \/>\n<link rel=\"canonical\" href=\"https:\/\/territorialchallenges.com\/de\/abonnement\/\" \/>\n<meta property=\"og:locale\" content=\"de_DE\" \/>\n<meta property=\"og:type\" content=\"article\" \/>\n<meta property=\"og:title\" content=\"CHOISISSEZ LA FORMULE LA PLUS ADAPT\u00c9E\u00a0A VOS BESOINS - Territorial Challenges\" \/>\n<meta property=\"og:description\" content=\"Les abonnements \u00e0 des sites web d\u2019informations techniques et professionnelles, rentrent dans le cadre des d\u00e9penses du budget allou\u00e9es \u00e0 la formation professionnelle. Pour tout renseignement n\u2019h\u00e9sitez pas \u00e0 contacter notre service commercial Courriel:&nbsp;contact@territorialchallenges.com Mobile:&nbsp; +33(0)7.69.94.64.36 Fixe:&nbsp; +33(0).9.55.38.09.59 Vous pouvez r\u00e9gler votre abonnement en toute s\u00e9curit\u00e9 par carte bancaire (Visa, Carte Bleue, Mastercard) \u00a0 Th\u00e9matique [&hellip;]\" \/>\n<meta property=\"og:url\" content=\"https:\/\/territorialchallenges.com\/de\/abonnement\/\" \/>\n<meta property=\"og:site_name\" content=\"Territorial Challenges\" \/>\n<meta property=\"article:modified_time\" content=\"2023-11-19T17:37:53+00:00\" \/>\n<meta name=\"twitter:card\" content=\"summary_large_image\" \/>\n<meta name=\"twitter:label1\" content=\"Gesch\u00e4tzte Lesezeit\" \/>\n\t<meta name=\"twitter:data1\" content=\"1\u00a0Minute\" \/>\n<script type=\"application\/ld+json\" class=\"yoast-schema-graph\">{\"@context\":\"https:\/\/schema.org\",\"@graph\":[{\"@type\":\"WebPage\",\"@id\":\"https:\/\/territorialchallenges.com\/abonnement\/\",\"url\":\"https:\/\/territorialchallenges.com\/abonnement\/\",\"name\":\"CHOISISSEZ LA FORMULE LA PLUS ADAPT\u00c9E\u00a0A VOS BESOINS - Territorial Challenges\",\"isPartOf\":{\"@id\":\"https:\/\/territorialchallenges.com\/#website\"},\"datePublished\":\"2019-03-05T11:02:12+00:00\",\"dateModified\":\"2023-11-19T17:37:53+00:00\",\"breadcrumb\":{\"@id\":\"https:\/\/territorialchallenges.com\/abonnement\/#breadcrumb\"},\"inLanguage\":\"de\",\"potentialAction\":[{\"@type\":\"ReadAction\",\"target\":[\"https:\/\/territorialchallenges.com\/abonnement\/\"]}]},{\"@type\":\"BreadcrumbList\",\"@id\":\"https:\/\/territorialchallenges.com\/abonnement\/#breadcrumb\",\"itemListElement\":[{\"@type\":\"ListItem\",\"position\":1,\"name\":\"Home\",\"item\":\"https:\/\/territorialchallenges.com\/\"},{\"@type\":\"ListItem\",\"position\":2,\"name\":\"CHOISISSEZ LA FORMULE LA PLUS ADAPT\u00c9E\u00a0A VOS BESOINS\"}]},{\"@type\":\"WebSite\",\"@id\":\"https:\/\/territorialchallenges.com\/#website\",\"url\":\"https:\/\/territorialchallenges.com\/\",\"name\":\"Territorial Challenges\",\"description\":\"Veille Internationale - Strat\u00e9gie Intelligentes - Bonnes pratiques\",\"publisher\":{\"@id\":\"https:\/\/territorialchallenges.com\/#organization\"},\"potentialAction\":[{\"@type\":\"SearchAction\",\"target\":{\"@type\":\"EntryPoint\",\"urlTemplate\":\"https:\/\/territorialchallenges.com\/?s={search_term_string}\"},\"query-input\":\"required name=search_term_string\"}],\"inLanguage\":\"de\"},{\"@type\":\"Organization\",\"@id\":\"https:\/\/territorialchallenges.com\/#organization\",\"name\":\"Territorial Challenges\",\"url\":\"https:\/\/territorialchallenges.com\/\",\"logo\":{\"@type\":\"ImageObject\",\"inLanguage\":\"de\",\"@id\":\"https:\/\/territorialchallenges.com\/#\/schema\/logo\/image\/\",\"url\":\"https:\/\/territorialchallenges.com\/wp-content\/uploads\/2023\/10\/logo-1.png\",\"contentUrl\":\"https:\/\/territorialchallenges.com\/wp-content\/uploads\/2023\/10\/logo-1.png\",\"width\":1832,\"height\":576,\"caption\":\"Territorial Challenges\"},\"image\":{\"@id\":\"https:\/\/territorialchallenges.com\/#\/schema\/logo\/image\/\"}}]}<\/script>\n<!-- \/ Yoast SEO plugin. -->","yoast_head_json":{"title":"CHOISISSEZ LA FORMULE LA PLUS ADAPT\u00c9E\u00a0A VOS BESOINS - Territorial Challenges","robots":{"index":"index","follow":"follow","max-snippet":"max-snippet:-1","max-image-preview":"max-image-preview:large","max-video-preview":"max-video-preview:-1"},"canonical":"https:\/\/territorialchallenges.com\/de\/abonnement\/","og_locale":"de_DE","og_type":"article","og_title":"CHOISISSEZ LA FORMULE LA PLUS ADAPT\u00c9E\u00a0A VOS BESOINS - Territorial Challenges","og_description":"Les abonnements \u00e0 des sites web d\u2019informations techniques et professionnelles, rentrent dans le cadre des d\u00e9penses du budget allou\u00e9es \u00e0 la formation professionnelle. Pour tout renseignement n\u2019h\u00e9sitez pas \u00e0 contacter notre service commercial Courriel:&nbsp;contact@territorialchallenges.com Mobile:&nbsp; +33(0)7.69.94.64.36 Fixe:&nbsp; +33(0).9.55.38.09.59 Vous pouvez r\u00e9gler votre abonnement en toute s\u00e9curit\u00e9 par carte bancaire (Visa, Carte Bleue, Mastercard) \u00a0 Th\u00e9matique [&hellip;]","og_url":"https:\/\/territorialchallenges.com\/de\/abonnement\/","og_site_name":"Territorial Challenges","article_modified_time":"2023-11-19T17:37:53+00:00","twitter_card":"summary_large_image","twitter_misc":{"Gesch\u00e4tzte Lesezeit":"1\u00a0Minute"},"schema":{"@context":"https:\/\/schema.org","@graph":[{"@type":"WebPage","@id":"https:\/\/territorialchallenges.com\/abonnement\/","url":"https:\/\/territorialchallenges.com\/abonnement\/","name":"CHOISISSEZ LA FORMULE LA PLUS ADAPT\u00c9E\u00a0A VOS BESOINS - Territorial Challenges","isPartOf":{"@id":"https:\/\/territorialchallenges.com\/#website"},"datePublished":"2019-03-05T11:02:12+00:00","dateModified":"2023-11-19T17:37:53+00:00","breadcrumb":{"@id":"https:\/\/territorialchallenges.com\/abonnement\/#breadcrumb"},"inLanguage":"de","potentialAction":[{"@type":"ReadAction","target":["https:\/\/territorialchallenges.com\/abonnement\/"]}]},{"@type":"BreadcrumbList","@id":"https:\/\/territorialchallenges.com\/abonnement\/#breadcrumb","itemListElement":[{"@type":"ListItem","position":1,"name":"Home","item":"https:\/\/territorialchallenges.com\/"},{"@type":"ListItem","position":2,"name":"CHOISISSEZ LA FORMULE LA PLUS ADAPT\u00c9E\u00a0A VOS BESOINS"}]},{"@type":"WebSite","@id":"https:\/\/territorialchallenges.com\/#website","url":"https:\/\/territorialchallenges.com\/","name":"Territoriale Herausforderungen","description":"Internationales Monitoring \u2013 Intelligente Strategien \u2013 Best Practices","publisher":{"@id":"https:\/\/territorialchallenges.com\/#organization"},"potentialAction":[{"@type":"SearchAction","target":{"@type":"EntryPoint","urlTemplate":"https:\/\/territorialchallenges.com\/?s={search_term_string}"},"query-input":"required name=search_term_string"}],"inLanguage":"de"},{"@type":"Organization","@id":"https:\/\/territorialchallenges.com\/#organization","name":"Territoriale Herausforderungen","url":"https:\/\/territorialchallenges.com\/","logo":{"@type":"ImageObject","inLanguage":"de","@id":"https:\/\/territorialchallenges.com\/#\/schema\/logo\/image\/","url":"https:\/\/territorialchallenges.com\/wp-content\/uploads\/2023\/10\/logo-1.png","contentUrl":"https:\/\/territorialchallenges.com\/wp-content\/uploads\/2023\/10\/logo-1.png","width":1832,"height":576,"caption":"Territorial Challenges"},"image":{"@id":"https:\/\/territorialchallenges.com\/#\/schema\/logo\/image\/"}}]}},"_links":{"self":[{"href":"https:\/\/territorialchallenges.com\/de\/wp-json\/wp\/v2\/pages\/22"}],"collection":[{"href":"https:\/\/territorialchallenges.com\/de\/wp-json\/wp\/v2\/pages"}],"about":[{"href":"https:\/\/territorialchallenges.com\/de\/wp-json\/wp\/v2\/types\/page"}],"author":[{"embeddable":true,"href":"https:\/\/territorialchallenges.com\/de\/wp-json\/wp\/v2\/users\/11"}],"replies":[{"embeddable":true,"href":"https:\/\/territorialchallenges.com\/de\/wp-json\/wp\/v2\/comments?post=22"}],"version-history":[{"count":89,"href":"https:\/\/territorialchallenges.com\/de\/wp-json\/wp\/v2\/pages\/22\/revisions"}],"predecessor-version":[{"id":121777,"href":"https:\/\/territorialchallenges.com\/de\/wp-json\/wp\/v2\/pages\/22\/revisions\/121777"}],"wp:attachment":[{"href":"https:\/\/territorialchallenges.com\/de\/wp-json\/wp\/v2\/media?parent=22"}],"curies":[{"name":"wp","href":"https:\/\/api.w.org\/{rel}","templated":true}]}}